{"id":697396,"date":"2025-08-27T14:39:46","date_gmt":"2025-08-27T11:39:46","guid":{"rendered":"https:\/\/roveyayinevi.com.tr\/index.php\/urun\/dogu-ve-guneydogu-anadolunun-dil-atlasi\/"},"modified":"2026-04-16T02:07:13","modified_gmt":"2026-04-15T23:07:13","slug":"dogu-ve-guneydogu-anadolunun-dil-atlasi","status":"publish","type":"product","link":"https:\/\/roveyayinevi.com.tr\/index.php\/urun\/dogu-ve-guneydogu-anadolunun-dil-atlasi\/","title":{"rendered":"Do\u011fu ve G\u00fcneydo\u011fu Anadolu\u2019nun Dil Atlas\u0131"},"content":{"rendered":"<p>Do\u011fu ve G\u00fcneydo\u011fu Anadolu b\u00f6lgesi dil ve kimlik tart\u0131\u015fmalar\u0131na sahne olan bir b\u00f6lgemizdir. Haritada da g\u00f6r\u00fcld\u00fc\u011f\u00fc gibi b\u00f6lgede tek bir dilin kesin h\u00e2kimiyeti yoktur. T\u00fcrk\u00e7e, K\u00fcrt\u00e7e, Zazaca, Arap\u00e7a, S\u00fcryanice, Ermenice, \u00c7erkezce gibi diller, yer yer de\u011fi\u015fik miktarda ve de\u011fi\u015fik bi\u00e7imde kullan\u0131lmaktad\u0131r. Fakat T\u00fcrkiye&#8217;nin b\u00fcy\u00fck bir b\u00f6l\u00fcm\u00fcnde T\u00fcrk\u00e7enin kesintisiz hakimiyeti s\u00f6z konusu iken, \u00f6zellikle Do\u011fu ve G\u00fcneydo\u011fu Anadolu b\u00f6lgesinde, dillerin co\u011frafi da\u011f\u0131l\u0131m\u0131 \u00f6ylesine karma\u015f\u0131kt\u0131r ki, neredeyse homojen dil b\u00f6lgeleri \u00e7izmek imk\u00e2ns\u0131zla\u015fmaktad\u0131r.  Bug\u00fcn b\u00f6lge n\u00fcfusunun % 85-90&#8217;\u0131 T\u00fcrk\u00e7eyi anlamakta ve konu\u015fmaktad\u0131r. \u015eehir ve il\u00e7e merkezlerinde daha yo\u011fun olmak \u00fczere T\u00fcrk\u00e7e b\u00f6lgedeki en b\u00fcy\u00fck ortak anla\u015fma vas\u0131tas\u0131d\u0131r. Dolay\u0131s\u0131yla b\u00f6lge halk\u0131n\u0131n b\u00fcy\u00fck bir b\u00f6l\u00fcm\u00fc iki dillidir. T\u00fcrk\u00e7eden ba\u015fka s\u0131ras\u0131yla K\u00fcrt\u00e7e, Zazaca, Arap\u00e7a, S\u00fcryanice, Ermenice, \u00c7erkezce gibi diller takip eder. Bu harita, b\u00f6lgede ya\u015fayan dilleri \u00f6zellikle i\u015flevselli\u011fi, kullan\u0131m s\u0131kl\u0131\u011f\u0131 ve g\u00fcnl\u00fck ileti\u015fim dili olu\u015fu bak\u0131m\u0131ndan ele almaktad\u0131r. <\/p>\n","protected":false},"excerpt":{"rendered":"<p>Do\u011fu ve G\u00fcneydo\u011fu Anadolu b\u00f6lgesi dil ve kimlik tart\u0131\u015fmalar\u0131na sahne olan bir b\u00f6lgemizdir. Haritada da g\u00f6r\u00fcld\u00fc\u011f\u00fc gibi b\u00f6lgede tek bir dilin kesin h\u00e2kimiyeti yoktur. T\u00fcrk\u00e7e, K\u00fcrt\u00e7e,<span class=\"excerpt-hellip\"> [\u2026]<\/span><\/p>\n","protected":false},"featured_media":0,"template":"","meta":{"_monsterinsights_skip_tracking":false,"_monsterinsights_sitenote_active":false,"_monsterinsights_sitenote_note":"","_monsterinsights_sitenote_category":0},"product_brand":[],"product_cat":[20225,12291],"product_tag":[],"class_list":{"0":"post-697396","1":"product","2":"type-product","3":"status-publish","5":"product_cat-dil-bilim","6":"product_cat-edebiyat","7":"pa_cilt-ciltsiz","8":"pa_tur-kitap","9":"pa_yayinevi-biyografi-net-yayincilik","10":"pa_yazar-ahmet-buran","12":"first","13":"instock","14":"sale","15":"shipping-taxable","16":"purchasable","17":"product-type-simple"},"_links":{"self":[{"href":"https:\/\/roveyayinevi.com.tr\/index.php\/wp-json\/wp\/v2\/product\/697396","targetHints":{"allow":["GET"]}}],"collection":[{"href":"https:\/\/roveyayinevi.com.tr\/index.php\/wp-json\/wp\/v2\/product"}],"about":[{"href":"https:\/\/roveyayinevi.com.tr\/index.php\/wp-json\/wp\/v2\/types\/product"}],"wp:attachment":[{"href":"https:\/\/roveyayinevi.com.tr\/index.php\/wp-json\/wp\/v2\/media?parent=697396"}],"wp:term":[{"taxonomy":"product_brand","embeddable":true,"href":"https:\/\/roveyayinevi.com.tr\/index.php\/wp-json\/wp\/v2\/product_brand?post=697396"},{"taxonomy":"product_cat","embeddable":true,"href":"https:\/\/roveyayinevi.com.tr\/index.php\/wp-json\/wp\/v2\/product_cat?post=697396"},{"taxonomy":"product_tag","embeddable":true,"href":"https:\/\/roveyayinevi.com.tr\/index.php\/wp-json\/wp\/v2\/product_tag?post=697396"}],"curies":[{"name":"wp","href":"https:\/\/api.w.org\/{rel}","templated":true}]}}