{"id":697395,"date":"2025-08-27T14:39:46","date_gmt":"2025-08-27T11:39:46","guid":{"rendered":"https:\/\/roveyayinevi.com.tr\/index.php\/urun\/kart-kurt-sesleri-bedirhaniler\/"},"modified":"2026-04-16T02:07:13","modified_gmt":"2026-04-15T23:07:13","slug":"kart-kurt-sesleri-bedirhaniler","status":"publish","type":"product","link":"https:\/\/roveyayinevi.com.tr\/index.php\/urun\/kart-kurt-sesleri-bedirhaniler\/","title":{"rendered":"Kart Kurt Sesleri &#8211; Bedirhaniler"},"content":{"rendered":"<p>Atat\u00fcrk d\u00f6nemi Milli E\u011fitim Bakan\u0131 Vas\u0131f \u00c7\u0131nar, Paris&#8217;teki K\u00fcrt Enstit\u00fcs\u00fc Ba\u015fkan\u0131 Kamuran Bedirhan, Latin alfabesiyle K\u00fcrt\u00e7e grameri yazan Celadet Bedirhan, T\u00fcrk\u00e7e \u0130badet kitab\u0131 yazar\u0131 Cemal Kutay, T\u00fcrk D\u0131\u015fi\u015fleri Bakanlar\u0131ndan Emre G\u00f6nensay, Galatasaray Spor Kul\u00fcb\u00fc Ba\u015fkanlar\u0131ndan Tevfik Ali \u00c7\u0131nar, senarist Ay\u015fe \u015easa, Atat\u00fcrk\u00e7\u00fc Cumhuriyet\u00e7i G\u00fcven Partisi&#8217;nin Kad\u0131n Kolu Ba\u015fkan\u0131 Meziyet \u00c7\u0131nar Bedirhan Ailesinin torunlar\u0131\/\u0130brahim Alaeddin G\u00f6vsa, Fatin R\u00fc\u015ft\u00fc Zorlu&#8217;nun Musa Anter&#8217;in kay\u0131npederi Abdurrahim Zapsu, \u00dcrd\u00fcn Kral\u0131 H\u00fcseyin&#8217;in amcas\u0131na o\u011flu Rakan Ha\u015fimi ve Cenap \u015eahabettin ailenin damatlar\u0131, S\u00fcleyman Nazif ailenin d\u00fcn\u00fcr\u00fc, Halide Edip Bedirhan ailesinden Ali \u015eamil Pa\u015fa&#8217;n\u0131n \u00fcvey k\u0131z\u0131, Naz\u0131m Hikmet Kamuran Bedirhan&#8217;\u0131n s\u00fct kade\u015fi Te\u015fkilat-\u0131 Mahsusa Reisi E\u015fref Sencer Ku\u015f\u00e7uba\u015f\u0131&#8217;n\u0131n teyzesinin k\u0131z\u0131 Bedirhan Bey&#8217;in o\u011flu Bedri Pa\u015fa&#8217;n\u0131n han\u0131m\u0131\/K\u00fcrt Teali Cemiyeti Ba\u015fkan\u0131 Emin Ali Bey, Bedirhan Bey&#8217;in o\u011flu. <\/p>\n","protected":false},"excerpt":{"rendered":"<p>Atat\u00fcrk d\u00f6nemi Milli E\u011fitim Bakan\u0131 Vas\u0131f \u00c7\u0131nar, Paris&#8217;teki K\u00fcrt Enstit\u00fcs\u00fc Ba\u015fkan\u0131 Kamuran Bedirhan, Latin alfabesiyle K\u00fcrt\u00e7e grameri yazan Celadet Bedirhan, T\u00fcrk\u00e7e \u0130badet kitab\u0131 yazar\u0131 Cemal Kutay,<span class=\"excerpt-hellip\"> [\u2026]<\/span><\/p>\n","protected":false},"featured_media":0,"template":"","meta":{"_monsterinsights_skip_tracking":false,"_monsterinsights_sitenote_active":false,"_monsterinsights_sitenote_note":"","_monsterinsights_sitenote_category":0},"product_brand":[],"product_cat":[12370,12304],"product_tag":[],"class_list":{"0":"post-697395","1":"product","2":"type-product","3":"status-publish","5":"product_cat-arastirma-inceleme","6":"product_cat-tarih","7":"pa_cilt-ciltsiz","8":"pa_tur-kitap","9":"pa_yayinevi-biyografi-net-yayincilik","10":"pa_yazar-mahmut-cetin","12":"first","13":"instock","14":"sale","15":"shipping-taxable","16":"purchasable","17":"product-type-simple"},"_links":{"self":[{"href":"https:\/\/roveyayinevi.com.tr\/index.php\/wp-json\/wp\/v2\/product\/697395","targetHints":{"allow":["GET"]}}],"collection":[{"href":"https:\/\/roveyayinevi.com.tr\/index.php\/wp-json\/wp\/v2\/product"}],"about":[{"href":"https:\/\/roveyayinevi.com.tr\/index.php\/wp-json\/wp\/v2\/types\/product"}],"wp:attachment":[{"href":"https:\/\/roveyayinevi.com.tr\/index.php\/wp-json\/wp\/v2\/media?parent=697395"}],"wp:term":[{"taxonomy":"product_brand","embeddable":true,"href":"https:\/\/roveyayinevi.com.tr\/index.php\/wp-json\/wp\/v2\/product_brand?post=697395"},{"taxonomy":"product_cat","embeddable":true,"href":"https:\/\/roveyayinevi.com.tr\/index.php\/wp-json\/wp\/v2\/product_cat?post=697395"},{"taxonomy":"product_tag","embeddable":true,"href":"https:\/\/roveyayinevi.com.tr\/index.php\/wp-json\/wp\/v2\/product_tag?post=697395"}],"curies":[{"name":"wp","href":"https:\/\/api.w.org\/{rel}","templated":true}]}}