{"id":697392,"date":"2025-08-27T14:39:45","date_gmt":"2025-08-27T11:39:45","guid":{"rendered":"https:\/\/roveyayinevi.com.tr\/index.php\/urun\/afacanlar-okulda-galaksi-hanimin-uzay-dersleri\/"},"modified":"2026-04-16T02:07:13","modified_gmt":"2026-04-15T23:07:13","slug":"afacanlar-okulda-galaksi-hanimin-uzay-dersleri","status":"publish","type":"product","link":"https:\/\/roveyayinevi.com.tr\/index.php\/urun\/afacanlar-okulda-galaksi-hanimin-uzay-dersleri\/","title":{"rendered":"Afacanlar Okulda &#8211; Galaksi Han\u0131m\u2019\u0131n Uzay Dersleri"},"content":{"rendered":"<p>Afacanlar Okulda serisi, bilimsel konular\u0131 e\u011flenerek \u00f6\u011frenmek isteyen \u00e7ocuklara g\u00f6re&#8230; \u00d6yle bir okul d\u00fc\u015f\u00fcn\u00fcn ki, \u00f6\u011fretmenleri sihirli g\u00fc\u00e7lere sahip&#8230; Bu sihrin etkisiyle dersler, \u00e7ok daha renkli ge\u00e7iyor. Uzay dersini i\u015flerken kendinizi bir anda Ay\u2019da bulabilir ya da dinozorlar\u0131 i\u015flerken onlarla y\u00fcz y\u00fcze gelebilirsiniz! Afacanlar Okulda dizisinin ilk kitab\u0131 Galaksi Han\u0131m\u2019\u0131n Uzay Dersleri nde 5-B s\u0131n\u0131f\u0131, gezegen \u015feklindeki \u00f6\u011fretmenleriyle G\u00fcne\u015f Sistemi\u2019nde bir geziye \u00e7\u0131k\u0131yor. Hem de derslerini, i\u015fledikleri gezegenlerde yaparak! \u00dcstelik kara deli\u011fe girmenin neye benzedi\u011fini de deneyerek \u00f6\u011freniyorlar!<\/p>\n","protected":false},"excerpt":{"rendered":"<p>Afacanlar Okulda serisi, bilimsel konular\u0131 e\u011flenerek \u00f6\u011frenmek isteyen \u00e7ocuklara g\u00f6re&#8230; \u00d6yle bir okul d\u00fc\u015f\u00fcn\u00fcn ki, \u00f6\u011fretmenleri sihirli g\u00fc\u00e7lere sahip&#8230; Bu sihrin etkisiyle dersler, \u00e7ok daha renkli<span class=\"excerpt-hellip\"> [\u2026]<\/span><\/p>\n","protected":false},"featured_media":0,"template":"","meta":{"_monsterinsights_skip_tracking":false,"_monsterinsights_sitenote_active":false,"_monsterinsights_sitenote_note":"","_monsterinsights_sitenote_category":0},"product_brand":[],"product_cat":[12274,12284],"product_tag":[],"class_list":{"0":"post-697392","1":"product","2":"type-product","3":"status-publish","5":"product_cat-cocuk-ve-genclik-kitaplari","6":"product_cat-hikayeler","7":"pa_tur-kitap","8":"pa_yayinevi-beyaz-balina-yayinlari","9":"pa_yazar-phil-roxbee-cox","11":"first","12":"instock","13":"sale","14":"shipping-taxable","15":"purchasable","16":"product-type-simple"},"_links":{"self":[{"href":"https:\/\/roveyayinevi.com.tr\/index.php\/wp-json\/wp\/v2\/product\/697392","targetHints":{"allow":["GET"]}}],"collection":[{"href":"https:\/\/roveyayinevi.com.tr\/index.php\/wp-json\/wp\/v2\/product"}],"about":[{"href":"https:\/\/roveyayinevi.com.tr\/index.php\/wp-json\/wp\/v2\/types\/product"}],"wp:attachment":[{"href":"https:\/\/roveyayinevi.com.tr\/index.php\/wp-json\/wp\/v2\/media?parent=697392"}],"wp:term":[{"taxonomy":"product_brand","embeddable":true,"href":"https:\/\/roveyayinevi.com.tr\/index.php\/wp-json\/wp\/v2\/product_brand?post=697392"},{"taxonomy":"product_cat","embeddable":true,"href":"https:\/\/roveyayinevi.com.tr\/index.php\/wp-json\/wp\/v2\/product_cat?post=697392"},{"taxonomy":"product_tag","embeddable":true,"href":"https:\/\/roveyayinevi.com.tr\/index.php\/wp-json\/wp\/v2\/product_tag?post=697392"}],"curies":[{"name":"wp","href":"https:\/\/api.w.org\/{rel}","templated":true}]}}