{"id":697391,"date":"2025-08-27T14:39:45","date_gmt":"2025-08-27T11:39:45","guid":{"rendered":"https:\/\/roveyayinevi.com.tr\/index.php\/urun\/bogazdaki-asiret\/"},"modified":"2026-04-16T02:07:13","modified_gmt":"2026-04-15T23:07:13","slug":"bogazdaki-asiret","status":"publish","type":"product","link":"https:\/\/roveyayinevi.com.tr\/index.php\/urun\/bogazdaki-asiret\/","title":{"rendered":"Bo\u011faz&#8217;daki A\u015firet"},"content":{"rendered":"<p>&#8220;Bo\u011fazdaki A\u015firet&#8221; ba\u015fl\u0131\u011f\u0131, ister istemez &#8220;Bo\u011faz Neresi&#8221; ve &#8220;A\u015firet Kim&#8221; sorular\u0131n\u0131 akla getiriyor. Evet Bo\u011faz, bildi\u011fimiz Bo\u011fazi\u00e7i. Bo\u011faz&#8217;daki A\u015firet, d\u00f6rt b\u00fcy\u00fck ailenin birbirleriyle irtibat\u0131ndan olu\u015fur. Bo\u011faz&#8217;daki A\u015firet! \u015eenlikli bir kitap. Ali Fuat Cebesoy&#8217;dan Naz\u0131m Hikmet&#8217;e, Oktay Rifat&#8217;tan Refik Erduran&#8217;a, Rasih Nuri \u0130leri&#8217;den Ali Ekrem Bolay\u0131r&#8217;a, Zeki Ba\u015ft\u0131mar&#8217;dan Sabahattin Ali&#8217;ye, Numan Menemencio\u011flu&#8217;ndan Abidin Dino&#8217;ya uzanan ilgin\u00e7 akrabal\u0131k zinciri. Kimlerin kimlikleri. \u00c7\u0131ld\u0131rtan \u00e7izelgelerle soya\u011fa\u00e7lar\u0131. Ve dipnotlar! Onlar hi\u00e7 bu kadar sevimli olmam\u0131\u015flard\u0131. <\/p>\n","protected":false},"excerpt":{"rendered":"<p>&#8220;Bo\u011fazdaki A\u015firet&#8221; ba\u015fl\u0131\u011f\u0131, ister istemez &#8220;Bo\u011faz Neresi&#8221; ve &#8220;A\u015firet Kim&#8221; sorular\u0131n\u0131 akla getiriyor. Evet Bo\u011faz, bildi\u011fimiz Bo\u011fazi\u00e7i. Bo\u011faz&#8217;daki A\u015firet, d\u00f6rt b\u00fcy\u00fck ailenin birbirleriyle irtibat\u0131ndan olu\u015fur. Bo\u011faz&#8217;daki<span class=\"excerpt-hellip\"> [\u2026]<\/span><\/p>\n","protected":false},"featured_media":0,"template":"","meta":{"_monsterinsights_skip_tracking":false,"_monsterinsights_sitenote_active":false,"_monsterinsights_sitenote_note":"","_monsterinsights_sitenote_category":0},"product_brand":[],"product_cat":[14009,12291],"product_tag":[],"class_list":{"0":"post-697391","1":"product","2":"type-product","3":"status-publish","5":"product_cat-biyografi-otobiyografi-edebiyat","6":"product_cat-edebiyat","7":"pa_cilt-ciltsiz","8":"pa_tur-kitap","9":"pa_yayinevi-biyografi-net-yayincilik","10":"pa_yazar-mahmut-cetin","12":"first","13":"instock","14":"sale","15":"shipping-taxable","16":"purchasable","17":"product-type-simple"},"_links":{"self":[{"href":"https:\/\/roveyayinevi.com.tr\/index.php\/wp-json\/wp\/v2\/product\/697391","targetHints":{"allow":["GET"]}}],"collection":[{"href":"https:\/\/roveyayinevi.com.tr\/index.php\/wp-json\/wp\/v2\/product"}],"about":[{"href":"https:\/\/roveyayinevi.com.tr\/index.php\/wp-json\/wp\/v2\/types\/product"}],"wp:attachment":[{"href":"https:\/\/roveyayinevi.com.tr\/index.php\/wp-json\/wp\/v2\/media?parent=697391"}],"wp:term":[{"taxonomy":"product_brand","embeddable":true,"href":"https:\/\/roveyayinevi.com.tr\/index.php\/wp-json\/wp\/v2\/product_brand?post=697391"},{"taxonomy":"product_cat","embeddable":true,"href":"https:\/\/roveyayinevi.com.tr\/index.php\/wp-json\/wp\/v2\/product_cat?post=697391"},{"taxonomy":"product_tag","embeddable":true,"href":"https:\/\/roveyayinevi.com.tr\/index.php\/wp-json\/wp\/v2\/product_tag?post=697391"}],"curies":[{"name":"wp","href":"https:\/\/api.w.org\/{rel}","templated":true}]}}