{"id":697390,"date":"2025-08-27T14:39:44","date_gmt":"2025-08-27T11:39:44","guid":{"rendered":"https:\/\/roveyayinevi.com.tr\/index.php\/urun\/zorunlu-egitime-hayir\/"},"modified":"2026-04-16T02:07:13","modified_gmt":"2026-04-15T23:07:13","slug":"zorunlu-egitime-hayir","status":"publish","type":"product","link":"https:\/\/roveyayinevi.com.tr\/index.php\/urun\/zorunlu-egitime-hayir\/","title":{"rendered":"Zorunlu E\u011fitime Hay\u0131r!"},"content":{"rendered":"<p>Catherine Baker, anne ve anar\u015fist&#8230; \u00c7ok sevdi\u011fi k\u0131z\u0131 Marie\u2019yi okula yollamam\u0131\u015f. Marie on d\u00f6rt ya\u015f\u0131na gelince okula yollamama gerek\u00e7elerini ona anlatmak i\u00e7in bu kitab\u0131 kaleme alm\u0131\u015f. Okulun, devletin kendine k\u00f6le yeti\u015ftirmek i\u00e7in organize etti\u011fi bir kurum oldu\u011funu, yeti\u015fkinlerin bu k\u00f6le e\u011fitiminden ba\u015far\u0131yla ge\u00e7tikleri i\u00e7in bunun fark\u0131na varamad\u0131klar\u0131n\u0131 s\u00f6yl\u00fcyor. Ona g\u00f6re, okul, \u00e7ocuklara gardiyanl\u0131k yapan bir kurumdur; ana-babalar\u0131 \u00e7al\u0131\u015f\u0131rken onlar\u0131 g\u00f6zetim alt\u0131nda tutar; toplumsal-iktisadi makinenin i\u015flemesi i\u00e7in gerekli olan bilgileri onlara \u00f6\u011fretir; itaati a\u015f\u0131lar, eler ve rolleri da\u011f\u0131t\u0131r. Okulda, sezgi ve d\u00fc\u015f g\u00fcc\u00fcn\u00fcn geli\u015ftirilmesi, a\u015fk\u0131n ve d\u00fc\u015f\u00fcncenin yarat\u0131c\u0131 bir nitelik kazanmas\u0131 i\u00e7in \u00e7ok gerekli olan \u201caylakl\u0131k\u201d yerine, \u00fcretimi art\u0131ran ve itaati sa\u011flayan bir e\u011fitimin uyguland\u0131\u011f\u0131n\u0131 anlatarak bir \u201ckar\u015f\u0131t-k\u00fclt\u00fcr\u201d olu\u015fturma \u00e7abas\u0131nda olanlar\u0131 \u201cZorunlu e\u011fitime hay\u0131r!\u201d demeye \u00e7a\u011f\u0131r\u0131yor. Baker\u2019e g\u00f6re, okul, \u00e7ocu\u011fun \u00e7ocuk olabilece\u011fi, gen\u00e7li\u011fi ve ne\u015feyi tam anlam\u0131yla ya\u015fayabilece\u011fi bir ortam sunabilmeli ve asla onun \u00f6n\u00fcne ula\u015f\u0131lmas\u0131 gereken hedefler koymamal\u0131d\u0131r.   \u201cYirmi y\u0131l boyunca g\u00f6zlemledi\u011fim ba\u015fka bir \u015fey de, \u00e7ocuklar\u0131n okula kar\u015f\u0131 duyduklar\u0131 nefretin giderek b\u00fcy\u00fcmesi ve \u00f6\u011fretmenlerin, mesleklerinin dayan\u0131lmazl\u0131\u011f\u0131 ve \u00f6\u011frenciler kar\u015f\u0131s\u0131nda duyduklar\u0131 tiksintiyi, k\u0131smen de olsa itiraf etmeleri. Fransa\u2019da, okuma yazma y\u00fczdesi hi\u00e7 bu kadar gerilememi\u015fti. Ve bu ak\u015fam, bu sat\u0131rlar\u0131 yazarken, en yoksul banliy\u00f6lerde ya\u015fayan gen\u00e7ler okullara ve karakollara molotofkokteyli at\u0131yorlar.\u201d Catherine Baker, T\u00fcrk\u00e7e bas\u0131ma \u00f6ns\u00f6z, Aral\u0131k 2005   \u201cSevgili \u2018ayd\u0131nlar\u2019lar, her \u015feyi bir kenara b\u0131rak\u0131n, gidin bu kitab\u0131 edinin ve \u00e7ocu\u011funuzu okula yollamay\u0131n. E\u011fer hal-i haz\u0131rda okuyorsa okuldan al\u0131n! Bu bir \u2018emir\u2019dir. Bu zorla olan her \u015feye kar\u015f\u0131 olan birisinin verdi\u011fi bir emir, yani \u2018zorlama\u2019d\u0131r. \u00c7\u00fcnk\u00fc \u2018zorla\u2019 olmas\u0131 hak yolu olan tek zorlama, \u2018zor\u2019a kar\u015f\u0131 \u00e7\u0131kmakt\u0131r. \u00c7\u00fcnk\u00fc tek \u015fans bu. \u00c7\u00fcnk\u00fc sizin i\u00e7in ge\u00e7 kal\u0131nd\u0131. Sizin b\u00fct\u00fcn yapaca\u011f\u0131n\u0131z ve bug\u00fcne kadar hep yapt\u0131\u011f\u0131n\u0131z \u2018yooook \u015f\u00f6yle olmal\u0131\u2019, \u2018bu niye b\u00f6yle\u2019 ya da \u2018bu b\u00f6yle\u2019 t\u00fcr\u00fcnden, do\u011fru bile olsa hi\u00e7bir i\u015fe yaramayan \u2018saptamalar\u2019 \u2013ge\u00e7in bunlar\u0131 bir kalem! Bari b\u0131rak\u0131n da \u00e7ocuklar\u0131n\u0131z size benzemesin. Onlar da sizin gibi d\u00fczen i\u00e7inde bir d\u00fczen kar\u015f\u0131t\u0131 olmas\u0131n.\u201d <\/p>\n","protected":false},"excerpt":{"rendered":"<p>Catherine Baker, anne ve anar\u015fist&#8230; \u00c7ok sevdi\u011fi k\u0131z\u0131 Marie\u2019yi okula yollamam\u0131\u015f. Marie on d\u00f6rt ya\u015f\u0131na gelince okula yollamama gerek\u00e7elerini ona anlatmak i\u00e7in bu kitab\u0131 kaleme alm\u0131\u015f.<span class=\"excerpt-hellip\"> [\u2026]<\/span><\/p>\n","protected":false},"featured_media":0,"template":"","meta":{"_monsterinsights_skip_tracking":false,"_monsterinsights_sitenote_active":false,"_monsterinsights_sitenote_note":"","_monsterinsights_sitenote_category":0},"product_brand":[],"product_cat":[12312,12304],"product_tag":[],"class_list":{"0":"post-697390","1":"product","2":"type-product","3":"status-publish","5":"product_cat-diger","6":"product_cat-tarih","7":"pa_cilt-ciltsiz","8":"pa_tur-kitap","9":"pa_yayinevi-ayrinti-yayinlari","10":"pa_yazar-catherine-baker","12":"first","13":"instock","14":"sale","15":"shipping-taxable","16":"purchasable","17":"product-type-simple"},"_links":{"self":[{"href":"https:\/\/roveyayinevi.com.tr\/index.php\/wp-json\/wp\/v2\/product\/697390","targetHints":{"allow":["GET"]}}],"collection":[{"href":"https:\/\/roveyayinevi.com.tr\/index.php\/wp-json\/wp\/v2\/product"}],"about":[{"href":"https:\/\/roveyayinevi.com.tr\/index.php\/wp-json\/wp\/v2\/types\/product"}],"wp:attachment":[{"href":"https:\/\/roveyayinevi.com.tr\/index.php\/wp-json\/wp\/v2\/media?parent=697390"}],"wp:term":[{"taxonomy":"product_brand","embeddable":true,"href":"https:\/\/roveyayinevi.com.tr\/index.php\/wp-json\/wp\/v2\/product_brand?post=697390"},{"taxonomy":"product_cat","embeddable":true,"href":"https:\/\/roveyayinevi.com.tr\/index.php\/wp-json\/wp\/v2\/product_cat?post=697390"},{"taxonomy":"product_tag","embeddable":true,"href":"https:\/\/roveyayinevi.com.tr\/index.php\/wp-json\/wp\/v2\/product_tag?post=697390"}],"curies":[{"name":"wp","href":"https:\/\/api.w.org\/{rel}","templated":true}]}}