{"id":697388,"date":"2025-08-27T14:39:44","date_gmt":"2025-08-27T11:39:44","guid":{"rendered":"https:\/\/roveyayinevi.com.tr\/index.php\/urun\/zaman-tuneli-denemeler-ve-notlar\/"},"modified":"2026-04-16T02:07:13","modified_gmt":"2026-04-15T23:07:13","slug":"zaman-tuneli-denemeler-ve-notlar","status":"publish","type":"product","link":"https:\/\/roveyayinevi.com.tr\/index.php\/urun\/zaman-tuneli-denemeler-ve-notlar\/","title":{"rendered":"Zaman T\u00fcneli: Denemeler ve Notlar"},"content":{"rendered":"<p>\u00c7a\u011fda\u015f \u0130ngiliz edebiyat\u0131n\u0131n usta kalemi John Fowles, birer ba\u015fyap\u0131t olan romanlar\u0131 Frans\u0131z Te\u011fmenin Kad\u0131n\u0131, Yarat\u0131k, Koleksiyoncu ve Mantissa\u2019n\u0131n ard\u0131ndan, bu kez d\u00fczyaz\u0131lar\u0131yla kar\u015f\u0131m\u0131zda. Fowles\u2019un g\u00f6zden ka\u00e7m\u0131\u015f son derece ki\u015fisel yaz\u0131lar\u0131n\u0131 toplad\u0131\u011f\u0131 Zaman T\u00fcneli, hemen her konuyu merak eden, bu merak\u0131n\u0131 okuruna da bula\u015ft\u0131rmak isteyen bir yazar\u0131n yirminci y\u00fczy\u0131la ki\u015fisel bak\u0131\u015f\u0131n\u0131 g\u00f6zler \u00f6n\u00fcne seriyor. B\u00f6ylelikle, bu dil ve kurgu ustas\u0131n\u0131n zihninin co\u011frafyas\u0131n\u0131 ortaya koyan yaz\u0131lar\u0131n yeni ufuklar a\u00e7ma konusunda romanlar\u0131ndan geri kalmad\u0131\u011f\u0131n\u0131 da g\u00f6r\u00fcyoruz. <\/p>\n","protected":false},"excerpt":{"rendered":"<p>\u00c7a\u011fda\u015f \u0130ngiliz edebiyat\u0131n\u0131n usta kalemi John Fowles, birer ba\u015fyap\u0131t olan romanlar\u0131 Frans\u0131z Te\u011fmenin Kad\u0131n\u0131, Yarat\u0131k, Koleksiyoncu ve Mantissa\u2019n\u0131n ard\u0131ndan, bu kez d\u00fczyaz\u0131lar\u0131yla kar\u015f\u0131m\u0131zda. Fowles\u2019un g\u00f6zden ka\u00e7m\u0131\u015f<span class=\"excerpt-hellip\"> [\u2026]<\/span><\/p>\n","protected":false},"featured_media":0,"template":"","meta":{"_monsterinsights_skip_tracking":false,"_monsterinsights_sitenote_active":false,"_monsterinsights_sitenote_note":"","_monsterinsights_sitenote_category":0},"product_brand":[],"product_cat":[12312,12304],"product_tag":[],"class_list":{"0":"post-697388","1":"product","2":"type-product","3":"status-publish","5":"product_cat-diger","6":"product_cat-tarih","7":"pa_cilt-ciltsiz","8":"pa_tur-kitap","9":"pa_yayinevi-ayrinti-yayinlari","10":"pa_yazar-john-fowles","12":"first","13":"instock","14":"sale","15":"shipping-taxable","16":"purchasable","17":"product-type-simple"},"_links":{"self":[{"href":"https:\/\/roveyayinevi.com.tr\/index.php\/wp-json\/wp\/v2\/product\/697388","targetHints":{"allow":["GET"]}}],"collection":[{"href":"https:\/\/roveyayinevi.com.tr\/index.php\/wp-json\/wp\/v2\/product"}],"about":[{"href":"https:\/\/roveyayinevi.com.tr\/index.php\/wp-json\/wp\/v2\/types\/product"}],"wp:attachment":[{"href":"https:\/\/roveyayinevi.com.tr\/index.php\/wp-json\/wp\/v2\/media?parent=697388"}],"wp:term":[{"taxonomy":"product_brand","embeddable":true,"href":"https:\/\/roveyayinevi.com.tr\/index.php\/wp-json\/wp\/v2\/product_brand?post=697388"},{"taxonomy":"product_cat","embeddable":true,"href":"https:\/\/roveyayinevi.com.tr\/index.php\/wp-json\/wp\/v2\/product_cat?post=697388"},{"taxonomy":"product_tag","embeddable":true,"href":"https:\/\/roveyayinevi.com.tr\/index.php\/wp-json\/wp\/v2\/product_tag?post=697388"}],"curies":[{"name":"wp","href":"https:\/\/api.w.org\/{rel}","templated":true}]}}