{"id":697387,"date":"2025-08-27T14:39:43","date_gmt":"2025-08-27T11:39:43","guid":{"rendered":"https:\/\/roveyayinevi.com.tr\/index.php\/urun\/yaratik\/"},"modified":"2026-04-16T02:07:13","modified_gmt":"2026-04-15T23:07:13","slug":"yaratik","status":"publish","type":"product","link":"https:\/\/roveyayinevi.com.tr\/index.php\/urun\/yaratik\/","title":{"rendered":"Yarat\u0131k"},"content":{"rendered":"<p>Yarat\u0131k, g\u00fcn\u00fcm\u00fcz \u0130ngiliz edebiyat\u0131n\u0131n en ilgin\u00e7 ve en \u00e7arp\u0131c\u0131 gerilim romanlar\u0131ndan biri. T\u0131pk\u0131 Dostoyevski\u2019nin romanlar\u0131nda oldu\u011fu gibi, insan\u0131 saran paradokslarla dolu etik bir derinli\u011fe, ama ayn\u0131 zamanda da, Fowles\u2019\u0131n virt\u00fc\u00f6zl\u00fck d\u00fczeyindeki hik\u00e2ye anlatma tekni\u011finden kaynaklanan soluk kesici bir s\u00fcr\u00fckleyicili\u011fe sahip.Yazar\u0131n zihninde aral\u0131klarla beliren ve gitgide v\u00fccut kazanan, tuhaf bir imgedir anlat\u0131lan. So\u011fuk, karanl\u0131k bir ilkbahar g\u00fcn\u00fcnde, sonsuz k\u0131ra\u00e7 topraklar\u0131n ufuk \u00e7izgisinde yol alan k\u00fc\u00e7\u00fck bir atl\u0131 kafile imgesi&#8230; gizemli bir kad\u0131n\u0131n da dahil oldu\u011fu bu kafilenin bilmecelerle dolu yolculu\u011fu&#8230; ve yolun sonundaki beklenmedik \u00f6l\u00fcm\u00fcn ard\u0131ndan gelen sorgulama&#8230; S\u0131radan bir polisiye olay\u0131n \u00f6tesine uzan\u0131p metafizik boyutlara eri\u015fen ve bilimkurgusal t\u0131n\u0131lar da ta\u015f\u0131yan girift bir anlat\u0131.\u00c7a\u011fda\u015f \u0130ngiliz edebiyat\u0131n\u0131n en \u00f6nde gelen yazarlar\u0131 aras\u0131nda say\u0131lan John Fowles, Victoria d\u00f6nemi \u0130ngiltere\u2019sinde ge\u00e7en Frans\u0131z Te\u011fmenin Kad\u0131n\u0131 adl\u0131 \u00fcnl\u00fc roman\u0131nda oldu\u011fu gibi, yine tarihsel bir arkaplan\u0131 roman\u0131na fon olarak se\u00e7iyor. Ama, amac\u0131 kesinlikle klasik anlamda tarihsel bir roman yazmak de\u011fil. Sade ya\u015fant\u0131lar\u0131yla kilise kurumunun otoritesine k\u00f6kten kar\u015f\u0131 \u00e7\u0131k\u0131\u015flar\u0131yla tan\u0131nan, \u0130sa\u2019n\u0131n d\u00fcnyaya yeniden bir \u2018kad\u0131n\u2019 olarak gelece\u011fini ileri s\u00fcren, g\u00fcndelik hayatlar\u0131nda kom\u00fcnizan \u00f6\u011felere rastlanan, yoksullu\u011fu ve cinsel perhizi savunan Shaker mezhebinin \u00f6\u011freti ve pratikleri \u00fczerine temelleniyor roman. Ancak Fowles kar\u015f\u0131m\u0131za, ge\u00e7mi\u015fe gelecekten bakan ve o zaman\u0131n zihniyetini \u00e7a\u011fda\u015f bireyin moderniteyle y\u00fckl\u00fc, son derece karma\u015f\u0131k g\u00f6r\u00fc\u015f a\u00e7\u0131s\u0131ndan de\u011ferlendiren bir yazar kimli\u011fiyle ortaya \u00e7\u0131k\u0131yor Yarat\u0131k\u2019ta. Bir yandan, XVIII. y\u00fczy\u0131l \u0130ngiltere\u2019sinin toplumsal tabakala\u015fmas\u0131na, t\u00f6relerine, s\u0131n\u0131f atlama yap\u0131lar\u0131na ili\u015fkin \u00e7ok ilgin\u00e7 ayr\u0131nt\u0131lar ortaya koyarken, bir yandan da, kurmaca bir yap\u0131t meydana getirdi\u011finin bilincinde bir yazar olarak, salt bu toplumbilimsel verilerle yetinmiyor ve ola\u011fan\u00fcst\u00fc hayalg\u00fcc\u00fcn\u00fc, s\u00fcr\u00fckleyici hik\u00e2yeler anlatabilme yetene\u011fini seferber ediyor.1985 y\u0131l\u0131nda Fransa\u2019da en iyi \u00e7eviri roman se\u00e7ilen Yarat\u0131k, insana hummal\u0131 bir okuma keyfi tatt\u0131ran, elinizden bir an olsun b\u0131rakmak istemeyece\u011finiz, o ender edebiyat ba\u015fyap\u0131tlar\u0131ndan biri.\u201cFrans\u0131z Te\u011fmenin Kad\u0131n\u0131\u2019yla birlikte okunabilecek bir kitap. Ama deneysel a\u00e7\u0131dan daha c\u00fcretli ve sanatsal ba\u015far\u0131 a\u00e7\u0131s\u0131ndan daha dikkate de\u011fer.\u201d Anthony Burgess \/ Observer.<\/p>\n","protected":false},"excerpt":{"rendered":"<p>Yarat\u0131k, g\u00fcn\u00fcm\u00fcz \u0130ngiliz edebiyat\u0131n\u0131n en ilgin\u00e7 ve en \u00e7arp\u0131c\u0131 gerilim romanlar\u0131ndan biri. T\u0131pk\u0131 Dostoyevski\u2019nin romanlar\u0131nda oldu\u011fu gibi, insan\u0131 saran paradokslarla dolu etik bir derinli\u011fe, ama ayn\u0131<span class=\"excerpt-hellip\"> [\u2026]<\/span><\/p>\n","protected":false},"featured_media":0,"template":"","meta":{"_monsterinsights_skip_tracking":false,"_monsterinsights_sitenote_active":false,"_monsterinsights_sitenote_note":"","_monsterinsights_sitenote_category":0},"product_brand":[],"product_cat":[12291,12866],"product_tag":[],"class_list":{"0":"post-697387","1":"product","2":"type-product","3":"status-publish","5":"product_cat-edebiyat","6":"product_cat-ingiliz-edebiyati","7":"pa_cilt-ciltsiz","8":"pa_tur-kitap","9":"pa_yayinevi-ayrinti-yayinlari","10":"pa_yazar-john-fowles","12":"first","13":"instock","14":"sale","15":"shipping-taxable","16":"purchasable","17":"product-type-simple"},"_links":{"self":[{"href":"https:\/\/roveyayinevi.com.tr\/index.php\/wp-json\/wp\/v2\/product\/697387","targetHints":{"allow":["GET"]}}],"collection":[{"href":"https:\/\/roveyayinevi.com.tr\/index.php\/wp-json\/wp\/v2\/product"}],"about":[{"href":"https:\/\/roveyayinevi.com.tr\/index.php\/wp-json\/wp\/v2\/types\/product"}],"wp:attachment":[{"href":"https:\/\/roveyayinevi.com.tr\/index.php\/wp-json\/wp\/v2\/media?parent=697387"}],"wp:term":[{"taxonomy":"product_brand","embeddable":true,"href":"https:\/\/roveyayinevi.com.tr\/index.php\/wp-json\/wp\/v2\/product_brand?post=697387"},{"taxonomy":"product_cat","embeddable":true,"href":"https:\/\/roveyayinevi.com.tr\/index.php\/wp-json\/wp\/v2\/product_cat?post=697387"},{"taxonomy":"product_tag","embeddable":true,"href":"https:\/\/roveyayinevi.com.tr\/index.php\/wp-json\/wp\/v2\/product_tag?post=697387"}],"curies":[{"name":"wp","href":"https:\/\/api.w.org\/{rel}","templated":true}]}}