{"id":697385,"date":"2025-08-27T14:39:43","date_gmt":"2025-08-27T11:39:43","guid":{"rendered":"https:\/\/roveyayinevi.com.tr\/index.php\/urun\/veda-yemegi\/"},"modified":"2026-04-16T02:07:13","modified_gmt":"2026-04-15T23:07:13","slug":"veda-yemegi","status":"publish","type":"product","link":"https:\/\/roveyayinevi.com.tr\/index.php\/urun\/veda-yemegi\/","title":{"rendered":"Veda Yeme\u011fi"},"content":{"rendered":"<p>Erkek: Bal\u0131k\u00e7\u0131. Denizden ve bal\u0131klardan anl\u0131yor. Kad\u0131n\u0131  Morina bal\u0131\u011f\u0131 gibi g\u00fczelsin  diyerek seviyor. Kendi kendini yeti\u015ftirmi\u015f biri. Kad\u0131n: Felsefeci. Leibniz, Kant, Hegel ve Heidegger okuyor. Aptal erkekleri bir bak\u0131\u015fta anl\u0131yor. Dul. G\u00f6zl\u00fckl\u00fc. Evlenirler. Her \u015fey \u00e7ok g\u00fczeldir. Erkek bal\u0131\u011fa \u00e7\u0131kmakta, kad\u0131n istekle onu beklemektedir. Birbirlerine anlatacaklar\u0131 hikayeleri ve dinleme istekleri vard\u0131r&#8230; Zamanla b\u00fcy\u00fc bozulur&#8230; Tutku \u00f6nce suskunlu\u011fa\/sayg\u0131ya sonra da sabra d\u00f6n\u00fc\u015f\u00fcr. Ayr\u0131lmaya karar verirler ve bu haberi iletmek i\u00e7in dostlar\u0131n\u0131 bir veda yeme\u011fine \u00e7a\u011f\u0131r\u0131rlar. Ne var ki konuklardan her biri t\u0131pk\u0131 Boccacio\u2019nun Decameron\u2019undaki gibi bir hikaye\/masal anlatmaya ba\u015flar. Anlat\u0131lan her ger\u00e7ek\u00e7i, karamsar hikaye ayr\u0131lma isteklerini g\u00fc\u00e7lendirir. S\u0131cak ve g\u00f6n\u00fcl ok\u015fay\u0131c\u0131 masallar ise birbirlerine yak\u0131nla\u015ft\u0131r\u0131r. Gecenin g\u00fczelle\u015ftirdi\u011fi masallar sabaha kar\u015f\u0131 ola\u011fan\u00fcst\u00fc bir bi\u00e7ime d\u00f6n\u00fc\u015f\u00fcr. Herkes gittikten sonra Kad\u0131n  Ger\u00e7ekte bizde eksik olan, birlikte oturaca\u011f\u0131m\u0131z s\u00f6zc\u00fcklerden yap\u0131lm\u0131\u015f bir evdi  der. Erkek  G\u00fcndelik ya\u015fam\u0131n bal\u00e7\u0131\u011f\u0131na g\u00f6m\u00fclm\u00fc\u015f iki sazan bal\u0131\u011f\u0131n\u0131 and\u0131r\u0131yorduk,  diye cevap verir.  Bundan b\u00f6yle da\u011fdan kopup gelen sel sular\u0131nda yan yana titre\u015fen iki alabal\u0131k gibi olaca\u011f\u0131z. <\/p>\n","protected":false},"excerpt":{"rendered":"<p>Erkek: Bal\u0131k\u00e7\u0131. Denizden ve bal\u0131klardan anl\u0131yor. Kad\u0131n\u0131 Morina bal\u0131\u011f\u0131 gibi g\u00fczelsin diyerek seviyor. Kendi kendini yeti\u015ftirmi\u015f biri. Kad\u0131n: Felsefeci. Leibniz, Kant, Hegel ve Heidegger okuyor. Aptal<span class=\"excerpt-hellip\"> [\u2026]<\/span><\/p>\n","protected":false},"featured_media":0,"template":"","meta":{"_monsterinsights_skip_tracking":false,"_monsterinsights_sitenote_active":false,"_monsterinsights_sitenote_note":"","_monsterinsights_sitenote_category":0},"product_brand":[],"product_cat":[12291,13376],"product_tag":[],"class_list":{"0":"post-697385","1":"product","2":"type-product","3":"status-publish","5":"product_cat-edebiyat","6":"product_cat-fransiz-edebiyati","7":"pa_cilt-ciltsiz","8":"pa_tur-kitap","9":"pa_yayinevi-ayrinti-yayinlari","10":"pa_yazar-michel-tournier","12":"first","13":"instock","14":"sale","15":"shipping-taxable","16":"purchasable","17":"product-type-simple"},"_links":{"self":[{"href":"https:\/\/roveyayinevi.com.tr\/index.php\/wp-json\/wp\/v2\/product\/697385","targetHints":{"allow":["GET"]}}],"collection":[{"href":"https:\/\/roveyayinevi.com.tr\/index.php\/wp-json\/wp\/v2\/product"}],"about":[{"href":"https:\/\/roveyayinevi.com.tr\/index.php\/wp-json\/wp\/v2\/types\/product"}],"wp:attachment":[{"href":"https:\/\/roveyayinevi.com.tr\/index.php\/wp-json\/wp\/v2\/media?parent=697385"}],"wp:term":[{"taxonomy":"product_brand","embeddable":true,"href":"https:\/\/roveyayinevi.com.tr\/index.php\/wp-json\/wp\/v2\/product_brand?post=697385"},{"taxonomy":"product_cat","embeddable":true,"href":"https:\/\/roveyayinevi.com.tr\/index.php\/wp-json\/wp\/v2\/product_cat?post=697385"},{"taxonomy":"product_tag","embeddable":true,"href":"https:\/\/roveyayinevi.com.tr\/index.php\/wp-json\/wp\/v2\/product_tag?post=697385"}],"curies":[{"name":"wp","href":"https:\/\/api.w.org\/{rel}","templated":true}]}}