{"id":697384,"date":"2025-08-27T14:39:43","date_gmt":"2025-08-27T11:39:43","guid":{"rendered":"https:\/\/roveyayinevi.com.tr\/index.php\/urun\/ilkcag-felsefesi-tarihi\/"},"modified":"2026-04-16T02:07:13","modified_gmt":"2026-04-15T23:07:13","slug":"ilkcag-felsefesi-tarihi","status":"publish","type":"product","link":"https:\/\/roveyayinevi.com.tr\/index.php\/urun\/ilkcag-felsefesi-tarihi\/","title":{"rendered":"\u0130lk\u00e7a\u011f Felsefesi Tarihi"},"content":{"rendered":"<p>\u0130lk\u00e7a\u011f Felsefesi \u0130yonya Okulu\u2019ndan Yeni-Platonculu\u011fa dek antik\u00e7a\u011fa egemen olan felsefe ak\u0131mlar\u0131n\u0131 inceleyen bir \u00e7al\u0131\u015fma olarak kaleme al\u0131nm\u0131\u015ft\u0131r. Kitap Thales, Parmenides, Empedokles, Protagoras gibi pek \u00e7ok eski Yunan filozofunu d\u00fc\u015f\u00fcnceleri ve hayatlar\u0131ndan kesitler sunarak tek tek ele al\u0131rken, Platon ve Aristoteles\u2019e geni\u015f yer verir. Yazar Ahmet Cevizci okuru b\u00fcy\u00fck \u00f6l\u00e7\u00fcde eski Yunan felsefesi ve filozoflar\u0131 hakk\u0131nda bilgilendirmekle birlikte eski Yunan d\u00fc\u015f\u00fcncesini k\u0131ymeti kendinden menkul mucizevi bir yap\u0131 olarak de\u011ferlendirmeyip, onun antik\u00e7a\u011f\u0131n di\u011fer b\u00fcy\u00fck uygarl\u0131klar\u0131ndan pek \u00e7ok \u015fey ald\u0131\u011f\u0131n\u0131; fakat d\u00fc\u015f\u00fcncelerin soyutlama d\u00fczeyi, sistematikli\u011fi ve kaydedilmesi bak\u0131m\u0131ndan bu uygarl\u0131klar\u0131 fazlas\u0131yla geride b\u0131rakt\u0131\u011f\u0131n\u0131 vurgular. <\/p>\n","protected":false},"excerpt":{"rendered":"<p>\u0130lk\u00e7a\u011f Felsefesi \u0130yonya Okulu\u2019ndan Yeni-Platonculu\u011fa dek antik\u00e7a\u011fa egemen olan felsefe ak\u0131mlar\u0131n\u0131 inceleyen bir \u00e7al\u0131\u015fma olarak kaleme al\u0131nm\u0131\u015ft\u0131r. Kitap Thales, Parmenides, Empedokles, Protagoras gibi pek \u00e7ok eski<span class=\"excerpt-hellip\"> [\u2026]<\/span><\/p>\n","protected":false},"featured_media":0,"template":"","meta":{"_monsterinsights_skip_tracking":false,"_monsterinsights_sitenote_active":false,"_monsterinsights_sitenote_note":"","_monsterinsights_sitenote_category":0},"product_brand":[],"product_cat":[12388,14717],"product_tag":[],"class_list":{"0":"post-697384","1":"product","2":"type-product","3":"status-publish","5":"product_cat-felsefe","6":"product_cat-felsefe-tarihi","7":"pa_cilt-ciltsiz","8":"pa_tur-kitap","9":"pa_yayinevi-say-yayinlari","10":"pa_yazar-ahmet-cevizci","12":"first","13":"instock","14":"sale","15":"shipping-taxable","16":"purchasable","17":"product-type-simple"},"_links":{"self":[{"href":"https:\/\/roveyayinevi.com.tr\/index.php\/wp-json\/wp\/v2\/product\/697384","targetHints":{"allow":["GET"]}}],"collection":[{"href":"https:\/\/roveyayinevi.com.tr\/index.php\/wp-json\/wp\/v2\/product"}],"about":[{"href":"https:\/\/roveyayinevi.com.tr\/index.php\/wp-json\/wp\/v2\/types\/product"}],"wp:attachment":[{"href":"https:\/\/roveyayinevi.com.tr\/index.php\/wp-json\/wp\/v2\/media?parent=697384"}],"wp:term":[{"taxonomy":"product_brand","embeddable":true,"href":"https:\/\/roveyayinevi.com.tr\/index.php\/wp-json\/wp\/v2\/product_brand?post=697384"},{"taxonomy":"product_cat","embeddable":true,"href":"https:\/\/roveyayinevi.com.tr\/index.php\/wp-json\/wp\/v2\/product_cat?post=697384"},{"taxonomy":"product_tag","embeddable":true,"href":"https:\/\/roveyayinevi.com.tr\/index.php\/wp-json\/wp\/v2\/product_tag?post=697384"}],"curies":[{"name":"wp","href":"https:\/\/api.w.org\/{rel}","templated":true}]}}