{"id":697382,"date":"2025-08-27T14:39:42","date_gmt":"2025-08-27T11:39:42","guid":{"rendered":"https:\/\/roveyayinevi.com.tr\/index.php\/urun\/osmanli-imparatorlugunda-sosyalist-hareketler\/"},"modified":"2026-04-16T02:07:13","modified_gmt":"2026-04-15T23:07:13","slug":"osmanli-imparatorlugunda-sosyalist-hareketler","status":"publish","type":"product","link":"https:\/\/roveyayinevi.com.tr\/index.php\/urun\/osmanli-imparatorlugunda-sosyalist-hareketler\/","title":{"rendered":"Osmanl\u0131 \u0130mparatorlu\u011fu&#8217;nda Sosyalist Hareketler"},"content":{"rendered":"<p>Osmanl\u0131 \u0130mparatorlu\u011funda Sosyalist Hareketler ilk kez 1977 y\u0131l\u0131nda G\u00f6zlem Yay\u0131nlar\u0131\u2019n\u0131n tarih\u00e7i Stefanos Yerasimos\u2019un da katk\u0131s\u0131yla Paul Dumont\u2019a yapt\u0131\u011f\u0131 \u00f6neriyle kitapla\u015fm\u0131\u015ft\u0131r. Dolay\u0131s\u0131yla kitap \u00e7eviri olmakla birlikte yaln\u0131zca T\u00fcrk\u00e7e yay\u0131mlanm\u0131\u015ft\u0131r. <\/p>\n","protected":false},"excerpt":{"rendered":"<p>Osmanl\u0131 \u0130mparatorlu\u011funda Sosyalist Hareketler ilk kez 1977 y\u0131l\u0131nda G\u00f6zlem Yay\u0131nlar\u0131\u2019n\u0131n tarih\u00e7i Stefanos Yerasimos\u2019un da katk\u0131s\u0131yla Paul Dumont\u2019a yapt\u0131\u011f\u0131 \u00f6neriyle kitapla\u015fm\u0131\u015ft\u0131r. Dolay\u0131s\u0131yla kitap \u00e7eviri olmakla birlikte yaln\u0131zca<span class=\"excerpt-hellip\"> [\u2026]<\/span><\/p>\n","protected":false},"featured_media":0,"template":"","meta":{"_monsterinsights_skip_tracking":false,"_monsterinsights_sitenote_active":false,"_monsterinsights_sitenote_note":"","_monsterinsights_sitenote_category":0},"product_brand":[],"product_cat":[13517,12304],"product_tag":[],"class_list":{"0":"post-697382","1":"product","2":"type-product","3":"status-publish","5":"product_cat-osmanli-tarihi","6":"product_cat-tarih","7":"pa_cilt-ciltsiz","8":"pa_tur-kitap","9":"pa_yayinevi-ayrinti-yayinlari","10":"pa_yazar-georges-haupt","12":"first","13":"instock","14":"sale","15":"shipping-taxable","16":"purchasable","17":"product-type-simple"},"_links":{"self":[{"href":"https:\/\/roveyayinevi.com.tr\/index.php\/wp-json\/wp\/v2\/product\/697382","targetHints":{"allow":["GET"]}}],"collection":[{"href":"https:\/\/roveyayinevi.com.tr\/index.php\/wp-json\/wp\/v2\/product"}],"about":[{"href":"https:\/\/roveyayinevi.com.tr\/index.php\/wp-json\/wp\/v2\/types\/product"}],"wp:attachment":[{"href":"https:\/\/roveyayinevi.com.tr\/index.php\/wp-json\/wp\/v2\/media?parent=697382"}],"wp:term":[{"taxonomy":"product_brand","embeddable":true,"href":"https:\/\/roveyayinevi.com.tr\/index.php\/wp-json\/wp\/v2\/product_brand?post=697382"},{"taxonomy":"product_cat","embeddable":true,"href":"https:\/\/roveyayinevi.com.tr\/index.php\/wp-json\/wp\/v2\/product_cat?post=697382"},{"taxonomy":"product_tag","embeddable":true,"href":"https:\/\/roveyayinevi.com.tr\/index.php\/wp-json\/wp\/v2\/product_tag?post=697382"}],"curies":[{"name":"wp","href":"https:\/\/api.w.org\/{rel}","templated":true}]}}