{"id":697380,"date":"2025-08-27T14:39:42","date_gmt":"2025-08-27T11:39:42","guid":{"rendered":"https:\/\/roveyayinevi.com.tr\/index.php\/urun\/biyografi-kitabi\/"},"modified":"2026-04-16T02:07:13","modified_gmt":"2026-04-15T23:07:13","slug":"biyografi-kitabi","status":"publish","type":"product","link":"https:\/\/roveyayinevi.com.tr\/index.php\/urun\/biyografi-kitabi\/","title":{"rendered":"Biyografi Kitab\u0131"},"content":{"rendered":"<p>T\u00fcrkiye&#8217;de biyografi alan\u0131nda yaz\u0131lan ilk eser: Biyografi Kitab\u0131 Biyografi, k\u0131saca hayat hikayesi&#8230; Biyografi, bir yan\u0131yla edebiyat, di\u011fer yan\u0131yla tarihin i\u00e7inde yer al\u0131yor. Biyografinin tan\u0131m\u0131, \u00f6zellikleri, biyografi ve belge ili\u015fkisi, biyografi yaz\u0131m\u0131n\u0131n s\u00fcre\u00e7leri, tarihte ve g\u00fcn\u00fcm\u00fczde biyografi, biyografinin di\u011fer alanlarla ili\u015fkisi, biyografi kimlik ili\u015fkisi eserin i\u00e7indeki baz\u0131 b\u00f6l\u00fcm ba\u015fl\u0131klar\u0131. \ufffcTan\u0131t\u0131m Metni<\/p>\n","protected":false},"excerpt":{"rendered":"<p>T\u00fcrkiye&#8217;de biyografi alan\u0131nda yaz\u0131lan ilk eser: Biyografi Kitab\u0131 Biyografi, k\u0131saca hayat hikayesi&#8230; Biyografi, bir yan\u0131yla edebiyat, di\u011fer yan\u0131yla tarihin i\u00e7inde yer al\u0131yor. Biyografinin tan\u0131m\u0131, \u00f6zellikleri, biyografi<span class=\"excerpt-hellip\"> [\u2026]<\/span><\/p>\n","protected":false},"featured_media":0,"template":"","meta":{"_monsterinsights_skip_tracking":false,"_monsterinsights_sitenote_active":false,"_monsterinsights_sitenote_note":"","_monsterinsights_sitenote_category":0},"product_brand":[],"product_cat":[14009,12291],"product_tag":[],"class_list":{"0":"post-697380","1":"product","2":"type-product","3":"status-publish","5":"product_cat-biyografi-otobiyografi-edebiyat","6":"product_cat-edebiyat","7":"pa_cilt-ciltsiz","8":"pa_tur-kitap","9":"pa_yayinevi-biyografi-net-yayincilik","10":"pa_yazar-mahmut-cetin","12":"first","13":"instock","14":"sale","15":"shipping-taxable","16":"purchasable","17":"product-type-simple"},"_links":{"self":[{"href":"https:\/\/roveyayinevi.com.tr\/index.php\/wp-json\/wp\/v2\/product\/697380","targetHints":{"allow":["GET"]}}],"collection":[{"href":"https:\/\/roveyayinevi.com.tr\/index.php\/wp-json\/wp\/v2\/product"}],"about":[{"href":"https:\/\/roveyayinevi.com.tr\/index.php\/wp-json\/wp\/v2\/types\/product"}],"wp:attachment":[{"href":"https:\/\/roveyayinevi.com.tr\/index.php\/wp-json\/wp\/v2\/media?parent=697380"}],"wp:term":[{"taxonomy":"product_brand","embeddable":true,"href":"https:\/\/roveyayinevi.com.tr\/index.php\/wp-json\/wp\/v2\/product_brand?post=697380"},{"taxonomy":"product_cat","embeddable":true,"href":"https:\/\/roveyayinevi.com.tr\/index.php\/wp-json\/wp\/v2\/product_cat?post=697380"},{"taxonomy":"product_tag","embeddable":true,"href":"https:\/\/roveyayinevi.com.tr\/index.php\/wp-json\/wp\/v2\/product_tag?post=697380"}],"curies":[{"name":"wp","href":"https:\/\/api.w.org\/{rel}","templated":true}]}}