{"id":697379,"date":"2025-08-27T14:39:41","date_gmt":"2025-08-27T11:39:41","guid":{"rendered":"https:\/\/roveyayinevi.com.tr\/index.php\/urun\/biyografi-analiz-cilt-2-7-sayi-takim\/"},"modified":"2026-04-16T02:07:13","modified_gmt":"2026-04-15T23:07:13","slug":"biyografi-analiz-cilt-2-7-sayi-takim","status":"publish","type":"product","link":"https:\/\/roveyayinevi.com.tr\/index.php\/urun\/biyografi-analiz-cilt-2-7-sayi-takim\/","title":{"rendered":"Biyografi Analiz Cilt: 2  7 Say\u0131 Tak\u0131m"},"content":{"rendered":"<p>\u0130\u00c7\u0130NDEK\u0130LER Say\u0131: 8: Ter\u00f6rizm Ard\u0131ndaki Ger\u00e7ek: Entegrizm Ter\u00f6r \u00fcretenler ve ma\u011fdurlar\u0131 &#8211; Muammer G\u00f6k\u00e7in Olivier Roy&#8221;Bu Kadar Karma\u015f\u0131k Bir Toplumun Bu Kadar Kusursuz \u0130\u015flemesi Beni \u00c7ok \u015ea\u015f\u0131rt\u0131yor&#8221; D\u0131\u015f Bas\u0131n&#8217;dan Ter\u00f6r Yorumlar\u0131 Ramsfeld&#8217;den \u0130kinci 11 Eyl\u00fcl&#8217;\u00fcn \u00d6ns\u00f6zleri &#8220;Ter\u00f6rle Sava\u015f Uzun S\u00fcrecek&#8221; Manevi \u0130slam&#8217;\u0131 Yasaklarsan\u0131z&#8230;Ebul Hasan Beni Sadr Ter\u00f6r&#8217;\u00fcn Ard\u0131ndaki D\u00fc\u015f\u00fcnce &#8211; Entegrizm \u0130srail, Mitler ve Ter\u00f6rVahyedilen Metinleri Entegrist Bir Tefsirle Sapt\u0131rarak&#8230; \u0130srail Entegrizmi ve Ortado\u011fu&#8217;da Entegrizmler &#8211; Roger Garaudy Ter\u00f6r\u00fcn \u0130stanbul Dersleri &#8211; Mahmut \u00c7etin Ortado\u011fu Entegrizminin Hayat Alanlar\u0131 &#8211; Mahmut \u00c7etin Prof. Bernard Lewis: &#8220;Entegrizm Bir Bak\u0131ma Katolik Kilisesi&#8217;ndeki &#8216;k\u00f6ktencili\u011fe&#8217; tekab\u00fcl ediyor.&#8221; Tanp\u0131nar ve Sade Vatanda\u015f&#8217;\u0131n Yeniden Ke\u015ffi Orta Asya&#8217;n\u0131n Sosyo-K\u00fclt\u00fcrel Meseleleri: Kimlik, \u0130slam, Milliyet ve Etnisite P\u0131nar A\u00e7\u0131kal\u0131 &#8211; Ertan Efegil Nezav\u0131s\u0131maya Gazeta: Atat\u00fcrk&#8217;\u00fcn nasihatleri&#8230;-Mark Smirnov Prof. \u00d6zey ve \u0130nsanl\u0131\u011f\u0131n Kurtulu\u015fu \u0130\u00e7in Yeni Bir Bak\u0131\u015f: Merkezi T\u00fcrk Hakimiyeti Teorisi &#8211; Sacit \u00dcnal Osman\u0131l Miras\u0131 T\u00fcrkiye Yahudileri Gasp\u0131ral\u0131 \u0130smail Bey&#8221;Dilde, fikirde, i\u015fte birlik&#8221; &#8211; S\u00fcleyman Do\u011fan Ata Yurda Yolculuk Dr. Arslan Tekin &#8211; H\u00fcdavendigar OnurAhmet \u00c7\u0131nar Bir Kaymakam\u0131n Da\u011f\u0131stan An\u0131lar\u0131 &#8211; Veysel Karani \u00d6nen Benim Hamzatovum &#8211; Dr. Mustafa \u00c7etin   Say\u0131: 9: Bir Millet \u0130ki Devletiz Ba\u015fbakan Erdo\u011fan&#8217;\u0131n Turan Seferleri &#8211; Mahmut \u00c7etin Ali R\u0131za O\u011flu Haydar Aliyev &#8211; S\u00fcleyman Do\u011fan Haydar Aliyev ve Kurucu Liderlik &#8211; Taha Akyol Bir Da\u011fd\u0131r Devrilen &#8211; Nam\u0131k Kemal Zeybek 2004 Azerbaycan&#8217;da ilham Aliyev y\u0131l\u0131 olarak &#8211; \u0130rfan \u00dclk\u00fc Bug\u00fcnk\u00fc Azerbaycan&#8217;\u0131n \u0130\u00e7 ve D\u0131\u015f Politikas\u0131 &#8211; Dr. Ali Hasanov Haydar Aliyev Ruhuna Rahmet Olsun &#8211; Nevzat Yal\u00e7\u0131nta\u015f Rusya&#8217;n\u0131n D\u00f6n\u00fc\u015f\u00fcm\u00fc Yeni Rusya, Eski Soljenitsin &#8211; \u0130slam Gemici Stalinizm ve T\u00fcrk D\u00fcnyas\u0131 Sempozyumu &#8211; Yrd. Do\u00e7. Dr. Abdulvahap Kara Sorokin ve Yeti\u015ftirdi\u011fi Bunal\u0131m \u00c7a\u011f\u0131 &#8211; Dr. Fahri Atasoy Tarihi Sevdiren Adam \u0130lber Ortayl\u0131 &#8211; \u0130slam Gemici \u00dcniversitelere Frans\u0131z Bilim Disiplini&#8230;Y\u00f6k&#8217;TE Erdo\u011fan Tezi\u00e7 D\u00f6nemi Muammer G\u00f6k\u00e7in Ararat&#8217;tan Sinan \u00c7etin&#8217;e X \u0130li\u015fkiler D\u00fcnyan\u0131n Sempatik Y\u00fcz\u00fc: \u00dcmit Meri\u00e7 Yazan &#8211; Mehmet Nuri Yard\u0131m Naif Ressam Mehmet Emin \u00d6zmen &#8211; Mustafa Nadir \u00d6nay Redhouse&#8217;un Gizemli \u00d6yk\u00fcs\u00fc James W. Redhouse &#8211; Muammer G\u00f6k\u00e7in &#8216;Ge\u00e7en Nesiller, Birer Y\u0131ld\u0131z B\u0131rakarak Gittiler&#8217; Nevzat K\u00f6so\u011flu &#8211; H\u00fcdavendigar Onur Edebiyat\u0131m\u0131z\u0131n G\u00fclery\u00fcz\u00fc &#8211; A. Vahap Akba\u015f Celal Bayar&#8217;\u0131n Torunu Emine G\u00fcrsoy Naskali ayakkab\u0131n\u0131n kitab\u0131n\u0131 yazd\u0131 Mehmet \u00c7\u0131narl\u0131 Altm\u0131\u015f Y\u0131l\u0131n Hikayesi Nokta \u00c7elik &#8216;Gece Ku\u015fu Uzun \u00d6ter&#8217; Hikayesinin Tahlili &#8211; M\u00fcmtaz Sar\u0131\u00e7i\u00e7ek   Say\u0131: 10: Politik \u015eifreler \u0130mge Putlar\u0131 Misyonerli\u011fe \u0130lk Ad\u0131m &#8211; H\u00fcdavendigar Onur Sahne Dervi\u015f Vambery ve Orta Asya Gezisi &#8211; \u0130slam Gemici Umberto Eco, Dan Brown Da Vinci&#8217;nin \u015eifresi &#8211; Mustafa Odaba\u015f Abd\u00fclaziz \u00c7avi\u015f &#8211; Dr. Yusuf Gedikli Rag\u0131p Akyava\u015f&#8217;\u0131n Tarih Me\u015fheri &#8211; Mustafa Nadir \u00d6nay Bir Kafkas \u00c7\u0131nar\u0131 Semenleni Smay\u0131l &#8211; Mustafa \u00d6z\u00fcneg\u00fcven Be\u015fir Ayvazo\u011flu &#8211; Mehmet Nuri Yard\u0131m Bir Analiz Analizi &#8211; Ergun G\u00f6ze \u015eeyh\u00fclislam Mustafa Sabri Efendi Dr. \u0130brahim Nebio\u011flu &#8216;D\u00fcnya Ermeni \u0130\u015fgaline Sessiz&#8217; &#8211; Dr. S\u00fcleyman Do\u011fan Yusuf Kaplan ve Bir Medeniyet Tasavvuru &#8211; Cem S\u00f6kmen Sefa Koyuncu &#8211; Irak&#8217;taki Kanl\u0131 \u015eafak Bir Cumhurba\u015fkan\u0131 \u00d6ld\u00fcr\u00fcld\u00fc &#8211; Zelimhan Yandarbiyev Alberto Vazquez Figueroa Tuareg &#8211; \u0130slam Gemici Osman\u0131l D\u00fcnyas\u0131na Bilge Bir Bak\u0131\u015f Mehmet Gen\u00e7 &#8211; \u00dcmit \u0130smailo\u011flu Nikolay \u0130vanovi\u00e7 \u0130lminskiy &#8211; Mehmet A\u00e7a \u00d6mer Seyfettin &#8216;in k\u0131z\u0131 G\u00fcner Elgen&#8217;le Sohbet &#8211; Mahmut \u00c7etin Koca T\u00fcrkmen Mehmet Ali Ta\u015fc\u0131 &#8211; Veli \u015eirin   Say\u0131: 11: Bu \u00dclkenin \u00c7ocuklar\u0131 Ve reaya ve \u00e7a\u011fda\u015f ve yerli \/ Mahmut \u00c7etin Bu \u00dclkenin \u00c7ocuklar\u0131 \/ Mustafa Everdi Ebubekir Sifil Modern \u00e7a\u011f&#8217;\u0131 sorguluyor \/ Adem Ku\u015fkulu \u0130smet \u00d6zel: Kafirle \u00c7at\u0131\u015fmay\u0131 G\u00f6ze alan M\u00fcsl\u00fcman&#8217;a T\u00fcrk Denir Churchil: T\u00fcrkler M\u00fcsl\u00fcmand\u0131rlar; dolay\u0131s\u0131yla insan say\u0131lmazlar \/ Akif Karaca Anadolu&#8217;nun yavuz bir evlad\u0131 &#8211; Cuma Yavuz \/ Veli \u015eirin \u00c7ocuklara adanan bir hayat \/ Hasan Kallimci &#8211; Mustafa Nadir \u00d6nay T\u00fcrk\u00e7emiz&#8217;in &#8216;Molla Kas\u0131m&#8217;\u0131 Aydil Erol \/ Mehmet Nuri Yard\u0131m Yerli d\u00fc\u015f\u00fcncede bir u\u00e7 beyi \u0130hsan Fazl\u0131o\u011flu \/ Cem S\u00f6kmen Biyografi art\u0131k tarih&#8217;in \u00fcvey evlad\u0131 de\u011fil \/ Burhan Eren Necip Faz\u0131l&#8217;dan hareketle Bat\u0131 Tefekk\u00fcr\u00fc ve \u0130slam Tasavvufu \/ Ersagun Akku\u015f Tarih\u00e7ili\u011fimize y\u00f6n veren adam &#8211; Halil \u0130nalc\u0131k \/ \u00dcmit \u0130smailo\u011flu Metin Tekin ve \u00f6zg\u00fcn eseri As\u0131rl\u0131k Yaz\u0131m\u0131z \/ Mehmet Uyar Ta\u015fla Konu\u015fan Deha: Mimar Sinan \/ Cem S\u00f6kmen Mizah\u0131n esrarengiz yazar\u0131: Ambrose Bierce \/ \u0130slam Gemici Timothy J. Winter&#8217;den Abd\u00fclhakim Murad&#8217;a \/ Sefa Koyuncu Aram Andonyan&#8217;\u0131n g\u00f6z\u00fcyle balkanlar \/ H\u00fcdavendigar Onur Ba\u015fe\u011fmediler \u00dclk\u00fcc\u00fc Hareket&#8217;in gayr\u0131resmi tarihi \/ Mahmut \u00c7etin Osmanl\u0131 yanl\u0131s\u0131 Arap direni\u015f\u00e7i Emir \u015eekib Arslan Dr. Yusuf Gedikli 2. Abd\u00fclhamid Han ve \u015eeyh Muhammed Zafir Kamil B\u00fcy\u00fcker Enver Pa\u015fa&#8217;n\u0131n can yolda\u015f\u0131 Yaver Muhittin Bey \/ Eren G\u00fcndo\u011fan Yusuf Gedikli: &#8216;Yaver&#8217; T\u00fcrk&#8217;\u00fcn T\u00fcrkistan&#8217;daki gelece\u011finin anahtar\u0131d\u0131r T\u00fcrkistan&#8217;da de\u011fi\u015fim s\u00fcreci ve yeni liderler \/ Ahmet Ta\u015fa\u011fagil Cem Kumuk Yazd\u0131: Neredesin Prometheus? Eren G\u00fcndo\u011fan   Say\u0131: 12: Tarih Tarihin \u0130\u015flevi \/ Gelecek Gelece\u011fin \u0130n\u015faas\u0131Teyze ile Prenses&#8217;ten bug\u00fcn\u00fcn ve gelece\u011fin in\u015fas\u0131na \/ Mahmut \u00c7etin Toplumsal sorunlar\u0131 \u00e7\u00f6zme ve gelece\u011fin in\u015fas\u0131nda tarihin i\u015flevi &#8211; Ayhan B\u0131\u00e7ak Yeniden T\u00fcrk Cihan Hakimiyeti i\u00e7in Yine Osman Turan \/ H\u00fcdavendigar Onur Gelece\u011fi vaad eden tarih\u00e7i Ziya Nur Aksun \/ Cemal Ayd\u0131n Tarihi yeniden kurmak&#8230; Bahaeddin \u00d6zki\u015fi \/ Cem S\u00f6kmen Tarihi sevdiren adam Yavuz Bahad\u0131ro\u011flu \/ Mehmet Nuri Yard\u0131m B\u00fcy\u00fck Matematik\u00e7imiz Salih Zeki Bey \/ Celal Sara\u00e7 Yunus Emre ile k\u0131rk y\u0131l Yaman Ar\u0131kan ile konu\u015fma \/ Mahmut \u00c7etin Bir ba\u015fka a\u00e7\u0131dan Moiz Kohen \/ O\u011fuz \u00c7etino\u011flu Hrant Dink: T\u00fcrk&#8217;ten bo\u015falacak o zehirli kan\u0131n&#8230; Bizim soyumuzda Sabetayl\u0131k yoktur \/ Hacer Mirg\u00fcl Eren Griffe \u0130sko\u00e7ya&#8217;daki gizli anla\u015fma hala t\u0131k\u0131r t\u0131k\u0131r&#8230; \/ Enerji ve Tabii Kaynaklar Eski Bakan\u0131 \u0130hsan Topalo\u011flu ile konu\u015fma \/ Hakan Y\u0131lmaz \u00c7ebi Mustafa G\u00fcnsel&#8217;in ard\u0131ndan \/ Hayri Ata\u015f Atat\u00fcrk: Y\u0131l 1937&#8230; Ortado\u011fu&#8217;nun Bat\u0131 emperyalizminin oyun sahas\u0131 olmas\u0131na m\u00fcsaade etmeyece\u011fiz. CIA&#8217;n\u0131n ba\u015fbakan\u0131 Allavi \/ Sefa Koyuncu Gertrude Bell&#8217;den B\u00fcy\u00fck Ortado\u011fu&#8217;ya \/ \u0130slam Gemici Katliam sorumlusu yahudi general bo\u011fuldu Bir m\u00fccadele adam\u0131 olarak Yaser Arafat \/ \u00d6mer \u00d6zkaya Osmanl\u0131 yanl\u0131s\u0131 Arap liderlerden Ali Ba\u015fhanbe \/ Dr. Yusuf Gedikli Arap liderler T\u00fcrkler&#8217;le akraba Varolu\u015f Sinemas\u0131 Ahmet Okur&#8230; Yaylaktan K\u0131\u015fla\u011fa Ahmet Ulu\u00e7ay: Karpuz kabu\u011funda sineman\u0131n ezberini bozmak Nihal Bengisu Karaca \u0130nat\u00e7\u0131 bir y\u00f6netmen: Reis \u00c7elik \u0130dol insana d\u00fc\u015fman \/ Dr. S\u00fcleyman Do\u011fan   Say\u0131: 13 : Zenci Musa Stratejisi Hatt\u0131 M\u00fcdafaa Yoktur Nemrut Ate\u015fi&#8217;ne Zenci Musa Stratejisi \/ Mahmut \u00c7etin Nemrut Ate\u015fi \/ Olcay Yaz\u0131c\u0131 Olcay Yaz\u0131c\u0131: Sava\u015f, Nemrut ate\u015fine su ta\u015f\u0131yanlarla odun ta\u015f\u0131yanlar aras\u0131ndad\u0131r! Konu\u015fan: Erdal \u00d6zkan Umberto Eco: ABD&#8217;nin k\u0131yameti elektrik T\u0131naz Titiz&#8217;den felaket sosyolojisi Zenci Musa: mazlum milletlerin vicdan\u0131 \/ Cem S\u00f6kmen Muhterem Ku\u015f\u00e7uba\u015f\u0131 E\u015fref Bey \/ Ahmet \u00d6zcan Ahmet \u00d6zcan: \u0130\u015fbirlik\u00e7ili\u011fi a\u015fa\u011f\u0131lay\u0131p, direnenlerin izini s\u00fcrmeliyiz Konu\u015fan: Mahmut \u00c7etin Y\u00fcre\u011fine Sa\u011fl\u0131k Ahmet \u00d6zcan \/ Kamil Y\u00fcceoral Durmu\u015f Hocao\u011flu: T\u00fcrkiye ya &#8220;B\u00fcy\u00fck T\u00fcrkiye&#8221; olacak ya da yok olacak!&#8230; Konu\u015fan: Hakan Y\u0131lmaz \u00c7ebi Mehmet A\u011far&#8217;dan yeni bir g\u00fcvenlik \u00f6nerisi Rifaa&#8217;n\u0131n \u00c7ocuklar\u0131: Guy Sorman&#8217;dan tart\u0131\u015f\u0131lacak bir eser T\u00fcrkiye Vard\u0131r&#8230; Bir ayd\u0131n \u00e7\u0131\u011fl\u0131\u011f\u0131 \/ \u00dcmit \u0130smailo\u011flu Mehmet Tanr\u0131sever&#8217;in s\u0131rad\u0131\u015f\u0131 ba\u015far\u0131 \u00f6yk\u00fcs\u00fc Postmodern muhalif: Michael Moore \/ Sefa Koyuncu Douglas Reed&#8217;in emperyalizm g\u00f6zlemleri \/ Adem Ku\u015fkulu Kurtlar Sofras\u0131nda Kan \/ \u0130slam Gemici Misyoner Mr. Potinkres&#8217;in itiraflar\u0131 \/ H\u00fcdavendigar Onur T\u00fcrk\u00e7e D\u00fcnya Dilidir Dr. Mustafa \u00c7etin: D\u00f6nercilerin cirosuyla T\u00fcrk\u00e7e&#8217;nin g\u00fcc\u00fc aras\u0131nda do\u011frudan bir ba\u011flant\u0131 vard\u0131r \/ Konu\u015fan: Sinan Y\u0131ld\u0131z \u0130ngilizce emperyalizmin resmi dilidir \/ \u0130slam Gemici Bilgisayar&#8217;\u0131 i\u015fgalden kurtaran adam \/ Ayd\u0131n K\u00f6ksal Naim Hoca&#8217;y\u0131 hat\u0131rlamak \/ Dr. Necmettin Turinay Bir g\u00fczel insan: Seyyid Ahmed Arvasi \/ Bayram Akcan Unutulmayan Edebiyat\u00e7\u0131lar\u0131m\u0131z Edebiyat\u0131m\u0131zda \u00dcnvanlar \/ Cevdet Y\u00fccel S\u00f6ztutan   Say\u0131: 14: Irak T\u00fcrkmenleri Kim Kimdir Irak T\u00fcrkmenleri&#8217;nde Kim Kimdir? \/ Mahmut \u00c7etin Irak T\u00fcrkmen Edebiyat\u0131&#8217;nda \u015fiir, hikaye ve roman \/ Abd\u00fcllatif Bendero\u011flu Aktaran Dr. Yusuf Gedikli T\u00fcrkiye&#8217;nin T\u00fcrkmeneli Politikas\u0131 Yolba\u015f\u0131 \/ Irak Ger\u00e7e\u011fi ve T\u00fcrkmenler&#8217;in Direni\u015f \u00d6yk\u00fcs\u00fc \/ Yusuf Ziya Arpac\u0131k K\u0131l\u0131\u00e7lar \u00c7ekilirken \/ H\u00fcsamettin T\u00fcrkmen Passioner Liderlik kavram\u0131 ve T\u00fcrkiye D\u00fcnyas\u0131&#8217;nda liderlik sorunu \/ Mahmut \u00c7etin Amerika&#8217;n\u0131n gayri resmi s\u00f6zc\u00fcs\u00fc Robert D. Kaplan \/ \u00dcmit \u0130smail o\u011flu ABD Anti-Emperyalist Birli\u011fi&#8217;nin \u00f6nc\u00fcs\u00fc Mark Twain \/ Sefa Koyuncu Medyada Tanr\u0131sever r\u00fczgar\u0131 \/ Dr. S\u00fcleyman Do\u011fan Sera Yap\u0131m Y\u00f6netim Kurulu Ba\u015fkan\u0131: Kenan Yabanig\u00fcl: Biz de\u011ferlere sahip \u00e7\u0131kan sa\u011flam bir duru\u015fu temsil ediyoruz. Konu\u015fan: Erdal \u00d6zkan Mustafa Everdi&#8217;nin gayr\u0131resmi hat\u0131ralar\u0131 \/ Nihat \u00c7eliker T\u00fcrkl\u00fc\u011f\u00fcn gururu Profes\u00f6r Veziro\u011flu \/ S\u00fcleyman Do\u011fan<\/p>\n","protected":false},"excerpt":{"rendered":"<p>\u0130\u00c7\u0130NDEK\u0130LER Say\u0131: 8: Ter\u00f6rizm Ard\u0131ndaki Ger\u00e7ek: Entegrizm Ter\u00f6r \u00fcretenler ve ma\u011fdurlar\u0131 &#8211; Muammer G\u00f6k\u00e7in Olivier Roy&#8221;Bu Kadar Karma\u015f\u0131k Bir Toplumun Bu Kadar Kusursuz \u0130\u015flemesi Beni \u00c7ok<span class=\"excerpt-hellip\"> [\u2026]<\/span><\/p>\n","protected":false},"featured_media":0,"template":"","meta":{"_monsterinsights_skip_tracking":false,"_monsterinsights_sitenote_active":false,"_monsterinsights_sitenote_note":"","_monsterinsights_sitenote_category":0},"product_brand":[],"product_cat":[12304,13493],"product_tag":[],"class_list":{"0":"post-697379","1":"product","2":"type-product","3":"status-publish","5":"product_cat-tarih","6":"product_cat-turkiye-ve-cumhuriyet-tarihi","7":"pa_cilt-ciltsiz","8":"pa_tur-kitap","9":"pa_yayinevi-biyografi-net-yayincilik","10":"pa_yazar-kolektif","12":"first","13":"instock","14":"sale","15":"shipping-taxable","16":"purchasable","17":"product-type-simple"},"_links":{"self":[{"href":"https:\/\/roveyayinevi.com.tr\/index.php\/wp-json\/wp\/v2\/product\/697379","targetHints":{"allow":["GET"]}}],"collection":[{"href":"https:\/\/roveyayinevi.com.tr\/index.php\/wp-json\/wp\/v2\/product"}],"about":[{"href":"https:\/\/roveyayinevi.com.tr\/index.php\/wp-json\/wp\/v2\/types\/product"}],"wp:attachment":[{"href":"https:\/\/roveyayinevi.com.tr\/index.php\/wp-json\/wp\/v2\/media?parent=697379"}],"wp:term":[{"taxonomy":"product_brand","embeddable":true,"href":"https:\/\/roveyayinevi.com.tr\/index.php\/wp-json\/wp\/v2\/product_brand?post=697379"},{"taxonomy":"product_cat","embeddable":true,"href":"https:\/\/roveyayinevi.com.tr\/index.php\/wp-json\/wp\/v2\/product_cat?post=697379"},{"taxonomy":"product_tag","embeddable":true,"href":"https:\/\/roveyayinevi.com.tr\/index.php\/wp-json\/wp\/v2\/product_tag?post=697379"}],"curies":[{"name":"wp","href":"https:\/\/api.w.org\/{rel}","templated":true}]}}