{"id":697378,"date":"2025-08-27T14:39:41","date_gmt":"2025-08-27T11:39:41","guid":{"rendered":"https:\/\/roveyayinevi.com.tr\/index.php\/urun\/aydin-yabancilasmasi\/"},"modified":"2026-04-16T02:07:13","modified_gmt":"2026-04-15T23:07:13","slug":"aydin-yabancilasmasi","status":"publish","type":"product","link":"https:\/\/roveyayinevi.com.tr\/index.php\/urun\/aydin-yabancilasmasi\/","title":{"rendered":"Ayd\u0131n Yabanc\u0131la\u015fmas\u0131"},"content":{"rendered":"<p>Ara\u015ft\u0131rmac\u0131-yazar Mahmut \u00c7etin&#8217;in kaleme ald\u0131\u011f\u0131 Ayd\u0131n Yabanc\u0131la\u015fmas\u0131 adl\u0131 ara\u015ft\u0131rma yay\u0131nland\u0131. Ayd\u0131n Yabanc\u0131la\u015fmas\u0131, (\u00fcstse\u00e7kin heterodoksi) ba\u015fl\u0131\u011f\u0131 alt\u0131nda T\u00fcrk ayd\u0131n\u0131n\u0131n yabanc\u0131la\u015fma s\u00fcre\u00e7lerini ele al\u0131yor. Mahmut \u00c7etin kitab\u0131n \u00f6ns\u00f6z\u00fcnde konuya genel yakla\u015f\u0131m\u0131n\u0131 \u015f\u00f6yle \u00f6zetliyor: &#8216;Ayd\u0131n Yabanc\u0131la\u015fmas\u0131&#8217;, kronolojik manada bir bat\u0131l\u0131la\u015fma tarihi de\u011fildir&#8230; &#8216;Ayd\u0131n Yabanc\u0131la\u015fmas\u0131&#8217;nda bir \u00e7\u00f6z\u00fclmenin zihniyet plan\u0131ndaki s\u00fcre\u00e7, a\u015fama ve ili\u015fkileri kavram ve ki\u015filer baz\u0131nda tespit edilmek istenmi\u015ftir.  ,&#8217;Ayd\u0131n Yabanc\u0131la\u015fmas\u0131&#8217; adl\u0131 \u00e7al\u0131\u015fmam\u0131z, T\u00fcrk ayd\u0131n\u0131n\u0131n d\u00fc\u015f\u00fcnce de\u011fi\u015fim halkalar\u0131n\u0131 incelemektedir. &#8216;Ayd\u0131n Yabanc\u0131la\u015fmas\u0131&#8217;nda gelenek kar\u015f\u0131t\u0131 cephenin zevk\u00e7ilik, heterodoks inan\u00e7lara y\u00f6neli\u015f, masonluk, pozitivizm, sosyalizm ve kozmopolitizm \u015feklinde olu\u015fan de\u011fi\u015fim a\u015famalar\u0131 ele al\u0131nm\u0131\u015ft\u0131r.  &#8216;Ayd\u0131n Yabanc\u0131la\u015fmas\u0131&#8217;nda yer alan ara b\u00f6l\u00fcmlerde, birbiriyle z\u0131t gibi g\u00f6r\u00fcnen anlay\u0131\u015flar\u0131n, \u00fclkemizdeki heterodoks inan\u00e7larla kayna\u015ft\u0131klar\u0131n\u0131 ve giderek kozmopolit bir ortak cephede, nas\u0131l aynile\u015ftiklerini de g\u00f6rece\u011fiz. <\/p>\n","protected":false},"excerpt":{"rendered":"<p>Ara\u015ft\u0131rmac\u0131-yazar Mahmut \u00c7etin&#8217;in kaleme ald\u0131\u011f\u0131 Ayd\u0131n Yabanc\u0131la\u015fmas\u0131 adl\u0131 ara\u015ft\u0131rma yay\u0131nland\u0131. Ayd\u0131n Yabanc\u0131la\u015fmas\u0131, (\u00fcstse\u00e7kin heterodoksi) ba\u015fl\u0131\u011f\u0131 alt\u0131nda T\u00fcrk ayd\u0131n\u0131n\u0131n yabanc\u0131la\u015fma s\u00fcre\u00e7lerini ele al\u0131yor. Mahmut \u00c7etin kitab\u0131n \u00f6ns\u00f6z\u00fcnde<span class=\"excerpt-hellip\"> [\u2026]<\/span><\/p>\n","protected":false},"featured_media":0,"template":"","meta":{"_monsterinsights_skip_tracking":false,"_monsterinsights_sitenote_active":false,"_monsterinsights_sitenote_note":"","_monsterinsights_sitenote_category":0},"product_brand":[],"product_cat":[12304,13650],"product_tag":[],"class_list":{"0":"post-697378","1":"product","2":"type-product","3":"status-publish","5":"product_cat-tarih","6":"product_cat-turk-tarihi-arastirmalari","7":"pa_cilt-ciltsiz","8":"pa_tur-kitap","9":"pa_yayinevi-biyografi-net-yayincilik","10":"pa_yazar-mahmut-cetin","12":"first","13":"instock","14":"sale","15":"shipping-taxable","16":"purchasable","17":"product-type-simple"},"_links":{"self":[{"href":"https:\/\/roveyayinevi.com.tr\/index.php\/wp-json\/wp\/v2\/product\/697378","targetHints":{"allow":["GET"]}}],"collection":[{"href":"https:\/\/roveyayinevi.com.tr\/index.php\/wp-json\/wp\/v2\/product"}],"about":[{"href":"https:\/\/roveyayinevi.com.tr\/index.php\/wp-json\/wp\/v2\/types\/product"}],"wp:attachment":[{"href":"https:\/\/roveyayinevi.com.tr\/index.php\/wp-json\/wp\/v2\/media?parent=697378"}],"wp:term":[{"taxonomy":"product_brand","embeddable":true,"href":"https:\/\/roveyayinevi.com.tr\/index.php\/wp-json\/wp\/v2\/product_brand?post=697378"},{"taxonomy":"product_cat","embeddable":true,"href":"https:\/\/roveyayinevi.com.tr\/index.php\/wp-json\/wp\/v2\/product_cat?post=697378"},{"taxonomy":"product_tag","embeddable":true,"href":"https:\/\/roveyayinevi.com.tr\/index.php\/wp-json\/wp\/v2\/product_tag?post=697378"}],"curies":[{"name":"wp","href":"https:\/\/api.w.org\/{rel}","templated":true}]}}