{"id":697374,"date":"2025-08-27T14:39:40","date_gmt":"2025-08-27T11:39:40","guid":{"rendered":"https:\/\/roveyayinevi.com.tr\/index.php\/urun\/zanaatkar\/"},"modified":"2026-04-16T02:07:13","modified_gmt":"2026-04-15T23:07:13","slug":"zanaatkar","status":"publish","type":"product","link":"https:\/\/roveyayinevi.com.tr\/index.php\/urun\/zanaatkar\/","title":{"rendered":"Zanaatkar"},"content":{"rendered":"<p>Zanaatk\u00e2r, temel bir insani i\u00e7g\u00fcd\u00fcyle ilgilidir: bir i\u015fi ba\u015fka bir \u015fey i\u00e7in de\u011fil de yaln\u0131z o i\u015f i\u00e7in yapmak. S\u00f6zc\u00fck, end\u00fcstri toplumunun geli\u015fiyle yitmekte olan bir ya\u015fam tarz\u0131n\u0131 akla getiriyor olsa da, zanaatkar\u0131n d\u00fcnyas\u0131 maharetli el eme\u011finin \u00e7ok \u00f6tesine, bug\u00fcne, b\u00fct\u00fcn insan u\u011fra\u015flar\u0131na uzan\u0131yor. Dolay\u0131s\u0131yla, bu kitap bilgisayar programc\u0131s\u0131n\u0131n, doktorun, ebeveynlerin, k\u0131sacas\u0131 her yurtta\u015f\u0131n iyi zanaatk\u00e2rl\u0131\u011f\u0131n de\u011ferlerini \u00f6\u011frenerek neler kazanaca\u011f\u0131n\u0131 anlat\u0131yor. \ufffcTan\u0131t\u0131m Metni<\/p>\n","protected":false},"excerpt":{"rendered":"<p>Zanaatk\u00e2r, temel bir insani i\u00e7g\u00fcd\u00fcyle ilgilidir: bir i\u015fi ba\u015fka bir \u015fey i\u00e7in de\u011fil de yaln\u0131z o i\u015f i\u00e7in yapmak. S\u00f6zc\u00fck, end\u00fcstri toplumunun geli\u015fiyle yitmekte olan bir<span class=\"excerpt-hellip\"> [\u2026]<\/span><\/p>\n","protected":false},"featured_media":0,"template":"","meta":{"_monsterinsights_skip_tracking":false,"_monsterinsights_sitenote_active":false,"_monsterinsights_sitenote_note":"","_monsterinsights_sitenote_category":0},"product_brand":[],"product_cat":[12312,12304],"product_tag":[],"class_list":{"0":"post-697374","1":"product","2":"type-product","3":"status-publish","5":"product_cat-diger","6":"product_cat-tarih","7":"pa_cilt-ciltsiz","8":"pa_tur-kitap","9":"pa_yayinevi-ayrinti-yayinlari","10":"pa_yazar-richard-sennett","12":"first","13":"instock","14":"sale","15":"shipping-taxable","16":"purchasable","17":"product-type-simple"},"_links":{"self":[{"href":"https:\/\/roveyayinevi.com.tr\/index.php\/wp-json\/wp\/v2\/product\/697374","targetHints":{"allow":["GET"]}}],"collection":[{"href":"https:\/\/roveyayinevi.com.tr\/index.php\/wp-json\/wp\/v2\/product"}],"about":[{"href":"https:\/\/roveyayinevi.com.tr\/index.php\/wp-json\/wp\/v2\/types\/product"}],"wp:attachment":[{"href":"https:\/\/roveyayinevi.com.tr\/index.php\/wp-json\/wp\/v2\/media?parent=697374"}],"wp:term":[{"taxonomy":"product_brand","embeddable":true,"href":"https:\/\/roveyayinevi.com.tr\/index.php\/wp-json\/wp\/v2\/product_brand?post=697374"},{"taxonomy":"product_cat","embeddable":true,"href":"https:\/\/roveyayinevi.com.tr\/index.php\/wp-json\/wp\/v2\/product_cat?post=697374"},{"taxonomy":"product_tag","embeddable":true,"href":"https:\/\/roveyayinevi.com.tr\/index.php\/wp-json\/wp\/v2\/product_tag?post=697374"}],"curies":[{"name":"wp","href":"https:\/\/api.w.org\/{rel}","templated":true}]}}