{"id":697373,"date":"2025-08-27T14:39:40","date_gmt":"2025-08-27T11:39:40","guid":{"rendered":"https:\/\/roveyayinevi.com.tr\/index.php\/urun\/watt\/"},"modified":"2026-04-16T02:07:13","modified_gmt":"2026-04-15T23:07:13","slug":"watt","status":"publish","type":"product","link":"https:\/\/roveyayinevi.com.tr\/index.php\/urun\/watt\/","title":{"rendered":"Watt"},"content":{"rendered":"<p>Watt, y\u00fczy\u0131la damgas\u0131n\u0131 vurmu\u015f birka\u00e7 yazardan biri olan Samuel Beckett\u2019in yazd\u0131\u011f\u0131 ikinci \u201croman.\u201d \u0130kinci D\u00fcnya Sava\u015f\u0131 s\u0131ras\u0131nda yaz\u0131lmas\u0131na ve Beckett\u2019in Frans\u0131z direni\u015f hareketine aktif olarak kat\u0131lm\u0131\u015f olmas\u0131na ra\u011fmen sava\u015fla ilgili hi\u00e7bir \u015fey i\u00e7ermiyor. Peki neyle ilgili bu roman? Hi\u00e7bir \u015feyle. Olay \u00f6rg\u00fcs\u00fc yok (olay yok ki zaten); karakter deseniz, Watt\u2019\u0131 ya da Bay Knott\u2019u ne kadar karakter sayabilirseniz o kadar var, yani hak getire; parlak c\u00fcmleler, Joycevari \u00fcslup cambazl\u0131klar\u0131 ar\u0131yorsan\u0131z, \u00fczg\u00fcn\u00fcz: Namevcut. Simgesever okurlar\u0131 da \u00f6nceden uyarmal\u0131: Beckett son c\u00fcmlede, \u201cyazd\u0131klar\u0131mda simgesel anlam arayanlar\u0131n boynu alt\u0131nda kals\u0131n\u201d demekte, aman dikkat. Ne var peki? Watt diye bir adam var, g\u00fclmeyi bile bilmiyor, sessiz sinema komikleri gibi y\u00fcr\u00fcyor, acayip bir bi\u00e7imde konu\u015fuyor; garip bir \u201canlamsal kesinlik\u201d ihtiyac\u0131 i\u00e7inde, her \u015feye bir de kendisinin ad vermesi; en s\u0131radan i\u015flerin (s\u00f6zgelimi bir k\u00f6pe\u20ace yemek verilmesinin) olas\u0131b\u00fct\u00fcn y\u00fcr\u00fct\u00fcl\u00fc\u015f bi\u00e7imlerini g\u00f6zden ge\u00e7irip akla en uygun bi\u00e7imde yeniden kurmas\u0131 gerekiyor zihninde. (Metin bu t\u00fcrden, kimilerine i\u00e7 bay\u0131c\u0131 kimilerine ise \u00e7ok e\u011flenceli gelebilecek, k\u0131l\u0131 k\u0131rk yaran ak\u0131l y\u00fcr\u00fctmelerle dolu). Watt, Bay Knott diye birinin evine u\u015fak olarak giriyor, orada bir s\u00fcre kal\u0131yor, sonra da ayr\u0131l\u0131yor. \u201cOlay\u201d bundan ibaret. Arada da birbirinden grotesk birka\u00e7 ki\u015fi girip \u00e7\u0131k\u0131yor metne. Hepsi bu. Ba\u015fka ne var? E\u015fi benzeri olmayan m\u00fcthi\u015f bir kara mizah; \u201cinsan t\u00fcr\u00fcn\u00fcn soylulu\u011fu\u201d denen \u015feyin, \u00f6zellikle de insan zihninin abuk sabuklu\u011funun ac\u0131mas\u0131zca te\u015fhir edilmesi, ola\u011fan\u00fcst\u00fc yal\u0131n ve karma\u015f\u0131k olmay\u0131 inan\u0131lmaz bi\u00e7imde birle\u015ftiren bir dile de sahip bizce. \u201cG\u00fcld\u00fcr\u00fcrken can ac\u0131tan\u201d bir kitap. \u201cZor\u201d metinler okumay\u0131 g\u00f6ze alanlar i\u00e7in vazge\u00e7ilmez&#8230;<\/p>\n","protected":false},"excerpt":{"rendered":"<p>Watt, y\u00fczy\u0131la damgas\u0131n\u0131 vurmu\u015f birka\u00e7 yazardan biri olan Samuel Beckett\u2019in yazd\u0131\u011f\u0131 ikinci \u201croman.\u201d \u0130kinci D\u00fcnya Sava\u015f\u0131 s\u0131ras\u0131nda yaz\u0131lmas\u0131na ve Beckett\u2019in Frans\u0131z direni\u015f hareketine aktif olarak kat\u0131lm\u0131\u015f<span class=\"excerpt-hellip\"> [\u2026]<\/span><\/p>\n","protected":false},"featured_media":0,"template":"","meta":{"_monsterinsights_skip_tracking":false,"_monsterinsights_sitenote_active":false,"_monsterinsights_sitenote_note":"","_monsterinsights_sitenote_category":0},"product_brand":[],"product_cat":[12291,12866],"product_tag":[],"class_list":{"0":"post-697373","1":"product","2":"type-product","3":"status-publish","5":"product_cat-edebiyat","6":"product_cat-ingiliz-edebiyati","7":"pa_cilt-ciltsiz","8":"pa_tur-kitap","9":"pa_yayinevi-ayrinti-yayinlari","10":"pa_yazar-samuel-beckett","12":"first","13":"instock","14":"sale","15":"shipping-taxable","16":"purchasable","17":"product-type-simple"},"_links":{"self":[{"href":"https:\/\/roveyayinevi.com.tr\/index.php\/wp-json\/wp\/v2\/product\/697373","targetHints":{"allow":["GET"]}}],"collection":[{"href":"https:\/\/roveyayinevi.com.tr\/index.php\/wp-json\/wp\/v2\/product"}],"about":[{"href":"https:\/\/roveyayinevi.com.tr\/index.php\/wp-json\/wp\/v2\/types\/product"}],"wp:attachment":[{"href":"https:\/\/roveyayinevi.com.tr\/index.php\/wp-json\/wp\/v2\/media?parent=697373"}],"wp:term":[{"taxonomy":"product_brand","embeddable":true,"href":"https:\/\/roveyayinevi.com.tr\/index.php\/wp-json\/wp\/v2\/product_brand?post=697373"},{"taxonomy":"product_cat","embeddable":true,"href":"https:\/\/roveyayinevi.com.tr\/index.php\/wp-json\/wp\/v2\/product_cat?post=697373"},{"taxonomy":"product_tag","embeddable":true,"href":"https:\/\/roveyayinevi.com.tr\/index.php\/wp-json\/wp\/v2\/product_tag?post=697373"}],"curies":[{"name":"wp","href":"https:\/\/api.w.org\/{rel}","templated":true}]}}