{"id":697371,"date":"2025-08-27T14:39:39","date_gmt":"2025-08-27T11:39:39","guid":{"rendered":"https:\/\/roveyayinevi.com.tr\/index.php\/urun\/gitme-donmezsin\/"},"modified":"2026-04-16T02:07:13","modified_gmt":"2026-04-15T23:07:13","slug":"gitme-donmezsin","status":"publish","type":"product","link":"https:\/\/roveyayinevi.com.tr\/index.php\/urun\/gitme-donmezsin\/","title":{"rendered":"Gitme D\u00f6nmezsin"},"content":{"rendered":"<p>Gitmeler izle\u011fi \u00fczerine kurulmu\u015f on d\u00f6rt \u00f6yk\u00fcde derin s\u0131z\u0131lara at\u0131lm\u0131\u015f ad\u0131lar sakl\u0131. Mavisel Yener, bir daha d\u00f6nmemek \u00fczere \u00e7ekip gidenleri anlatt\u0131\u011f\u0131 \u00f6yk\u00fclerinde okura incelikli duygular ya\u015fat\u0131yor. Kimi zaman bir kitap, bir insandan daha fazla kal\u0131r hayat\u0131m\u0131zda. \u0130\u015fte \u015fimdi, b\u00f6yle bir kitapla kar\u015f\u0131 kar\u015f\u0131yay\u0131z&#8230;  Kedi \u00f6p\u00fcc\u00fc\u011f\u00fc nedir bilir misiniz?   Hay\u0131r, nedir?   Ben uydurdum bunu. Kedim her sabah saat \u00e7ald\u0131\u011f\u0131nda benimle beraber uyan\u0131r. Ne yapsam pe\u015fimde&#8230; Lavaboda elimi y\u00fcz\u00fcm\u00fc y\u0131k\u0131yorum o da musluktan su i\u00e7iyor. Sonra patisiyle y\u00fcz\u00fcn\u00fc y\u0131k\u0131yor. \u0130\u015fi bitince surat\u0131n\u0131 bana do\u011fru uzat\u0131yor ve her zaman \u0131slak olan \u00e7izgili burnuyla y\u00fcz\u00fcm\u00fc bir g\u00fczel \u00f6p\u00fcyor. Bu, farkl\u0131 bir \u00f6p\u00fc\u015f. Burnu \u0131slak&#8230; Kar\u015f\u0131s\u0131ndaki \u00f6pece\u011fi zaman \u0131slan\u0131yor. Kar\u015f\u0131l\u0131ks\u0131z, i\u00e7ten gelen bir \u00f6p\u00fcc\u00fck&#8230; Bililyor musun, sen istesen bile kedi kendini asla \u00f6pt\u00fcrm\u00fcyor. Ne yaparsan yap o \u00f6p\u00fcc\u00fc\u011f\u00fc vermiyor. Kedi bunu senin \u00f6yle bir an\u0131nda veriyor ki, can\u0131n s\u0131k\u0131ld\u0131\u011f\u0131nda, yaln\u0131z kald\u0131\u011f\u0131nda, kendini k\u00f6t\u00fc duyumsad\u0131\u011f\u0131n, anlarda geliyor, sana sokuluyor ve \u00f6p\u00fcveriyor. <\/p>\n","protected":false},"excerpt":{"rendered":"<p>Gitmeler izle\u011fi \u00fczerine kurulmu\u015f on d\u00f6rt \u00f6yk\u00fcde derin s\u0131z\u0131lara at\u0131lm\u0131\u015f ad\u0131lar sakl\u0131. Mavisel Yener, bir daha d\u00f6nmemek \u00fczere \u00e7ekip gidenleri anlatt\u0131\u011f\u0131 \u00f6yk\u00fclerinde okura incelikli duygular ya\u015fat\u0131yor.<span class=\"excerpt-hellip\"> [\u2026]<\/span><\/p>\n","protected":false},"featured_media":0,"template":"","meta":{"_monsterinsights_skip_tracking":false,"_monsterinsights_sitenote_active":false,"_monsterinsights_sitenote_note":"","_monsterinsights_sitenote_category":0},"product_brand":[],"product_cat":[12291,12711],"product_tag":[],"class_list":{"0":"post-697371","1":"product","2":"type-product","3":"status-publish","5":"product_cat-edebiyat","6":"product_cat-roman-oyku","7":"pa_tur-kitap","8":"pa_yayinevi-bilgi-yayinevi","9":"pa_yazar-mavisel-yener","11":"first","12":"instock","13":"sale","14":"shipping-taxable","15":"purchasable","16":"product-type-simple"},"_links":{"self":[{"href":"https:\/\/roveyayinevi.com.tr\/index.php\/wp-json\/wp\/v2\/product\/697371","targetHints":{"allow":["GET"]}}],"collection":[{"href":"https:\/\/roveyayinevi.com.tr\/index.php\/wp-json\/wp\/v2\/product"}],"about":[{"href":"https:\/\/roveyayinevi.com.tr\/index.php\/wp-json\/wp\/v2\/types\/product"}],"wp:attachment":[{"href":"https:\/\/roveyayinevi.com.tr\/index.php\/wp-json\/wp\/v2\/media?parent=697371"}],"wp:term":[{"taxonomy":"product_brand","embeddable":true,"href":"https:\/\/roveyayinevi.com.tr\/index.php\/wp-json\/wp\/v2\/product_brand?post=697371"},{"taxonomy":"product_cat","embeddable":true,"href":"https:\/\/roveyayinevi.com.tr\/index.php\/wp-json\/wp\/v2\/product_cat?post=697371"},{"taxonomy":"product_tag","embeddable":true,"href":"https:\/\/roveyayinevi.com.tr\/index.php\/wp-json\/wp\/v2\/product_tag?post=697371"}],"curies":[{"name":"wp","href":"https:\/\/api.w.org\/{rel}","templated":true}]}}