{"id":697367,"date":"2025-08-27T14:39:38","date_gmt":"2025-08-27T11:39:38","guid":{"rendered":"https:\/\/roveyayinevi.com.tr\/index.php\/urun\/fulyanin-bebekleri\/"},"modified":"2026-04-16T02:07:13","modified_gmt":"2026-04-15T23:07:13","slug":"fulyanin-bebekleri","status":"publish","type":"product","link":"https:\/\/roveyayinevi.com.tr\/index.php\/urun\/fulyanin-bebekleri\/","title":{"rendered":"Fulya\u2019n\u0131n Bebekleri"},"content":{"rendered":"<p>\u00c7ocuklar\u0131n &#8220;yazar dede&#8221;sinden hem okul \u00f6ncesi hem de ilk okuma d\u00f6nemi i\u00e7in&#8230; Reng\u00e2renk, c\u0131v\u0131l c\u0131v\u0131l, oyun ve bilgi dolu&#8230;Okuma al\u0131\u015fkanl\u0131\u011f\u0131na do\u011fru&#8230;Minik ku\u015f, uykucu Pelin, inat\u00e7\u0131 ke\u00e7i, f\u0131sf\u0131s fil ve daha bir\u00e7ok yeni oyun arkada\u015f\u0131 siz \u00e7ocuklar\u0131 bu \u00f6yk\u00fclerde bekliyor. Bu \u00f6yk\u00fclerle hem ilk okuma heyecan\u0131n\u0131 ya\u015fayacak hem de bamba\u015fka d\u00fcnyalara gideceksiniz.<\/p>\n","protected":false},"excerpt":{"rendered":"<p>\u00c7ocuklar\u0131n &#8220;yazar dede&#8221;sinden hem okul \u00f6ncesi hem de ilk okuma d\u00f6nemi i\u00e7in&#8230; Reng\u00e2renk, c\u0131v\u0131l c\u0131v\u0131l, oyun ve bilgi dolu&#8230;Okuma al\u0131\u015fkanl\u0131\u011f\u0131na do\u011fru&#8230;Minik ku\u015f, uykucu Pelin, inat\u00e7\u0131 ke\u00e7i,<span class=\"excerpt-hellip\"> [\u2026]<\/span><\/p>\n","protected":false},"featured_media":0,"template":"","meta":{"_monsterinsights_skip_tracking":false,"_monsterinsights_sitenote_active":false,"_monsterinsights_sitenote_note":"","_monsterinsights_sitenote_category":0},"product_brand":[],"product_cat":[12274,12284],"product_tag":[],"class_list":{"0":"post-697367","1":"product","2":"type-product","3":"status-publish","5":"product_cat-cocuk-ve-genclik-kitaplari","6":"product_cat-hikayeler","7":"pa_cilt-ciltsiz","8":"pa_tur-kitap","9":"pa_yayinevi-bilgi-yayinevi-cocuk","10":"pa_yazar-muzaffer-izgu","12":"first","13":"instock","14":"sale","15":"shipping-taxable","16":"purchasable","17":"product-type-simple"},"_links":{"self":[{"href":"https:\/\/roveyayinevi.com.tr\/index.php\/wp-json\/wp\/v2\/product\/697367","targetHints":{"allow":["GET"]}}],"collection":[{"href":"https:\/\/roveyayinevi.com.tr\/index.php\/wp-json\/wp\/v2\/product"}],"about":[{"href":"https:\/\/roveyayinevi.com.tr\/index.php\/wp-json\/wp\/v2\/types\/product"}],"wp:attachment":[{"href":"https:\/\/roveyayinevi.com.tr\/index.php\/wp-json\/wp\/v2\/media?parent=697367"}],"wp:term":[{"taxonomy":"product_brand","embeddable":true,"href":"https:\/\/roveyayinevi.com.tr\/index.php\/wp-json\/wp\/v2\/product_brand?post=697367"},{"taxonomy":"product_cat","embeddable":true,"href":"https:\/\/roveyayinevi.com.tr\/index.php\/wp-json\/wp\/v2\/product_cat?post=697367"},{"taxonomy":"product_tag","embeddable":true,"href":"https:\/\/roveyayinevi.com.tr\/index.php\/wp-json\/wp\/v2\/product_tag?post=697367"}],"curies":[{"name":"wp","href":"https:\/\/api.w.org\/{rel}","templated":true}]}}