{"id":697366,"date":"2025-08-27T14:39:38","date_gmt":"2025-08-27T11:39:38","guid":{"rendered":"https:\/\/roveyayinevi.com.tr\/index.php\/urun\/katre-i-matem\/"},"modified":"2026-03-26T17:39:38","modified_gmt":"2026-03-26T14:39:38","slug":"katre-i-matem","status":"publish","type":"product","link":"https:\/\/roveyayinevi.com.tr\/index.php\/urun\/katre-i-matem\/","title":{"rendered":"Katre-i Matem"},"content":{"rendered":"<p>Roman, m\u00fczayededen al\u0131nan elyazmas\u0131 bir kitab\u0131n hik\u00e2yesi olarak ba\u015fl\u0131yor. Okurlar, bu elyazmas\u0131 kitab\u0131n a\u00e7t\u0131\u011f\u0131 kap\u0131dan i\u00e7eri giriyor, bir devre ad\u0131n\u0131 veren lalenin izinde \u0130skender Pala\u2019n\u0131n yaratt\u0131\u011f\u0131 etkileyici ve b\u00fcy\u00fcleyici bir atmosferin i\u00e7inde yol al\u0131yor.\u0130stanbul bu romanda, karma\u015fas\u0131, heyecan\u0131, isyanlar\u0131, kalabal\u0131\u011f\u0131 ile lalelere b\u00fcr\u00fcn\u00fcyor. \u00d6yle ki lale sadece bir \u00e7i\u00e7ek de\u011fil, bir ya\u015fay\u0131\u015f tarz\u0131, estetik bir tav\u0131r, k\u00fclt\u00fcrel ve tarihsel bir birikim olarak \u0130stanbul\u2019u, hatta t\u00fcm Osmanl\u0131\u2019y\u0131 \u00e7evreliyor. \u0130stanbul, do\u011fal t\u00fcm g\u00fczelliklerinin, mimari \u015faheserlerinin tarih\u00ee debdebesi ile beraber lalezarlara, lale yar\u0131\u015flar\u0131na, lale \u015fiirlerine bezeniyor; lalelerin \u015fehri, renklerin \u015fehri, yapraklar\u0131n \u015fehri haline d\u00f6n\u00fc\u015f\u00fcyor.\u0130skender Pala, Katre-i Matem\u2019de usta kalemiyle lalelere bezedi\u011fi \u0130stanbul\u2019da kavu\u015fup doyulamayan, kavu\u015fulamay\u0131p yakan a\u015fklar\u0131n elemli ve Osmanl\u0131 hallerini de t\u00fcm \u0131st\u0131rap ve co\u015fkular\u0131yla anlat\u0131yor. Sevdi\u011fini, a\u015fklar\u0131n\u0131n ilk gecesinde kaybeden \u015eahin\u2019in maceras\u0131n\u0131 anlatan roman, bu kayb\u0131n ard\u0131ndaki esrar\u0131 \u00e7\u00f6zmek i\u00e7in k\u00fclhanlara, tomruklara, lalezarlara ve hatta Osmanl\u0131 saray\u0131na kadar gidiyor. \u0130\u015fte bu yolculuk, okuru hi\u00e7 ummad\u0131\u011f\u0131 yerlerde hi\u00e7 ummad\u0131\u011f\u0131 maceralarla kar\u015f\u0131la\u015ft\u0131r\u0131yor.Cinayetlerin g\u00f6lgesiyle giderek gizemli bir hal alan olaylar Lale Devrine nihayet veren Patrona Halil \u0130syan\u0131n\u0131n yak\u0131c\u0131 siyasal \u00e7alkant\u0131lar\u0131yla birlikte \u00e7\u00f6z\u00fclmeye ba\u015fl\u0131yor.Kalemimi hokkaya band\u0131rd\u0131\u011f\u0131m \u015fu anda \u2013ki Nev\u015fehirli Damat \u0130brahim Pa\u015fa\u2019y\u0131 can\u0131ndan; Sultan III. Ahmet\u2019i de taht\u0131ndan eden cehennemden ni\u015fan Eyl\u00fcl \u0130htilali\u2019nin \u00fczerinden hen\u00fcz iki hafta ge\u00e7ti- \u015fahit oldu\u011fum olaylar\u0131 yaz\u0131p yazmamakta karars\u0131z say\u0131l\u0131r\u0131m. Bilemiyorum. Yazmak gerekti\u011fini d\u00fc\u015f\u00fcnd\u00fc\u011f\u00fcm \u015feyler bir bak\u0131ma devlete ait s\u0131rlar\u0131 if\u015fa etmek gibi bir ihanetin a\u011f\u0131rl\u0131\u011f\u0131n\u0131 da vicdan\u0131ma y\u00fckleyecek. \u00d6te yandan \u015eark\u2019\u0131n kutsal \u00e7i\u00e7e\u011fi laleye dair yorumlarda bulunacak ve belki \u015f\u00fckufeciyan esnaf\u0131n\u0131 g\u00fccendirmi\u015f de olaca\u011f\u0131m. Ama birisi \u00e7\u0131k\u0131p yi\u011fit \u015eehzade Ahmet\u2019i, a\u015fa\u011f\u0131l\u0131k isyanc\u0131lar\u0131n yapt\u0131klar\u0131n\u0131, cennete benzeyen \u0130stanbul\u2019u ve Sadabat\u2019\u0131n laleye katt\u0131\u011f\u0131 zarafeti anlatmazsa bu dahi tarihe ve \u015fehre haks\u0131zl\u0131k say\u0131l\u0131r. <\/p>\n","protected":false},"excerpt":{"rendered":"<p>Roman, m\u00fczayededen al\u0131nan elyazmas\u0131 bir kitab\u0131n hik\u00e2yesi olarak ba\u015fl\u0131yor. Okurlar, bu elyazmas\u0131 kitab\u0131n a\u00e7t\u0131\u011f\u0131 kap\u0131dan i\u00e7eri giriyor, bir devre ad\u0131n\u0131 veren lalenin izinde \u0130skender Pala\u2019n\u0131n yaratt\u0131\u011f\u0131<span class=\"excerpt-hellip\"> [\u2026]<\/span><\/p>\n","protected":false},"featured_media":0,"template":"","meta":{"_monsterinsights_skip_tracking":false,"_monsterinsights_sitenote_active":false,"_monsterinsights_sitenote_note":"","_monsterinsights_sitenote_category":0},"product_brand":[],"product_cat":[12291,12711],"product_tag":[],"class_list":{"0":"post-697366","1":"product","2":"type-product","3":"status-publish","5":"product_cat-edebiyat","6":"product_cat-roman-oyku","7":"pa_cilt-ciltsiz","8":"pa_tur-kitap","9":"pa_yayinevi-kapi-yayinlari","10":"pa_yazar-iskender-pala","12":"first","13":"instock","14":"sale","15":"shipping-taxable","16":"purchasable","17":"product-type-simple"},"_links":{"self":[{"href":"https:\/\/roveyayinevi.com.tr\/index.php\/wp-json\/wp\/v2\/product\/697366","targetHints":{"allow":["GET"]}}],"collection":[{"href":"https:\/\/roveyayinevi.com.tr\/index.php\/wp-json\/wp\/v2\/product"}],"about":[{"href":"https:\/\/roveyayinevi.com.tr\/index.php\/wp-json\/wp\/v2\/types\/product"}],"wp:attachment":[{"href":"https:\/\/roveyayinevi.com.tr\/index.php\/wp-json\/wp\/v2\/media?parent=697366"}],"wp:term":[{"taxonomy":"product_brand","embeddable":true,"href":"https:\/\/roveyayinevi.com.tr\/index.php\/wp-json\/wp\/v2\/product_brand?post=697366"},{"taxonomy":"product_cat","embeddable":true,"href":"https:\/\/roveyayinevi.com.tr\/index.php\/wp-json\/wp\/v2\/product_cat?post=697366"},{"taxonomy":"product_tag","embeddable":true,"href":"https:\/\/roveyayinevi.com.tr\/index.php\/wp-json\/wp\/v2\/product_tag?post=697366"}],"curies":[{"name":"wp","href":"https:\/\/api.w.org\/{rel}","templated":true}]}}