{"id":697363,"date":"2025-08-27T14:39:37","date_gmt":"2025-08-27T11:39:37","guid":{"rendered":"https:\/\/roveyayinevi.com.tr\/index.php\/urun\/kok-tengrinin-cocuklari\/"},"modified":"2026-04-16T02:07:12","modified_gmt":"2026-04-15T23:07:12","slug":"kok-tengrinin-cocuklari","status":"publish","type":"product","link":"https:\/\/roveyayinevi.com.tr\/index.php\/urun\/kok-tengrinin-cocuklari\/","title":{"rendered":"K\u00f6k Tengri\u2019nin \u00c7ocuklar\u0131"},"content":{"rendered":"<p>T\u00fcrkler\u2026 Esir d\u00fc\u015ft\u00fcler, sava\u015ft\u0131lar, bar\u0131\u015ft\u0131lar\u2026 Uzak Asya\u2019dan Akdeniz\u2019e kadar u\u00e7suz bucaks\u0131z bir co\u011frafyaya yay\u0131ld\u0131lar. Devletler kurdular, devletler y\u0131kt\u0131lar. \u00c7in\u2019e aman vermediler. Bir\u00e7ok farkl\u0131 isimle an\u0131ld\u0131lar, farkl\u0131 dinlere inand\u0131lar. \u00c7ok b\u00fcy\u00fck bir medeniyet yaratt\u0131lar.  Ba\u015fka medeniyetlerin y\u00fckselmesine katk\u0131da bulundular. Hepsi de masmavi G\u00f6ky\u00fcz\u00fcn\u00fcn (G\u00f6k-Tanr\u0131\u2019n\u0131n) alt\u0131nda bulu\u015ftular. T\u00fcrkler kimdir? Nereden gelirler? Hangi dinlere inan\u0131rlar? Tarihleri ne zaman ba\u015flar? Nas\u0131l te\u015fkilatland\u0131lar? Ve en \u00f6nemlisi nas\u0131l bu kadar ba\u015far\u0131l\u0131 oldular? Prof. Dr. Ahmet Ta\u015fa\u011f\u0131l, bu kitab\u0131nda yukar\u0131daki sorular\u0131n \u0131\u015f\u0131\u011f\u0131nda Orta Asya\u2019dan Avrupa\u2019ya kadar yay\u0131lan T\u00fcrklerin \u0130slamiyet \u00f6ncesi tarihlerini b\u00fct\u00fcnc\u00fcl bir \u015fekilde okuyucuya sunuyor. Karma\u015f\u0131k gibi g\u00f6r\u00fcnen bir tarihi yal\u0131n \u015fekilde anlatan, \u00f6rne\u011fi az rastlan\u0131r bir \u00e7al\u0131\u015fma&#8230;  \ufffc<\/p>\n","protected":false},"excerpt":{"rendered":"<p>T\u00fcrkler\u2026 Esir d\u00fc\u015ft\u00fcler, sava\u015ft\u0131lar, bar\u0131\u015ft\u0131lar\u2026 Uzak Asya\u2019dan Akdeniz\u2019e kadar u\u00e7suz bucaks\u0131z bir co\u011frafyaya yay\u0131ld\u0131lar. Devletler kurdular, devletler y\u0131kt\u0131lar. \u00c7in\u2019e aman vermediler. Bir\u00e7ok farkl\u0131 isimle an\u0131ld\u0131lar, farkl\u0131<span class=\"excerpt-hellip\"> [\u2026]<\/span><\/p>\n","protected":false},"featured_media":0,"template":"","meta":{"_monsterinsights_skip_tracking":false,"_monsterinsights_sitenote_active":false,"_monsterinsights_sitenote_note":"","_monsterinsights_sitenote_category":0},"product_brand":[],"product_cat":[12370,12304],"product_tag":[],"class_list":{"0":"post-697363","1":"product","2":"type-product","3":"status-publish","5":"product_cat-arastirma-inceleme","6":"product_cat-tarih","7":"pa_cilt-ciltsiz","8":"pa_tur-kitap","9":"pa_yayinevi-bilge-kultur-sanat","10":"pa_yazar-ahmet-tasagil","12":"first","13":"instock","14":"sale","15":"shipping-taxable","16":"purchasable","17":"product-type-simple"},"_links":{"self":[{"href":"https:\/\/roveyayinevi.com.tr\/index.php\/wp-json\/wp\/v2\/product\/697363","targetHints":{"allow":["GET"]}}],"collection":[{"href":"https:\/\/roveyayinevi.com.tr\/index.php\/wp-json\/wp\/v2\/product"}],"about":[{"href":"https:\/\/roveyayinevi.com.tr\/index.php\/wp-json\/wp\/v2\/types\/product"}],"wp:attachment":[{"href":"https:\/\/roveyayinevi.com.tr\/index.php\/wp-json\/wp\/v2\/media?parent=697363"}],"wp:term":[{"taxonomy":"product_brand","embeddable":true,"href":"https:\/\/roveyayinevi.com.tr\/index.php\/wp-json\/wp\/v2\/product_brand?post=697363"},{"taxonomy":"product_cat","embeddable":true,"href":"https:\/\/roveyayinevi.com.tr\/index.php\/wp-json\/wp\/v2\/product_cat?post=697363"},{"taxonomy":"product_tag","embeddable":true,"href":"https:\/\/roveyayinevi.com.tr\/index.php\/wp-json\/wp\/v2\/product_tag?post=697363"}],"curies":[{"name":"wp","href":"https:\/\/api.w.org\/{rel}","templated":true}]}}