{"id":697362,"date":"2025-08-27T14:39:37","date_gmt":"2025-08-27T11:39:37","guid":{"rendered":"https:\/\/roveyayinevi.com.tr\/index.php\/urun\/esegin-fikri\/"},"modified":"2026-04-16T02:07:12","modified_gmt":"2026-04-15T23:07:12","slug":"esegin-fikri","status":"publish","type":"product","link":"https:\/\/roveyayinevi.com.tr\/index.php\/urun\/esegin-fikri\/","title":{"rendered":"E\u015fe\u011fin Fikri"},"content":{"rendered":"<p>&#8220;\u0130\u015f kazas\u0131, trafik kazas\u0131 gibi \u00e7ok g\u00f6r\u00fclmeye ba\u015fland\u0131 g\u00fcn\u00fcm\u00fczde a\u015fk kazas\u0131!&#8221;&#8221;Can\u0131m s\u0131k\u0131l\u0131nca bir sigara yak\u0131yorum. \u0130\u00e7ince \u00f6ks\u00fcr\u00fcyorum, \u00f6ks\u00fcr\u00fcncet\u00fck\u00fcr\u00fcyorum, t\u00fck\u00fcr\u00fcnce dama\u011f\u0131m kuruyor, hemen \u015farap i\u00e7iyorum, fakat b\u00fct\u00fcnbunlar\u0131n bende bir al\u0131\u015fkanl\u0131k yapmas\u0131ndan korkuyorum. Bu d\u00fc\u015f\u00fcnce bende efk\u00e2ryap\u0131yor, hemen bir sigara yak\u0131yorum, her efk\u00e2rland\u0131\u011f\u0131mda sigara yakman\u0131n bendebir al\u0131\u015fkanl\u0131k olmas\u0131ndan korkuyorum. Ben can\u0131m s\u0131k\u0131l\u0131nca sigara i\u00e7iyorum vey\u0131llard\u0131r \u00e7ok acayip s\u0131k\u0131l\u0131yor can\u0131m.&#8221;&#8221;Aptallar\u0131n en ak\u0131ll\u0131 taraf\u0131, onlar hi\u00e7 vakit kaybetmez, ba\u015fkalar\u0131n\u0131n vakitkaybetmesini sa\u011flar ve bu konuda har\u0131l har\u0131l \u00e7al\u0131\u015f\u0131rlar!&#8221;&#8221;Hi\u00e7 kitap okumayan birinin, hayat\u0131n\u0131n sonunda kitap sayfas\u0131 olan a\u011fa\u00e7tan ne fark\u0131var, k\u0131m\u0131ldayan canl\u0131 olarak?&#8221;&#8221;Siz siz olun, sinirinize mukayyet olun, sinirinizin k\u0131ymetini bilin. Sinirsizlik \u00e7ok tehlikeli bir boyut.&#8221; &#8220;Gen\u00e7li\u011fimde g\u0131c\u0131k oldu\u011fum amcalardanla\u015fmakta m\u0131y\u0131m?&#8221; * Kitaplar\u0131 ve sahneledi\u011fi s\u0131rad\u0131\u015f\u0131 oyunlar\u0131yla daha \u00e7ok dil inceliklerine dayanan mizah \u00f6\u011felerini kullanarak g\u00fcncel olaylara ele\u015ftiriler getiren Ferhan \u015eensoy, E\u015fe\u011fin Fikri&#8217;nde sorguluyor, d\u00fc\u015f\u00fcnd\u00fcr\u00fcyor ve en dokunulmaz konular\u0131, ola\u011fan\u00fcst\u00fc bir mizah \u00fcslubuyla irdeliyor.<\/p>\n","protected":false},"excerpt":{"rendered":"<p>&#8220;\u0130\u015f kazas\u0131, trafik kazas\u0131 gibi \u00e7ok g\u00f6r\u00fclmeye ba\u015fland\u0131 g\u00fcn\u00fcm\u00fczde a\u015fk kazas\u0131!&#8221;&#8221;Can\u0131m s\u0131k\u0131l\u0131nca bir sigara yak\u0131yorum. \u0130\u00e7ince \u00f6ks\u00fcr\u00fcyorum, \u00f6ks\u00fcr\u00fcncet\u00fck\u00fcr\u00fcyorum, t\u00fck\u00fcr\u00fcnce dama\u011f\u0131m kuruyor, hemen \u015farap i\u00e7iyorum, fakat b\u00fct\u00fcnbunlar\u0131n<span class=\"excerpt-hellip\"> [\u2026]<\/span><\/p>\n","protected":false},"featured_media":0,"template":"","meta":{"_monsterinsights_skip_tracking":false,"_monsterinsights_sitenote_active":false,"_monsterinsights_sitenote_note":"","_monsterinsights_sitenote_category":0},"product_brand":[],"product_cat":[12477,12364],"product_tag":[],"class_list":{"0":"post-697362","1":"product","2":"type-product","3":"status-publish","5":"product_cat-eglence-mizah","6":"product_cat-genel-konular","7":"pa_cilt-ciltsiz","8":"pa_tur-kitap","9":"pa_yayinevi-bilgi-yayinevi","10":"pa_yazar-ferhan-sensoy","12":"first","13":"instock","14":"sale","15":"shipping-taxable","16":"purchasable","17":"product-type-simple"},"_links":{"self":[{"href":"https:\/\/roveyayinevi.com.tr\/index.php\/wp-json\/wp\/v2\/product\/697362","targetHints":{"allow":["GET"]}}],"collection":[{"href":"https:\/\/roveyayinevi.com.tr\/index.php\/wp-json\/wp\/v2\/product"}],"about":[{"href":"https:\/\/roveyayinevi.com.tr\/index.php\/wp-json\/wp\/v2\/types\/product"}],"wp:attachment":[{"href":"https:\/\/roveyayinevi.com.tr\/index.php\/wp-json\/wp\/v2\/media?parent=697362"}],"wp:term":[{"taxonomy":"product_brand","embeddable":true,"href":"https:\/\/roveyayinevi.com.tr\/index.php\/wp-json\/wp\/v2\/product_brand?post=697362"},{"taxonomy":"product_cat","embeddable":true,"href":"https:\/\/roveyayinevi.com.tr\/index.php\/wp-json\/wp\/v2\/product_cat?post=697362"},{"taxonomy":"product_tag","embeddable":true,"href":"https:\/\/roveyayinevi.com.tr\/index.php\/wp-json\/wp\/v2\/product_tag?post=697362"}],"curies":[{"name":"wp","href":"https:\/\/api.w.org\/{rel}","templated":true}]}}