{"id":697354,"date":"2025-08-27T14:39:35","date_gmt":"2025-08-27T11:39:35","guid":{"rendered":"https:\/\/roveyayinevi.com.tr\/index.php\/urun\/kavga-gunleri\/"},"modified":"2026-04-16T02:07:12","modified_gmt":"2026-04-15T23:07:12","slug":"kavga-gunleri","status":"publish","type":"product","link":"https:\/\/roveyayinevi.com.tr\/index.php\/urun\/kavga-gunleri\/","title":{"rendered":"Kavga G\u00fcnleri"},"content":{"rendered":"<p>\u0130ki i\u015fim vard\u0131: Birincisi \u00fclk\u00fcc\u00fcl\u00fck, ikincisi \u015fiir. Bunlar hayat\u0131m\u0131 dolduruyordu  diyor Ya\u011fmur Tunal\u0131. 1968-1980. Zor y\u0131llar. Kavga y\u0131llar\u0131. Tunal\u0131 nas\u0131l te\u015fkilatlan\u0131ld\u0131\u011f\u0131n\u0131,  ters bakmak tan  silah var  bl\u00f6f\u00fcne kadar nas\u0131l direnildi\u011fini anlat\u0131yor. Bunlar \u00e7ok yaz\u0131lacak ve Tunal\u0131 bunlar\u0131 yazm\u0131\u015f. Fakat m\u00fccadelenin \u015fiiriyle, tiyatrosu ile, dergicili\u011fi ile sanat cephesini; sosyolojik, psikolojik tahlilleriyle k\u00f6k\u00fcn\u00fc ve sebebini de yazm\u0131\u015f. Bu kitab\u0131 o y\u0131llar\u0131 hat\u0131rlamak veya \u00f6\u011frenmek i\u00e7in, o y\u0131llar\u0131n isimlerini birinci elden tan\u0131mak i\u00e7in okuyabilirsiniz. Ama isterseniz bug\u00fcn T\u00fcrkiye\u2019de olan biteni anlamak i\u00e7in de okuyabilirsiniz. <\/p>\n","protected":false},"excerpt":{"rendered":"<p>\u0130ki i\u015fim vard\u0131: Birincisi \u00fclk\u00fcc\u00fcl\u00fck, ikincisi \u015fiir. Bunlar hayat\u0131m\u0131 dolduruyordu diyor Ya\u011fmur Tunal\u0131. 1968-1980. Zor y\u0131llar. Kavga y\u0131llar\u0131. Tunal\u0131 nas\u0131l te\u015fkilatlan\u0131ld\u0131\u011f\u0131n\u0131, ters bakmak tan silah var<span class=\"excerpt-hellip\"> [\u2026]<\/span><\/p>\n","protected":false},"featured_media":0,"template":"","meta":{"_monsterinsights_skip_tracking":false,"_monsterinsights_sitenote_active":false,"_monsterinsights_sitenote_note":"","_monsterinsights_sitenote_category":0},"product_brand":[],"product_cat":[12312,12304],"product_tag":[],"class_list":{"0":"post-697354","1":"product","2":"type-product","3":"status-publish","5":"product_cat-diger","6":"product_cat-tarih","7":"pa_tur-kitap","8":"pa_yayinevi-bilge-kultur-sanat","9":"pa_yazar-a-yagmur-tunali","11":"first","12":"instock","13":"sale","14":"shipping-taxable","15":"purchasable","16":"product-type-simple"},"_links":{"self":[{"href":"https:\/\/roveyayinevi.com.tr\/index.php\/wp-json\/wp\/v2\/product\/697354","targetHints":{"allow":["GET"]}}],"collection":[{"href":"https:\/\/roveyayinevi.com.tr\/index.php\/wp-json\/wp\/v2\/product"}],"about":[{"href":"https:\/\/roveyayinevi.com.tr\/index.php\/wp-json\/wp\/v2\/types\/product"}],"wp:attachment":[{"href":"https:\/\/roveyayinevi.com.tr\/index.php\/wp-json\/wp\/v2\/media?parent=697354"}],"wp:term":[{"taxonomy":"product_brand","embeddable":true,"href":"https:\/\/roveyayinevi.com.tr\/index.php\/wp-json\/wp\/v2\/product_brand?post=697354"},{"taxonomy":"product_cat","embeddable":true,"href":"https:\/\/roveyayinevi.com.tr\/index.php\/wp-json\/wp\/v2\/product_cat?post=697354"},{"taxonomy":"product_tag","embeddable":true,"href":"https:\/\/roveyayinevi.com.tr\/index.php\/wp-json\/wp\/v2\/product_tag?post=697354"}],"curies":[{"name":"wp","href":"https:\/\/api.w.org\/{rel}","templated":true}]}}