{"id":697352,"date":"2025-08-27T14:39:34","date_gmt":"2025-08-27T11:39:34","guid":{"rendered":"https:\/\/roveyayinevi.com.tr\/index.php\/urun\/bir-krizin-kisa-hikayesi\/"},"modified":"2026-04-16T02:07:12","modified_gmt":"2026-04-15T23:07:12","slug":"bir-krizin-kisa-hikayesi","status":"publish","type":"product","link":"https:\/\/roveyayinevi.com.tr\/index.php\/urun\/bir-krizin-kisa-hikayesi\/","title":{"rendered":"Bir Krizin K\u0131sa Hikayesi"},"content":{"rendered":"<p>Bu kitap, emperyalizmin ve egemen s\u0131n\u0131flar\u0131n yol a\u00e7t\u0131\u011f\u0131 ve y\u00f6nlendirdi\u011fi bir kriz hik\u00e2yesi anlat\u0131yor. Ba\u015fkalar\u0131, bunu tamamlayan veya bununla \u00e7eli\u015fen hik\u00e2yeler de anlatabilirler. Kapitalizmi son seksen y\u0131l\u0131n en kapsaml\u0131 ve en derin krizine s\u00fcr\u00fckleyen s\u00fcre\u00e7ler ve dinamikler, sosyal bilimlerin \u00e7e\u015fitli disiplinleri taraf\u0131ndan hik\u00e2yelerin \u00f6tesini kavramay\u0131 hedefleyen ara\u015ft\u0131rmalarla incelenecek; ayd\u0131nlat\u0131lacakt\u0131r.Tek ba\u015f\u0131na kapitalizmin krizleri, kapitalizmin a\u015f\u0131lmas\u0131na yol a\u00e7maz. Krizlerin ortaya koydu\u011fu olgular, kapitalizmin, finans kapitalin, emperyalizmin \u00e7\u0131plak \u00f6z\u00fcn\u00fcn kavranmas\u0131na imk\u00e2n verirse ve bu alg\u0131lamalar toplumsal m\u00fccadelelere ta\u015f\u0131n\u0131rsa sistem-kar\u015f\u0131t\u0131 hareketleri g\u00fc\u00e7lendirir. Bu kitap, b\u00f6yle bir kavray\u0131\u015f s\u00fcrecine, kar\u0131nca karar\u0131nca katk\u0131 yapabilirse amac\u0131na ula\u015fm\u0131\u015f olacakt\u0131r.  <\/p>\n","protected":false},"excerpt":{"rendered":"<p>Bu kitap, emperyalizmin ve egemen s\u0131n\u0131flar\u0131n yol a\u00e7t\u0131\u011f\u0131 ve y\u00f6nlendirdi\u011fi bir kriz hik\u00e2yesi anlat\u0131yor. Ba\u015fkalar\u0131, bunu tamamlayan veya bununla \u00e7eli\u015fen hik\u00e2yeler de anlatabilirler. Kapitalizmi son seksen<span class=\"excerpt-hellip\"> [\u2026]<\/span><\/p>\n","protected":false},"featured_media":0,"template":"","meta":{"_monsterinsights_skip_tracking":false,"_monsterinsights_sitenote_active":false,"_monsterinsights_sitenote_note":"","_monsterinsights_sitenote_category":0},"product_brand":[],"product_cat":[12338,12337],"product_tag":[],"class_list":{"0":"post-697352","1":"product","2":"type-product","3":"status-publish","5":"product_cat-dunya-siyaseti-ve-politikasi","6":"product_cat-politika-siyaset","7":"pa_cilt-ciltsiz","8":"pa_tur-kitap","9":"pa_yayinevi-arkadas-yayinlari","10":"pa_yazar-korkut-boratav","12":"first","13":"instock","14":"sale","15":"shipping-taxable","16":"purchasable","17":"product-type-simple"},"_links":{"self":[{"href":"https:\/\/roveyayinevi.com.tr\/index.php\/wp-json\/wp\/v2\/product\/697352","targetHints":{"allow":["GET"]}}],"collection":[{"href":"https:\/\/roveyayinevi.com.tr\/index.php\/wp-json\/wp\/v2\/product"}],"about":[{"href":"https:\/\/roveyayinevi.com.tr\/index.php\/wp-json\/wp\/v2\/types\/product"}],"wp:attachment":[{"href":"https:\/\/roveyayinevi.com.tr\/index.php\/wp-json\/wp\/v2\/media?parent=697352"}],"wp:term":[{"taxonomy":"product_brand","embeddable":true,"href":"https:\/\/roveyayinevi.com.tr\/index.php\/wp-json\/wp\/v2\/product_brand?post=697352"},{"taxonomy":"product_cat","embeddable":true,"href":"https:\/\/roveyayinevi.com.tr\/index.php\/wp-json\/wp\/v2\/product_cat?post=697352"},{"taxonomy":"product_tag","embeddable":true,"href":"https:\/\/roveyayinevi.com.tr\/index.php\/wp-json\/wp\/v2\/product_tag?post=697352"}],"curies":[{"name":"wp","href":"https:\/\/api.w.org\/{rel}","templated":true}]}}