{"id":697351,"date":"2025-08-27T14:39:34","date_gmt":"2025-08-27T11:39:34","guid":{"rendered":"https:\/\/roveyayinevi.com.tr\/index.php\/urun\/bilincli-cocuk-yetistirme\/"},"modified":"2026-04-16T02:07:12","modified_gmt":"2026-04-15T23:07:12","slug":"bilincli-cocuk-yetistirme","status":"publish","type":"product","link":"https:\/\/roveyayinevi.com.tr\/index.php\/urun\/bilincli-cocuk-yetistirme\/","title":{"rendered":"Bilin\u00e7li \u00c7ocuk Yeti\u015ftirme"},"content":{"rendered":"<p>Bug\u00fcn insanlarda g\u00f6r\u00fclen \u00e7o\u011fu ruhsal sorunun ve davran\u0131\u015f bozuklu\u011funun k\u00f6keninde \u00e7ocukluk y\u0131llar\u0131n\u0131n yatt\u0131\u011f\u0131 belirlenmi\u015ftir. Bu nedenle \u00e7ocukluk ya\u015fant\u0131s\u0131n\u0131n sa\u011fl\u0131kl\u0131 bir bi\u00e7imde ge\u00e7irilmesi ve geli\u015fmesi, yeti\u015fkinlik d\u00f6nemi bak\u0131m\u0131ndan \u00e7ok \u00f6nemlidir. Bilin\u00e7li \u00c7ocuk Yeti\u015ftirme, Arkada\u015f Yay\u0131nevi&#8217;nin &#8220;\u00c7ocuk E\u011fitimi ve Psikolojisi&#8221; dizisinin en yeni kitab\u0131d\u0131r ve \u00d6zcan G\u00f6knar&#8217;\u0131n \u00e7e\u015fitli sa\u011fl\u0131k kurulu\u015flar\u0131n\u0131n psikiyatri kliniklerinde uzun y\u0131llar yapt\u0131\u011f\u0131 g\u00f6revlerden kazand\u0131\u011f\u0131 birikimlerle yaz\u0131lm\u0131\u015ft\u0131r.Bilin\u00e7li \u00c7ocuk Yeti\u015ftirme, hamilelik \u00f6ncesinden ergenlik d\u00f6neminin sonuna kadar \u00e7ocuk yeti\u015ftirmede bilin\u00e7li davran\u0131\u015flar\u0131 yal\u0131n bir dil ve s\u0131k ya\u015fanan \u00f6rneklerle sergiliyor. \u00c7ocuk geli\u015fiminin farkl\u0131 evrelerindeki bedensel, zihinsel, sosyal ve duygusal geli\u015fim s\u00fcre\u00e7leri inceleniyor. Sa\u011fl\u0131kl\u0131 ya\u015famda \u00f6nemli olan beslenme ve uyku al\u0131\u015fkanl\u0131klar\u0131ndan tuvalet e\u011fitimi ve \u00e7ocuk cinselli\u011finin boyutlar\u0131 ve sorunlar\u0131na, de\u011fi\u015fik anne baba tutum ve davran\u0131\u015flar\u0131ndan okul ba\u015far\u0131s\u0131n\u0131n ko\u015fullar\u0131 ve ba\u015far\u0131s\u0131zl\u0131klar\u0131n nedenlerine, \u00e7ocuklarda s\u0131k rastlanan a\u015f\u0131r\u0131 kayg\u0131, utan\u00e7, alt\u0131n\u0131 \u0131slatma, t\u0131rnak yeme, parmak emme, kekemelik, tik, yalanc\u0131l\u0131k ve \u00e7alma davran\u0131\u015flar\u0131n\u0131n neden ve \u00e7\u00f6z\u00fcmlerinden ku\u015fak \u00e7at\u0131\u015fmas\u0131na ve gen\u00e7lerin duygusal \u00f6zelliklerine, bebek e\u011fitiminden ergenlik d\u00f6neminin duygusal sorunlar\u0131na kadar ya\u015f\u0131na ve cinsiyetine g\u00f6re \u00e7ocu\u011fun geli\u015fim evrelerindeki tipik \u00f6zellikleri ayr\u0131nt\u0131larla anlat\u0131l\u0131yor bu yap\u0131tta. Kitap her ne kadar anne babalara ve anne baba adaylar\u0131na y\u00f6nelik olsa da, okuyucu her b\u00f6l\u00fcmde kendisiyle ilgili ya\u015fant\u0131lara tan\u0131k olacak; kendi i\u00e7 d\u00fcnyas\u0131ndaki \u00e7e\u015fitli \u00e7at\u0131\u015fmalar\u0131n, anlam veremedi\u011fi davran\u0131\u015flar\u0131n ve a\u015famad\u0131\u011f\u0131 baz\u0131 sorunlar\u0131n k\u00f6keninde yatan nedenleri, \u00e7ocukluk y\u0131llar\u0131na inerek bilin\u00e7le kavrayacak, bug\u00fcnk\u00fc ki\u015filik yap\u0131s\u0131n\u0131 daha iyi de\u011ferlendirecektir. Teknik terimlerden olabildi\u011fince ka\u00e7\u0131n\u0131l\u0131p herkesin kolayca anlayabilece\u011fi yal\u0131n bir dil ve anlat\u0131m kullan\u0131lan bu kitap, t\u00fcm yeti\u015fkinlerin \u00e7ocu\u011fu anlama ve bilin\u00e7li olarak yeti\u015ftirmesinde pratik bir el kitab\u0131 niteli\u011fi ta\u015f\u0131maktad\u0131r.Bilin\u00e7li \u00c7ocuk Yeti\u015ftirme&#8217;yi t\u00fcm anne babalar\u0131n, yeti\u015fkinlerin, \u00f6\u011fretmen ve e\u011fitimcilerin yararlanmas\u0131 umuduyla be\u011feninize sunuyoruz.<\/p>\n","protected":false},"excerpt":{"rendered":"<p>Bug\u00fcn insanlarda g\u00f6r\u00fclen \u00e7o\u011fu ruhsal sorunun ve davran\u0131\u015f bozuklu\u011funun k\u00f6keninde \u00e7ocukluk y\u0131llar\u0131n\u0131n yatt\u0131\u011f\u0131 belirlenmi\u015ftir. Bu nedenle \u00e7ocukluk ya\u015fant\u0131s\u0131n\u0131n sa\u011fl\u0131kl\u0131 bir bi\u00e7imde ge\u00e7irilmesi ve geli\u015fmesi, yeti\u015fkinlik d\u00f6nemi<span class=\"excerpt-hellip\"> [\u2026]<\/span><\/p>\n","protected":false},"featured_media":0,"template":"","meta":{"_monsterinsights_skip_tracking":false,"_monsterinsights_sitenote_active":false,"_monsterinsights_sitenote_note":"","_monsterinsights_sitenote_category":0},"product_brand":[],"product_cat":[14902,13365],"product_tag":[],"class_list":{"0":"post-697351","1":"product","2":"type-product","3":"status-publish","5":"product_cat-annelik-ve-cocuk-bakimi","6":"product_cat-saglik","7":"pa_cilt-ciltsiz","8":"pa_tur-kitap","9":"pa_yayinevi-arkadas-yayinlari","10":"pa_yazar-ozcan-goknar","12":"first","13":"instock","14":"sale","15":"shipping-taxable","16":"purchasable","17":"product-type-simple"},"_links":{"self":[{"href":"https:\/\/roveyayinevi.com.tr\/index.php\/wp-json\/wp\/v2\/product\/697351","targetHints":{"allow":["GET"]}}],"collection":[{"href":"https:\/\/roveyayinevi.com.tr\/index.php\/wp-json\/wp\/v2\/product"}],"about":[{"href":"https:\/\/roveyayinevi.com.tr\/index.php\/wp-json\/wp\/v2\/types\/product"}],"wp:attachment":[{"href":"https:\/\/roveyayinevi.com.tr\/index.php\/wp-json\/wp\/v2\/media?parent=697351"}],"wp:term":[{"taxonomy":"product_brand","embeddable":true,"href":"https:\/\/roveyayinevi.com.tr\/index.php\/wp-json\/wp\/v2\/product_brand?post=697351"},{"taxonomy":"product_cat","embeddable":true,"href":"https:\/\/roveyayinevi.com.tr\/index.php\/wp-json\/wp\/v2\/product_cat?post=697351"},{"taxonomy":"product_tag","embeddable":true,"href":"https:\/\/roveyayinevi.com.tr\/index.php\/wp-json\/wp\/v2\/product_tag?post=697351"}],"curies":[{"name":"wp","href":"https:\/\/api.w.org\/{rel}","templated":true}]}}