{"id":697350,"date":"2025-08-27T14:39:34","date_gmt":"2025-08-27T11:39:34","guid":{"rendered":"https:\/\/roveyayinevi.com.tr\/index.php\/urun\/ask-ve-evlilik\/"},"modified":"2026-04-16T02:07:12","modified_gmt":"2026-04-15T23:07:12","slug":"ask-ve-evlilik","status":"publish","type":"product","link":"https:\/\/roveyayinevi.com.tr\/index.php\/urun\/ask-ve-evlilik\/","title":{"rendered":"A\u015fk ve Evlilik"},"content":{"rendered":"<p>Hayata birlikte yelken a\u00e7an ya da a\u00e7acak olan e\u015flere \u0131\u015f\u0131k olacak kapsaml\u0131 bir rehber! A\u015fk ve Evlilik, \u00e7ok merak edilen bir konu olan a\u015fk\u0131 ve evli \u00e7iftlerin daha sa\u011fl\u0131kl\u0131 ve uyumlu bir birliktelik ya\u015famas\u0131n\u0131n ko\u015fullar\u0131n\u0131 irdeliyor. Ger\u00e7ek bir a\u015fk\u0131n ve a\u015fk yan\u0131lg\u0131lar\u0131n\u0131n neler oldu\u011funu derinlemesine incelerken, a\u015fk\u0131n zamanla kal\u0131c\u0131 bir sevgiye d\u00f6n\u00fc\u015fmesinin ve e\u015fler aras\u0131ndaki \u00e7ekimin canl\u0131 kalmas\u0131n\u0131n ko\u015fullar\u0131 ortaya konuyor. \u00c7iftlerin birbirlerini do\u011fru \u015fekilde anlamas\u0131nda kad\u0131n ile erke\u011fin sahip oldu\u011fu farkl\u0131 bak\u0131\u015f a\u00e7\u0131lar\u0131n\u0131n \u00f6nemini vurgulayan psikolog \u00d6zcan G\u00f6knar, zaman zaman ger\u00e7ek ya\u015fam \u00f6yk\u00fclerinden \u00f6rnekler verdi\u011fi kitab\u0131nda, e\u015fler aras\u0131ndaki ideal ili\u015fkiyi ve ba\u011fl\u0131l\u0131\u011f\u0131, e\u015flerin temel duygusal gereksinimlerini, e\u015flerin birbiriyle olan ileti\u015fiminde yap\u0131lan yanl\u0131\u015fl\u0131klar\u0131 ve yanl\u0131\u015f anla\u015f\u0131lmalar\u0131, ili\u015fkide ba\u015far\u0131 ve paran\u0131n yerini ve ya\u015fanan tatminsizliklerin nedenleri ve sonu\u00e7lar\u0131n\u0131n neler oldu\u011funu kapsaml\u0131 bir bi\u00e7imde ele al\u0131yor. G\u00f6knar ayr\u0131ca e\u015flerin daha sevgi dolu ve uyumlu bir cinsel birliktelik ya\u015famas\u0131 i\u00e7in neler yapmalar\u0131 gerekti\u011fini de derinlemesine inceliyor. <\/p>\n","protected":false},"excerpt":{"rendered":"<p>Hayata birlikte yelken a\u00e7an ya da a\u00e7acak olan e\u015flere \u0131\u015f\u0131k olacak kapsaml\u0131 bir rehber! A\u015fk ve Evlilik, \u00e7ok merak edilen bir konu olan a\u015fk\u0131 ve evli<span class=\"excerpt-hellip\"> [\u2026]<\/span><\/p>\n","protected":false},"featured_media":0,"template":"","meta":{"_monsterinsights_skip_tracking":false,"_monsterinsights_sitenote_active":false,"_monsterinsights_sitenote_note":"","_monsterinsights_sitenote_category":0},"product_brand":[],"product_cat":[12358,12357],"product_tag":[],"class_list":{"0":"post-697350","1":"product","2":"type-product","3":"status-publish","5":"product_cat-genel-psikoloji","6":"product_cat-psikoloji","7":"pa_tur-kitap","8":"pa_yayinevi-arkadas-yayinlari","9":"pa_yazar-ozcan-goknar","11":"first","12":"instock","13":"sale","14":"shipping-taxable","15":"purchasable","16":"product-type-simple"},"_links":{"self":[{"href":"https:\/\/roveyayinevi.com.tr\/index.php\/wp-json\/wp\/v2\/product\/697350","targetHints":{"allow":["GET"]}}],"collection":[{"href":"https:\/\/roveyayinevi.com.tr\/index.php\/wp-json\/wp\/v2\/product"}],"about":[{"href":"https:\/\/roveyayinevi.com.tr\/index.php\/wp-json\/wp\/v2\/types\/product"}],"wp:attachment":[{"href":"https:\/\/roveyayinevi.com.tr\/index.php\/wp-json\/wp\/v2\/media?parent=697350"}],"wp:term":[{"taxonomy":"product_brand","embeddable":true,"href":"https:\/\/roveyayinevi.com.tr\/index.php\/wp-json\/wp\/v2\/product_brand?post=697350"},{"taxonomy":"product_cat","embeddable":true,"href":"https:\/\/roveyayinevi.com.tr\/index.php\/wp-json\/wp\/v2\/product_cat?post=697350"},{"taxonomy":"product_tag","embeddable":true,"href":"https:\/\/roveyayinevi.com.tr\/index.php\/wp-json\/wp\/v2\/product_tag?post=697350"}],"curies":[{"name":"wp","href":"https:\/\/api.w.org\/{rel}","templated":true}]}}