{"id":697347,"date":"2025-08-27T14:39:33","date_gmt":"2025-08-27T11:39:33","guid":{"rendered":"https:\/\/roveyayinevi.com.tr\/index.php\/urun\/anadolu-soylenceleri\/"},"modified":"2026-04-16T02:07:12","modified_gmt":"2026-04-15T23:07:12","slug":"anadolu-soylenceleri","status":"publish","type":"product","link":"https:\/\/roveyayinevi.com.tr\/index.php\/urun\/anadolu-soylenceleri\/","title":{"rendered":"Anadolu S\u00f6ylenceleri"},"content":{"rendered":"<p>Nedir s\u00f6ylence? Ola\u011fan\u00fcst\u00fc y\u00f6nleri olan d\u00fc\u015fsel \u00f6yk\u00fc m\u00fc? \u00d6yle de denebilir. \u0130nsanlar inan\u0131rlar s\u00f6ylencelere. Oysa inanmak gerekmez, \u00e7\u00fcnk\u00fc bir t\u00fcr masald\u0131r onlar.Masal \u00fclkesi Anadolu, s\u00f6ylence \u00fclkesidir de. \u0130nsan\u0131n\u0131n, da\u011f\u0131n\u0131n, ta\u015f\u0131n\u0131n, a\u011fac\u0131n\u0131n, ku\u015funun, denizinin, akarsuyunun bir s\u00f6ylencesi vard\u0131r.T\u00fcrk Dil Kurumu\u2019nun \u201c\u00c7ocuk Yaz\u0131n\u0131 \u00d6d\u00fcl\u00fc\u201dn\u00fc kazanm\u0131\u015f olan Ali P\u00fcsk\u00fcll\u00fco\u011flu, onlar\u0131n bir b\u00f6l\u00fcm\u00fcn\u00fc \u015fiir diliyle sizler i\u00e7in yeniden yazd\u0131. Bu kitab\u0131 severek ve be\u011fenerek okuyaca\u011f\u0131n\u0131z inanc\u0131nday\u0131z. <\/p>\n","protected":false},"excerpt":{"rendered":"<p>Nedir s\u00f6ylence? Ola\u011fan\u00fcst\u00fc y\u00f6nleri olan d\u00fc\u015fsel \u00f6yk\u00fc m\u00fc? \u00d6yle de denebilir. \u0130nsanlar inan\u0131rlar s\u00f6ylencelere. Oysa inanmak gerekmez, \u00e7\u00fcnk\u00fc bir t\u00fcr masald\u0131r onlar.Masal \u00fclkesi Anadolu, s\u00f6ylence \u00fclkesidir<span class=\"excerpt-hellip\"> [\u2026]<\/span><\/p>\n","protected":false},"featured_media":0,"template":"","meta":{"_monsterinsights_skip_tracking":false,"_monsterinsights_sitenote_active":false,"_monsterinsights_sitenote_note":"","_monsterinsights_sitenote_category":0},"product_brand":[],"product_cat":[12291,12292],"product_tag":[],"class_list":{"0":"post-697347","1":"product","2":"type-product","3":"status-publish","5":"product_cat-edebiyat","6":"product_cat-turk-edebiyati","7":"pa_tur-kitap","8":"pa_yayinevi-arkadas-yayinlari","9":"pa_yazar-ali-puskulluoglu","11":"first","12":"instock","13":"sale","14":"shipping-taxable","15":"purchasable","16":"product-type-simple"},"_links":{"self":[{"href":"https:\/\/roveyayinevi.com.tr\/index.php\/wp-json\/wp\/v2\/product\/697347","targetHints":{"allow":["GET"]}}],"collection":[{"href":"https:\/\/roveyayinevi.com.tr\/index.php\/wp-json\/wp\/v2\/product"}],"about":[{"href":"https:\/\/roveyayinevi.com.tr\/index.php\/wp-json\/wp\/v2\/types\/product"}],"wp:attachment":[{"href":"https:\/\/roveyayinevi.com.tr\/index.php\/wp-json\/wp\/v2\/media?parent=697347"}],"wp:term":[{"taxonomy":"product_brand","embeddable":true,"href":"https:\/\/roveyayinevi.com.tr\/index.php\/wp-json\/wp\/v2\/product_brand?post=697347"},{"taxonomy":"product_cat","embeddable":true,"href":"https:\/\/roveyayinevi.com.tr\/index.php\/wp-json\/wp\/v2\/product_cat?post=697347"},{"taxonomy":"product_tag","embeddable":true,"href":"https:\/\/roveyayinevi.com.tr\/index.php\/wp-json\/wp\/v2\/product_tag?post=697347"}],"curies":[{"name":"wp","href":"https:\/\/api.w.org\/{rel}","templated":true}]}}