{"id":697346,"date":"2025-08-27T14:39:33","date_gmt":"2025-08-27T11:39:33","guid":{"rendered":"https:\/\/roveyayinevi.com.tr\/index.php\/urun\/babil\/"},"modified":"2026-04-16T02:07:12","modified_gmt":"2026-04-15T23:07:12","slug":"babil","status":"publish","type":"product","link":"https:\/\/roveyayinevi.com.tr\/index.php\/urun\/babil\/","title":{"rendered":"Babil"},"content":{"rendered":"<p>Antik d\u00fcnyan\u0131n yedi harikas\u0131ndan biri olan Asma Bah\u00e7eleri\u2019 yle \u00fcnl\u00fc ve kutsal kitaplarda Yahudilerin s\u00fcr\u00fcld\u00fc\u011f\u00fc yer olmas\u0131yla bilinen bu eski kentin ger\u00e7ek \u00f6yk\u00fcs\u00fc nedir? Dr. Oates, g\u00f6zden ge\u00e7irilmi\u015f bask\u0131s\u0131nda i\u00e7eri\u011fi g\u00fcncelle\u015ftirdi\u011fi bu \u00e7ok be\u011fenilen eserinde, Agadeli Sargon\u2019 dan, y\u00f6netiminde M\u00d6 18. y\u00fczy\u0131lda kentin \u00fcn\u00fcn\u00fcn doru\u011fa ula\u015ft\u0131\u011f\u0131 b\u00fcy\u00fck kanun yap\u0131c\u0131 Hammurabi\u2019 ye dek Babil\u2019 in y\u00fckseli\u015fini a\u00e7\u0131kl\u0131yor. Yazar daha sonra, onun ard\u0131llar\u0131 alt\u0131nda M\u00d6 6. y\u00fczy\u0131lda Nabukadnezar ve Nabonidus h\u00fck\u00fcmranl\u0131\u011f\u0131nda Babil\u2019 in en b\u00fcy\u00fck imparatorluklar\u0131 d\u00f6nemine ula\u015fmas\u0131n\u0131 ve gerileyip sonunda Persler ve Helenler Mezopotamya\u2019 y\u0131 bir sava\u015f alan\u0131na d\u00f6n\u00fc\u015ft\u00fcrd\u00fc\u011f\u00fcnde terk edilmesini betimliyor.  Foto\u011fraf ve plan \u00e7izimleriyle birlikte zengin g\u00f6rsel i\u00e7eri\u011fi, berrak ve anla\u015f\u0131l\u0131r bir dille yaz\u0131lm\u0131\u015f olmas\u0131yla, bu eser hem bilimcilere, hem \u00f6\u011frencilere hem de t\u00fcm ilgililere keyif verecek.  -Library Journal-  Arkeolojinin nas\u0131l anlat\u0131lmas\u0131 gerekti\u011fine dair bir modeldeki bilgilerin hayranl\u0131k uyand\u0131ran bir \u00f6zeti.  -The Daily Telegraph- <\/p>\n","protected":false},"excerpt":{"rendered":"<p>Antik d\u00fcnyan\u0131n yedi harikas\u0131ndan biri olan Asma Bah\u00e7eleri\u2019 yle \u00fcnl\u00fc ve kutsal kitaplarda Yahudilerin s\u00fcr\u00fcld\u00fc\u011f\u00fc yer olmas\u0131yla bilinen bu eski kentin ger\u00e7ek \u00f6yk\u00fcs\u00fc nedir? Dr. Oates,<span class=\"excerpt-hellip\"> [\u2026]<\/span><\/p>\n","protected":false},"featured_media":0,"template":"","meta":{"_monsterinsights_skip_tracking":false,"_monsterinsights_sitenote_active":false,"_monsterinsights_sitenote_note":"","_monsterinsights_sitenote_category":0},"product_brand":[],"product_cat":[12312,12304],"product_tag":[],"class_list":{"0":"post-697346","1":"product","2":"type-product","3":"status-publish","5":"product_cat-diger","6":"product_cat-tarih","7":"pa_tur-kitap","8":"pa_yayinevi-arkadas-yayinlari","9":"pa_yazar-joan-oates","11":"first","12":"instock","13":"sale","14":"shipping-taxable","15":"purchasable","16":"product-type-simple"},"_links":{"self":[{"href":"https:\/\/roveyayinevi.com.tr\/index.php\/wp-json\/wp\/v2\/product\/697346","targetHints":{"allow":["GET"]}}],"collection":[{"href":"https:\/\/roveyayinevi.com.tr\/index.php\/wp-json\/wp\/v2\/product"}],"about":[{"href":"https:\/\/roveyayinevi.com.tr\/index.php\/wp-json\/wp\/v2\/types\/product"}],"wp:attachment":[{"href":"https:\/\/roveyayinevi.com.tr\/index.php\/wp-json\/wp\/v2\/media?parent=697346"}],"wp:term":[{"taxonomy":"product_brand","embeddable":true,"href":"https:\/\/roveyayinevi.com.tr\/index.php\/wp-json\/wp\/v2\/product_brand?post=697346"},{"taxonomy":"product_cat","embeddable":true,"href":"https:\/\/roveyayinevi.com.tr\/index.php\/wp-json\/wp\/v2\/product_cat?post=697346"},{"taxonomy":"product_tag","embeddable":true,"href":"https:\/\/roveyayinevi.com.tr\/index.php\/wp-json\/wp\/v2\/product_tag?post=697346"}],"curies":[{"name":"wp","href":"https:\/\/api.w.org\/{rel}","templated":true}]}}