{"id":697345,"date":"2025-08-27T14:39:32","date_gmt":"2025-08-27T11:39:32","guid":{"rendered":"https:\/\/roveyayinevi.com.tr\/index.php\/urun\/don-kisot-5\/"},"modified":"2026-04-11T13:24:53","modified_gmt":"2026-04-11T10:24:53","slug":"don-kisot-5","status":"publish","type":"product","link":"https:\/\/roveyayinevi.com.tr\/index.php\/urun\/don-kisot-5\/","title":{"rendered":"Don Ki\u015fot"},"content":{"rendered":"<p>Dulcinea del Tobosso&#8217;ya olan a\u015fk\u0131n\u0131 kan\u0131tlamak i\u00e7in at\u0131 Rocinante ve hizmetk\u00e2r\u0131 Sancho Pan\u00e7o ile yel de\u011firmenlerine kar\u015f\u0131 sava\u015fan, olmad\u0131k ser\u00fcvenlere at\u0131lan Don Ki\u015fot&#8217;un ak\u0131l almaz kahramanl\u0131klar\u0131 sizi bamba\u015fka bir d\u00fcnyaya s\u00fcr\u00fckleyecek.<\/p>\n","protected":false},"excerpt":{"rendered":"<p>Dulcinea del Tobosso&#8217;ya olan a\u015fk\u0131n\u0131 kan\u0131tlamak i\u00e7in at\u0131 Rocinante ve hizmetk\u00e2r\u0131 Sancho Pan\u00e7o ile yel de\u011firmenlerine kar\u015f\u0131 sava\u015fan, olmad\u0131k ser\u00fcvenlere at\u0131lan Don Ki\u015fot&#8217;un ak\u0131l almaz kahramanl\u0131klar\u0131<span class=\"excerpt-hellip\"> [\u2026]<\/span><\/p>\n","protected":false},"featured_media":0,"template":"","meta":{"_monsterinsights_skip_tracking":false,"_monsterinsights_sitenote_active":false,"_monsterinsights_sitenote_note":"","_monsterinsights_sitenote_category":0},"product_brand":[],"product_cat":[12291,12711],"product_tag":[],"class_list":{"0":"post-697345","1":"product","2":"type-product","3":"status-publish","5":"product_cat-edebiyat","6":"product_cat-roman-oyku","7":"pa_cilt-ciltsiz","8":"pa_tur-kitap","9":"pa_yayinevi-bilgi-yayinevi-cocuk","10":"pa_yazar-miguel-de-cervantes-saavedra","12":"first","13":"instock","14":"sale","15":"shipping-taxable","16":"purchasable","17":"product-type-simple"},"_links":{"self":[{"href":"https:\/\/roveyayinevi.com.tr\/index.php\/wp-json\/wp\/v2\/product\/697345","targetHints":{"allow":["GET"]}}],"collection":[{"href":"https:\/\/roveyayinevi.com.tr\/index.php\/wp-json\/wp\/v2\/product"}],"about":[{"href":"https:\/\/roveyayinevi.com.tr\/index.php\/wp-json\/wp\/v2\/types\/product"}],"wp:attachment":[{"href":"https:\/\/roveyayinevi.com.tr\/index.php\/wp-json\/wp\/v2\/media?parent=697345"}],"wp:term":[{"taxonomy":"product_brand","embeddable":true,"href":"https:\/\/roveyayinevi.com.tr\/index.php\/wp-json\/wp\/v2\/product_brand?post=697345"},{"taxonomy":"product_cat","embeddable":true,"href":"https:\/\/roveyayinevi.com.tr\/index.php\/wp-json\/wp\/v2\/product_cat?post=697345"},{"taxonomy":"product_tag","embeddable":true,"href":"https:\/\/roveyayinevi.com.tr\/index.php\/wp-json\/wp\/v2\/product_tag?post=697345"}],"curies":[{"name":"wp","href":"https:\/\/api.w.org\/{rel}","templated":true}]}}