{"id":697340,"date":"2025-08-27T14:39:31","date_gmt":"2025-08-27T11:39:31","guid":{"rendered":"https:\/\/roveyayinevi.com.tr\/index.php\/urun\/kazaklar-2\/"},"modified":"2026-04-16T02:06:57","modified_gmt":"2026-04-15T23:06:57","slug":"kazaklar-2","status":"publish","type":"product","link":"https:\/\/roveyayinevi.com.tr\/index.php\/urun\/kazaklar-2\/","title":{"rendered":"Kazaklar"},"content":{"rendered":"<p>Hayat\u0131nda yepyeni bir sayfa a\u00e7mak i\u00e7in orduya kat\u0131lan gen\u00e7 Rus aristokrat\u0131n arad\u0131\u011f\u0131 huzuru bulmay\u0131 umut etti\u011fi bir Kazak k\u00f6y\u00fcnde ge\u00e7en hik\u00e2yesi d\u00fcnyan\u0131n ve hayat\u0131n iki farkl\u0131 yorumunu serer g\u00f6zler \u00f6n\u00fcne; Rus aristokrasisi ve \u015fehir hayat\u0131, Kazaklar ve k\u00f6y ya\u015fam\u0131yla ger\u00e7ek\u00e7i bir bi\u00e7imde kar\u015f\u0131la\u015ft\u0131r\u0131l\u0131r. Asil bir aileden gelen Dmitri Andreyevi\u00e7 Olenin, Moskova sosyetesinde bir t\u00fcrl\u00fc arad\u0131\u011f\u0131n\u0131 bulamam\u0131\u015f, maddi imk\u00e2nlar\u0131n\u0131n getirdi\u011fi rahatl\u0131kla mutlu olamam\u0131\u015f, a\u015fka inanc\u0131n\u0131 yitirmi\u015ftir. Mutlulu\u011fu, ya\u015fad\u0131\u011f\u0131 \u015fehirden uzaklarda aramaya karar veren Olenin orduya kat\u0131l\u0131p bir Kazak k\u00f6y\u00fcne do\u011fru yola \u00e7\u0131kar. Bu onun i\u00e7in i\u00e7sel bir yolculu\u011fun da ba\u015flang\u0131c\u0131d\u0131r asl\u0131nda. Yolun sonunda bamba\u015fka bir d\u00fcnyan\u0131n kap\u0131lar\u0131 aralanacakt\u0131r \u00f6n\u00fcnde. Do\u011fan\u0131n insan\u0131 hu\u015fu i\u00e7inde b\u0131rakan ihti\u015fam\u0131, kendi geleneklerine s\u0131k\u0131 s\u0131k\u0131ya ba\u011fl\u0131 Kazaklar\u0131n yaban\u0131l g\u00fcc\u00fc ve a\u015fk\u0131n yak\u0131p k\u00fcl eden ate\u015fi onu hi\u00e7 tatmad\u0131\u011f\u0131 yepyeni duygulara gark edecektir. <\/p>\n","protected":false},"excerpt":{"rendered":"<p>Hayat\u0131nda yepyeni bir sayfa a\u00e7mak i\u00e7in orduya kat\u0131lan gen\u00e7 Rus aristokrat\u0131n arad\u0131\u011f\u0131 huzuru bulmay\u0131 umut etti\u011fi bir Kazak k\u00f6y\u00fcnde ge\u00e7en hik\u00e2yesi d\u00fcnyan\u0131n ve hayat\u0131n iki farkl\u0131<span class=\"excerpt-hellip\"> [\u2026]<\/span><\/p>\n","protected":false},"featured_media":0,"template":"","meta":{"_monsterinsights_skip_tracking":false,"_monsterinsights_sitenote_active":false,"_monsterinsights_sitenote_note":"","_monsterinsights_sitenote_category":0},"product_brand":[],"product_cat":[12291,13570],"product_tag":[],"class_list":{"0":"post-697340","1":"product","2":"type-product","3":"status-publish","5":"product_cat-edebiyat","6":"product_cat-rus-edebiyati","7":"pa_tur-kitap","8":"pa_yayinevi-bilge-kultur-sanat","9":"pa_yazar-lev-nikolayevic-tolstoy","11":"first","12":"instock","13":"sale","14":"shipping-taxable","15":"purchasable","16":"product-type-simple"},"_links":{"self":[{"href":"https:\/\/roveyayinevi.com.tr\/index.php\/wp-json\/wp\/v2\/product\/697340","targetHints":{"allow":["GET"]}}],"collection":[{"href":"https:\/\/roveyayinevi.com.tr\/index.php\/wp-json\/wp\/v2\/product"}],"about":[{"href":"https:\/\/roveyayinevi.com.tr\/index.php\/wp-json\/wp\/v2\/types\/product"}],"wp:attachment":[{"href":"https:\/\/roveyayinevi.com.tr\/index.php\/wp-json\/wp\/v2\/media?parent=697340"}],"wp:term":[{"taxonomy":"product_brand","embeddable":true,"href":"https:\/\/roveyayinevi.com.tr\/index.php\/wp-json\/wp\/v2\/product_brand?post=697340"},{"taxonomy":"product_cat","embeddable":true,"href":"https:\/\/roveyayinevi.com.tr\/index.php\/wp-json\/wp\/v2\/product_cat?post=697340"},{"taxonomy":"product_tag","embeddable":true,"href":"https:\/\/roveyayinevi.com.tr\/index.php\/wp-json\/wp\/v2\/product_tag?post=697340"}],"curies":[{"name":"wp","href":"https:\/\/api.w.org\/{rel}","templated":true}]}}