{"id":697331,"date":"2025-08-27T14:39:28","date_gmt":"2025-08-27T11:39:28","guid":{"rendered":"https:\/\/roveyayinevi.com.tr\/index.php\/urun\/bir-zumre-bir-parti-turkiyede-ordu\/"},"modified":"2026-04-16T02:06:57","modified_gmt":"2026-04-15T23:06:57","slug":"bir-zumre-bir-parti-turkiyede-ordu","status":"publish","type":"product","link":"https:\/\/roveyayinevi.com.tr\/index.php\/urun\/bir-zumre-bir-parti-turkiyede-ordu\/","title":{"rendered":"Bir Z\u00fcmre, Bir Parti: T\u00fcrkiye&#8217;de Ordu"},"content":{"rendered":"<p>Ordu, T\u00fcrkiye siyasetinde bilinen a\u011f\u0131rl\u0131\u011f\u0131n\u0131n yan\u0131s\u0131ra, iktisadi alanda da OYAK ile do\u011frudan, savunma sanayii ile de dolayl\u0131 olarak hayli etkin bir \u00f6znedir. Bu g\u00fc\u00e7, T\u00fcrkiye toplumunun tarihsel-k\u00fclt\u00fcrel kimlik tasavvurundaki militer de\u011ferlerden beslenmi\u015f ve orduyu kurum olarak -halen de s\u00fcrmekte olan- hegemonik konumuna getirmi\u015ftir. Bu konumu nedeniyle ordu hakk\u0131nda nesnel-ele\u015ftirel bilgi ve yorum kanallar\u0131 k\u0131t ve k\u0131s\u0131tl\u0131 kalm\u0131\u015f, hatta tabu say\u0131lagelmi\u015ftir. Ancak son y\u0131llarda d\u00fcnyada ve T\u00fcrkiye\u2019de meydana gelen k\u00f6kl\u00fc de\u011fi\u015fimler hem bu hegemonik konumun sars\u0131lmas\u0131n\u0131 ve sorgulanmas\u0131n\u0131 zorunlu hale getirmi\u015f; hem de bizzat ordunun kendisi de ka\u00e7\u0131n\u0131lmaz bir de\u011fi\u015fim s\u00fcrecine girmi\u015f, itilmi\u015ftir. Bu kitapta derlenen yaz\u0131lar, bu de\u011fi\u015fim atmosferi \u0131\u015f\u0131\u011f\u0131nda, ordunun hegemonik konumunun k\u00f6kenlerini, de\u011fi\u015fimin dinamikleri ve y\u00f6n\u00fcne ili\u015fkin analizleri i\u00e7ermektedir. Bunu yapmak, T\u00fcrkiye toplumunun as\u0131rl\u0131k modernle\u015fme tarihine, t\u00fcm tabulardan s\u0131yr\u0131lm\u0131\u015f olarak bakabilmenin \u00f6n ko\u015fullar\u0131ndan en \u00f6nemlisini yerine getirmektir. Bu kitab\u0131n bu ama\u00e7 \u00e7er\u00e7evesinde bir ilk ad\u0131m olmas\u0131n\u0131 dileriz. \ufffcTan\u0131t\u0131m Metni<\/p>\n","protected":false},"excerpt":{"rendered":"<p>Ordu, T\u00fcrkiye siyasetinde bilinen a\u011f\u0131rl\u0131\u011f\u0131n\u0131n yan\u0131s\u0131ra, iktisadi alanda da OYAK ile do\u011frudan, savunma sanayii ile de dolayl\u0131 olarak hayli etkin bir \u00f6znedir. Bu g\u00fc\u00e7, T\u00fcrkiye toplumunun<span class=\"excerpt-hellip\"> [\u2026]<\/span><\/p>\n","protected":false},"featured_media":0,"template":"","meta":{"_monsterinsights_skip_tracking":false,"_monsterinsights_sitenote_active":false,"_monsterinsights_sitenote_note":"","_monsterinsights_sitenote_category":0},"product_brand":[],"product_cat":[12304,13493],"product_tag":[],"class_list":{"0":"post-697331","1":"product","2":"type-product","3":"status-publish","5":"product_cat-tarih","6":"product_cat-turkiye-ve-cumhuriyet-tarihi","7":"pa_cilt-ciltsiz","8":"pa_tur-kitap","9":"pa_yayinevi-iletisim-yayinlari","10":"pa_yazar-ahmet-insel","11":"pa_yazar-ali-bayramoglu-der","13":"first","14":"instock","15":"sale","16":"shipping-taxable","17":"purchasable","18":"product-type-simple"},"_links":{"self":[{"href":"https:\/\/roveyayinevi.com.tr\/index.php\/wp-json\/wp\/v2\/product\/697331","targetHints":{"allow":["GET"]}}],"collection":[{"href":"https:\/\/roveyayinevi.com.tr\/index.php\/wp-json\/wp\/v2\/product"}],"about":[{"href":"https:\/\/roveyayinevi.com.tr\/index.php\/wp-json\/wp\/v2\/types\/product"}],"wp:attachment":[{"href":"https:\/\/roveyayinevi.com.tr\/index.php\/wp-json\/wp\/v2\/media?parent=697331"}],"wp:term":[{"taxonomy":"product_brand","embeddable":true,"href":"https:\/\/roveyayinevi.com.tr\/index.php\/wp-json\/wp\/v2\/product_brand?post=697331"},{"taxonomy":"product_cat","embeddable":true,"href":"https:\/\/roveyayinevi.com.tr\/index.php\/wp-json\/wp\/v2\/product_cat?post=697331"},{"taxonomy":"product_tag","embeddable":true,"href":"https:\/\/roveyayinevi.com.tr\/index.php\/wp-json\/wp\/v2\/product_tag?post=697331"}],"curies":[{"name":"wp","href":"https:\/\/api.w.org\/{rel}","templated":true}]}}