{"id":697328,"date":"2025-08-27T14:39:27","date_gmt":"2025-08-27T11:39:27","guid":{"rendered":"https:\/\/roveyayinevi.com.tr\/index.php\/urun\/turkiye-turkcesinin-dunu-bugunu-yarini\/"},"modified":"2026-04-16T02:06:57","modified_gmt":"2026-04-15T23:06:57","slug":"turkiye-turkcesinin-dunu-bugunu-yarini","status":"publish","type":"product","link":"https:\/\/roveyayinevi.com.tr\/index.php\/urun\/turkiye-turkcesinin-dunu-bugunu-yarini\/","title":{"rendered":"T\u00fcrkiye T\u00fcrk\u00e7esinin D\u00fcn\u00fc, Bug\u00fcn\u00fc, Yar\u0131n\u0131"},"content":{"rendered":"<p>T\u00fcrkiye T\u00fcrk\u00e7esinin ge\u00e7irdi\u011fi evreleri, ba\u015fl\u0131ca \u00f6zelliklerini, yitirdikleri ve kazand\u0131klar\u0131n\u0131, dilbilgisi kitaplar\u0131nda ortaya konmayan kimi y\u00f6nlerini belirtmeye \u00e7al\u0131\u015fmakta, bug\u00fcnk\u00fc geli\u015fmelere ve e\u011filimlere dayanarak yar\u0131nki durumunu kestirmeye y\u00f6nelmektedir. Bu bak\u0131mdan, T\u00fcrk\u00e7eye ilgi duyanlar\u0131n, T\u00fcrkoloji \u00f6\u011frencilerinin gereksinimlerini de g\u00f6z \u00f6n\u00fcnde bulundurmaktad\u0131r. \ufffc<\/p>\n","protected":false},"excerpt":{"rendered":"<p>T\u00fcrkiye T\u00fcrk\u00e7esinin ge\u00e7irdi\u011fi evreleri, ba\u015fl\u0131ca \u00f6zelliklerini, yitirdikleri ve kazand\u0131klar\u0131n\u0131, dilbilgisi kitaplar\u0131nda ortaya konmayan kimi y\u00f6nlerini belirtmeye \u00e7al\u0131\u015fmakta, bug\u00fcnk\u00fc geli\u015fmelere ve e\u011filimlere dayanarak yar\u0131nki durumunu kestirmeye y\u00f6nelmektedir.<span class=\"excerpt-hellip\"> [\u2026]<\/span><\/p>\n","protected":false},"featured_media":0,"template":"","meta":{"_monsterinsights_skip_tracking":false,"_monsterinsights_sitenote_active":false,"_monsterinsights_sitenote_note":"","_monsterinsights_sitenote_category":0},"product_brand":[],"product_cat":[12365,12364],"product_tag":[],"class_list":{"0":"post-697328","1":"product","2":"type-product","3":"status-publish","5":"product_cat-diger-genel-konular","6":"product_cat-genel-konular","7":"pa_cilt-ciltsiz","8":"pa_tur-kitap","9":"pa_yayinevi-bilgi-yayinevi","10":"pa_yazar-dogan-aksan","12":"first","13":"instock","14":"sale","15":"shipping-taxable","16":"purchasable","17":"product-type-simple"},"_links":{"self":[{"href":"https:\/\/roveyayinevi.com.tr\/index.php\/wp-json\/wp\/v2\/product\/697328","targetHints":{"allow":["GET"]}}],"collection":[{"href":"https:\/\/roveyayinevi.com.tr\/index.php\/wp-json\/wp\/v2\/product"}],"about":[{"href":"https:\/\/roveyayinevi.com.tr\/index.php\/wp-json\/wp\/v2\/types\/product"}],"wp:attachment":[{"href":"https:\/\/roveyayinevi.com.tr\/index.php\/wp-json\/wp\/v2\/media?parent=697328"}],"wp:term":[{"taxonomy":"product_brand","embeddable":true,"href":"https:\/\/roveyayinevi.com.tr\/index.php\/wp-json\/wp\/v2\/product_brand?post=697328"},{"taxonomy":"product_cat","embeddable":true,"href":"https:\/\/roveyayinevi.com.tr\/index.php\/wp-json\/wp\/v2\/product_cat?post=697328"},{"taxonomy":"product_tag","embeddable":true,"href":"https:\/\/roveyayinevi.com.tr\/index.php\/wp-json\/wp\/v2\/product_tag?post=697328"}],"curies":[{"name":"wp","href":"https:\/\/api.w.org\/{rel}","templated":true}]}}