{"id":697327,"date":"2025-08-27T14:39:27","date_gmt":"2025-08-27T11:39:27","guid":{"rendered":"https:\/\/roveyayinevi.com.tr\/index.php\/urun\/efruz-bey-3\/"},"modified":"2026-04-16T02:06:57","modified_gmt":"2026-04-15T23:06:57","slug":"efruz-bey-3","status":"publish","type":"product","link":"https:\/\/roveyayinevi.com.tr\/index.php\/urun\/efruz-bey-3\/","title":{"rendered":"Efruz Bey"},"content":{"rendered":"<p>EFRUZ BEY, 1908\u2019den Birinci D\u00fcnya Sava\u015f\u0131 ortalar\u0131na kadar uzanan devrin roman\u0131d\u0131r. Edebiyat d\u00fcnyam\u0131zda, \u201c\u00d6mer Seyfettin\u2019in Don Ki\u015fotu\u201d diye an\u0131lan bu eserde, T\u00fcrkiye\u2019nin o d\u00f6nemdeki siyaset, bilim, T\u00fcrk\u00e7\u00fcl\u00fck, k\u00f6yc\u00fcl\u00fck, e\u011fitim, felsefe vb. ak\u0131mlar\u0131 ele al\u0131nm\u0131\u015f ve bu ak\u0131mlar\u0131n temsilcisi olan ki\u015filer, adlar\u0131 de\u011fi\u015ftirilerek Efruz Bey\u2019in ki\u015fili\u011finde biraraya getirilmi\u015ftir. <\/p>\n","protected":false},"excerpt":{"rendered":"<p>EFRUZ BEY, 1908\u2019den Birinci D\u00fcnya Sava\u015f\u0131 ortalar\u0131na kadar uzanan devrin roman\u0131d\u0131r. Edebiyat d\u00fcnyam\u0131zda, \u201c\u00d6mer Seyfettin\u2019in Don Ki\u015fotu\u201d diye an\u0131lan bu eserde, T\u00fcrkiye\u2019nin o d\u00f6nemdeki siyaset, bilim,<span class=\"excerpt-hellip\"> [\u2026]<\/span><\/p>\n","protected":false},"featured_media":0,"template":"","meta":{"_monsterinsights_skip_tracking":false,"_monsterinsights_sitenote_active":false,"_monsterinsights_sitenote_note":"","_monsterinsights_sitenote_category":0},"product_brand":[],"product_cat":[12291,12292],"product_tag":[],"class_list":{"0":"post-697327","1":"product","2":"type-product","3":"status-publish","5":"product_cat-edebiyat","6":"product_cat-turk-edebiyati","7":"pa_cilt-ciltsiz","8":"pa_tur-kitap","9":"pa_yayinevi-bilgi-yayinevi","10":"pa_yazar-omer-seyfettin","12":"first","13":"instock","14":"sale","15":"shipping-taxable","16":"purchasable","17":"product-type-simple"},"_links":{"self":[{"href":"https:\/\/roveyayinevi.com.tr\/index.php\/wp-json\/wp\/v2\/product\/697327","targetHints":{"allow":["GET"]}}],"collection":[{"href":"https:\/\/roveyayinevi.com.tr\/index.php\/wp-json\/wp\/v2\/product"}],"about":[{"href":"https:\/\/roveyayinevi.com.tr\/index.php\/wp-json\/wp\/v2\/types\/product"}],"wp:attachment":[{"href":"https:\/\/roveyayinevi.com.tr\/index.php\/wp-json\/wp\/v2\/media?parent=697327"}],"wp:term":[{"taxonomy":"product_brand","embeddable":true,"href":"https:\/\/roveyayinevi.com.tr\/index.php\/wp-json\/wp\/v2\/product_brand?post=697327"},{"taxonomy":"product_cat","embeddable":true,"href":"https:\/\/roveyayinevi.com.tr\/index.php\/wp-json\/wp\/v2\/product_cat?post=697327"},{"taxonomy":"product_tag","embeddable":true,"href":"https:\/\/roveyayinevi.com.tr\/index.php\/wp-json\/wp\/v2\/product_tag?post=697327"}],"curies":[{"name":"wp","href":"https:\/\/api.w.org\/{rel}","templated":true}]}}