{"id":697325,"date":"2025-08-27T14:39:26","date_gmt":"2025-08-27T11:39:26","guid":{"rendered":"https:\/\/roveyayinevi.com.tr\/index.php\/urun\/dunyanin-ucundaki-fener\/"},"modified":"2026-04-16T02:06:57","modified_gmt":"2026-04-15T23:06:57","slug":"dunyanin-ucundaki-fener","status":"publish","type":"product","link":"https:\/\/roveyayinevi.com.tr\/index.php\/urun\/dunyanin-ucundaki-fener\/","title":{"rendered":"D\u00fcnyan\u0131n Ucundaki Fener"},"content":{"rendered":"<p>D\u00fcnyada en \u00e7ok satan klasiklerden&#8230; Estados Adas\u0131, sert Antarktika r\u00fczg\u00e2rlar\u0131, dev dalgalar\u0131n egemen oldu\u011fu \u0131ss\u0131z kumsallar\u0131, gemilerin par\u00e7aland\u0131\u011f\u0131, denizcilerin can verdi\u011fi kasvetli kayal\u0131klar\u0131yla G\u00fcney Amerika&#8217;n\u0131n en u\u00e7 noktas\u0131nda yer al\u0131yordu. Art\u0131k medeniyet h\u00e2kimiyeti eline almaya cesaret etti\u011finde, d\u00fcnyada kalan en son ve en vah\u015fi sahiller bir deniz feneriyle ayd\u0131nland\u0131&#8230; Fakat bu \u00f6nemli \u0131\u015f\u0131\u011f\u0131n koruyucusu Vasquez, iki arkada\u015f\u0131n\u0131 \u00f6ld\u00fcren ve onu vah\u015fi do\u011faya s\u00fcren tehlikeli ve g\u00f6z\u00fc kara Kongre \u00e7etesini hesaba katmam\u0131\u015ft\u0131. Tek ba\u015f\u0131na, hi\u00e7bir donan\u0131m\u0131 olmadan Kongre&#8217;nin hain planlar\u0131na engel olabilecek miydi acaba? S\u00fcr\u00fckleyici bir h\u0131rs ve azim \u00f6yk\u00fcs\u00fc&#8230;\ufffc<\/p>\n","protected":false},"excerpt":{"rendered":"<p>D\u00fcnyada en \u00e7ok satan klasiklerden&#8230; Estados Adas\u0131, sert Antarktika r\u00fczg\u00e2rlar\u0131, dev dalgalar\u0131n egemen oldu\u011fu \u0131ss\u0131z kumsallar\u0131, gemilerin par\u00e7aland\u0131\u011f\u0131, denizcilerin can verdi\u011fi kasvetli kayal\u0131klar\u0131yla G\u00fcney Amerika&#8217;n\u0131n en<span class=\"excerpt-hellip\"> [\u2026]<\/span><\/p>\n","protected":false},"featured_media":0,"template":"","meta":{"_monsterinsights_skip_tracking":false,"_monsterinsights_sitenote_active":false,"_monsterinsights_sitenote_note":"","_monsterinsights_sitenote_category":0},"product_brand":[],"product_cat":[12274,12284],"product_tag":[],"class_list":{"0":"post-697325","1":"product","2":"type-product","3":"status-publish","5":"product_cat-cocuk-ve-genclik-kitaplari","6":"product_cat-hikayeler","7":"pa_cilt-ciltsiz","8":"pa_tur-kitap","9":"pa_yayinevi-bilgi-yayinevi-cocuk","10":"pa_yazar-jules-verne","12":"first","13":"instock","14":"sale","15":"shipping-taxable","16":"purchasable","17":"product-type-simple"},"_links":{"self":[{"href":"https:\/\/roveyayinevi.com.tr\/index.php\/wp-json\/wp\/v2\/product\/697325","targetHints":{"allow":["GET"]}}],"collection":[{"href":"https:\/\/roveyayinevi.com.tr\/index.php\/wp-json\/wp\/v2\/product"}],"about":[{"href":"https:\/\/roveyayinevi.com.tr\/index.php\/wp-json\/wp\/v2\/types\/product"}],"wp:attachment":[{"href":"https:\/\/roveyayinevi.com.tr\/index.php\/wp-json\/wp\/v2\/media?parent=697325"}],"wp:term":[{"taxonomy":"product_brand","embeddable":true,"href":"https:\/\/roveyayinevi.com.tr\/index.php\/wp-json\/wp\/v2\/product_brand?post=697325"},{"taxonomy":"product_cat","embeddable":true,"href":"https:\/\/roveyayinevi.com.tr\/index.php\/wp-json\/wp\/v2\/product_cat?post=697325"},{"taxonomy":"product_tag","embeddable":true,"href":"https:\/\/roveyayinevi.com.tr\/index.php\/wp-json\/wp\/v2\/product_tag?post=697325"}],"curies":[{"name":"wp","href":"https:\/\/api.w.org\/{rel}","templated":true}]}}