{"id":697316,"date":"2025-08-27T14:39:24","date_gmt":"2025-08-27T11:39:24","guid":{"rendered":"https:\/\/roveyayinevi.com.tr\/index.php\/urun\/kozalakli-mehmed-efe-2-cilt\/"},"modified":"2026-04-16T02:06:57","modified_gmt":"2026-04-15T23:06:57","slug":"kozalakli-mehmed-efe-2-cilt","status":"publish","type":"product","link":"https:\/\/roveyayinevi.com.tr\/index.php\/urun\/kozalakli-mehmed-efe-2-cilt\/","title":{"rendered":"Kozalakl\u0131 Mehmed Efe 2.Cilt"},"content":{"rendered":"<p>Efe felaket zaman\u0131nda g\u00fc\u00e7l\u00fcd\u00fcr; kuvvetli, kudretli zaman\u0131nda de\u011fil&#8230; Ate\u015f i\u00e7inde gezer. Kal\u0131b\u0131n\u0131 de\u011fi\u015ftirmez; \u00e7\u00fcnk\u00fc alt\u0131nd\u0131r, mum de\u011fil&#8230; Dertlerin sohbet dostudur; zevk \u00e2lemlerinin de\u011fil&#8230; Zaman\u0131 zaman i\u00e7inde bulur; beklemekte de\u011fil&#8230; Y\u00f6n\u00fcn\u00fc elem r\u00fczg\u00e2r\u0131na \u00e7evirir; s\u0131rt\u0131n\u0131 de\u011fil&#8230;Y\u00fcre\u011fiyle a\u011flar; g\u00f6zleriyle de\u011fil&#8230; Namus korunmas\u0131 gereken kaledir; ta\u015f par\u00e7alar\u0131 de\u011fil&#8230; K\u0131r\u0131lmay\u0131 ruhuna yazm\u0131\u015ft\u0131r; e\u011filmeyi de\u011fil&#8230; Zaman\u0131n tabiat\u0131nda bir al\u00e7akl\u0131k varsa, bundan nasibi hi\u00e7tir; hissedar de\u011fil&#8230; Derdi, i\u00e7indeki ay gibidir; g\u00f6ky\u00fcz\u00fcndeki g\u00fcne\u015f de\u011fil&#8230; S\u0131rr\u0131 daima \u00f6rt\u00fcl\u00fcd\u00fcr; a\u00e7\u0131k de\u011fil&#8230; Hislerini i\u00e7ine yat\u0131r\u0131r; meydana de\u011fil&#8230; \u00dcz\u00fcnt\u00fc, \u00e7ocu\u011fu \u00f6len annenin g\u00f6zya\u015flar\u0131ndan daha s\u0131cakt\u0131r; hevesi de\u011fil&#8230;\u015eaka olsun, ciddi olsun s\u00f6z kap\u0131s\u0131n\u0131 kapal\u0131 tutar; a\u00e7\u0131k de\u011fil&#8230; Yeterli olan k\u0131sa s\u00f6zd\u00fcr; alt\u0131n k\u00fcl\u00e7esi de\u011fil&#8230;Asr\u0131n\u0131n son efesi Kozalakl\u0131 Mehmed Efe, bu \u2018\u2018Efe Kanunlar\u0131&#8220;n\u0131n neresinde? Karar\u0131 okuyucular verecek; fakat Prof. Dr. Say\u0131n Muhsin Hesap\u00e7\u0131o\u011flu`nun dedi\u011fi gibi &#8220;Bahts\u0131z bir efe.&#8221;Efe romanlar\u0131n\u0131n biricik yazar\u0131 \u00fcstat Sabahattin Burhan`\u0131n ak\u0131c\u0131 \u00fcslubu, nefis T\u00fcrk\u00e7esiyle kaleme ald\u0131\u011f\u0131 bu kitab\u0131 soluk solu\u011fa okuyacaks\u0131n\u0131z. B\u00fcy\u00fck emeklerle yaz\u0131lan eser i\u00e7in yazara m\u00fcte\u015fekkir kalacaks\u0131n\u0131z.<\/p>\n","protected":false},"excerpt":{"rendered":"<p>Efe felaket zaman\u0131nda g\u00fc\u00e7l\u00fcd\u00fcr; kuvvetli, kudretli zaman\u0131nda de\u011fil&#8230; Ate\u015f i\u00e7inde gezer. Kal\u0131b\u0131n\u0131 de\u011fi\u015ftirmez; \u00e7\u00fcnk\u00fc alt\u0131nd\u0131r, mum de\u011fil&#8230; Dertlerin sohbet dostudur; zevk \u00e2lemlerinin de\u011fil&#8230; Zaman\u0131 zaman i\u00e7inde<span class=\"excerpt-hellip\"> [\u2026]<\/span><\/p>\n","protected":false},"featured_media":0,"template":"","meta":{"_monsterinsights_skip_tracking":false,"_monsterinsights_sitenote_active":false,"_monsterinsights_sitenote_note":"","_monsterinsights_sitenote_category":0},"product_brand":[],"product_cat":[12291,12745],"product_tag":[],"class_list":{"0":"post-697316","1":"product","2":"type-product","3":"status-publish","5":"product_cat-edebiyat","6":"product_cat-tarihi-roman","7":"pa_cilt-ciltsiz","8":"pa_tur-kitap","9":"pa_yayinevi-bilge-kultur-sanat","10":"pa_yazar-sabahattin-burhan","12":"first","13":"instock","14":"sale","15":"shipping-taxable","16":"purchasable","17":"product-type-simple"},"_links":{"self":[{"href":"https:\/\/roveyayinevi.com.tr\/index.php\/wp-json\/wp\/v2\/product\/697316","targetHints":{"allow":["GET"]}}],"collection":[{"href":"https:\/\/roveyayinevi.com.tr\/index.php\/wp-json\/wp\/v2\/product"}],"about":[{"href":"https:\/\/roveyayinevi.com.tr\/index.php\/wp-json\/wp\/v2\/types\/product"}],"wp:attachment":[{"href":"https:\/\/roveyayinevi.com.tr\/index.php\/wp-json\/wp\/v2\/media?parent=697316"}],"wp:term":[{"taxonomy":"product_brand","embeddable":true,"href":"https:\/\/roveyayinevi.com.tr\/index.php\/wp-json\/wp\/v2\/product_brand?post=697316"},{"taxonomy":"product_cat","embeddable":true,"href":"https:\/\/roveyayinevi.com.tr\/index.php\/wp-json\/wp\/v2\/product_cat?post=697316"},{"taxonomy":"product_tag","embeddable":true,"href":"https:\/\/roveyayinevi.com.tr\/index.php\/wp-json\/wp\/v2\/product_tag?post=697316"}],"curies":[{"name":"wp","href":"https:\/\/api.w.org\/{rel}","templated":true}]}}