{"id":697314,"date":"2025-08-27T14:39:23","date_gmt":"2025-08-27T11:39:23","guid":{"rendered":"https:\/\/roveyayinevi.com.tr\/index.php\/urun\/kararsizlar-kitabi\/"},"modified":"2026-04-16T02:06:56","modified_gmt":"2026-04-15T23:06:56","slug":"kararsizlar-kitabi","status":"publish","type":"product","link":"https:\/\/roveyayinevi.com.tr\/index.php\/urun\/kararsizlar-kitabi\/","title":{"rendered":"Karars\u0131zlar Kitab\u0131"},"content":{"rendered":"<p>Elindeki kitap senin kitab\u0131n. Sana \u00f6zel haz\u0131rland\u0131. Ayn\u0131s\u0131ndan bir ba\u015fkas\u0131nda olma ihtimali \u00e7ok az. \u00c7\u00fcnk\u00fc i\u00e7indeki sayfalar farkl\u0131 farkl\u0131 dizildi. Senin soruna sana \u00f6zel cevap veriyor. Kapaktaki soru i\u015faretinin i\u00e7indeki siluete bakarak soruna yo\u011funla\u015f ve on saniye kadar bekle, parmaklar\u0131n\u0131 sayfa kenarlar\u0131nda gezdir ve kendini haz\u0131r hissetti\u011fin anda kitab\u0131 yava\u015f\u00e7a a\u00e7. Cevab\u0131n kar\u015f\u0131nda olacak. Soru bi\u00e7imleri \u015f\u00f6yle olabilir: Tatile bu hafta \u00e7\u0131ksam m\u0131? Onunla konu\u015fmal\u0131 m\u0131y\u0131m? Bu i\u015fe girmeli miyim? S\u0131nav\u0131m nas\u0131l ge\u00e7ecek? <\/p>\n","protected":false},"excerpt":{"rendered":"<p>Elindeki kitap senin kitab\u0131n. Sana \u00f6zel haz\u0131rland\u0131. Ayn\u0131s\u0131ndan bir ba\u015fkas\u0131nda olma ihtimali \u00e7ok az. \u00c7\u00fcnk\u00fc i\u00e7indeki sayfalar farkl\u0131 farkl\u0131 dizildi. Senin soruna sana \u00f6zel cevap veriyor.<span class=\"excerpt-hellip\"> [\u2026]<\/span><\/p>\n","protected":false},"featured_media":0,"template":"","meta":{"_monsterinsights_skip_tracking":false,"_monsterinsights_sitenote_active":false,"_monsterinsights_sitenote_note":"","_monsterinsights_sitenote_category":0},"product_brand":[],"product_cat":[12477,12364],"product_tag":[],"class_list":{"0":"post-697314","1":"product","2":"type-product","3":"status-publish","5":"product_cat-eglence-mizah","6":"product_cat-genel-konular","7":"pa_tur-kitap","8":"pa_yayinevi-bilge-kultur-sanat","9":"pa_yazar-mucahit-calgin","11":"first","12":"instock","13":"sale","14":"shipping-taxable","15":"purchasable","16":"product-type-simple"},"_links":{"self":[{"href":"https:\/\/roveyayinevi.com.tr\/index.php\/wp-json\/wp\/v2\/product\/697314","targetHints":{"allow":["GET"]}}],"collection":[{"href":"https:\/\/roveyayinevi.com.tr\/index.php\/wp-json\/wp\/v2\/product"}],"about":[{"href":"https:\/\/roveyayinevi.com.tr\/index.php\/wp-json\/wp\/v2\/types\/product"}],"wp:attachment":[{"href":"https:\/\/roveyayinevi.com.tr\/index.php\/wp-json\/wp\/v2\/media?parent=697314"}],"wp:term":[{"taxonomy":"product_brand","embeddable":true,"href":"https:\/\/roveyayinevi.com.tr\/index.php\/wp-json\/wp\/v2\/product_brand?post=697314"},{"taxonomy":"product_cat","embeddable":true,"href":"https:\/\/roveyayinevi.com.tr\/index.php\/wp-json\/wp\/v2\/product_cat?post=697314"},{"taxonomy":"product_tag","embeddable":true,"href":"https:\/\/roveyayinevi.com.tr\/index.php\/wp-json\/wp\/v2\/product_tag?post=697314"}],"curies":[{"name":"wp","href":"https:\/\/api.w.org\/{rel}","templated":true}]}}