{"id":697306,"date":"2025-08-27T14:39:21","date_gmt":"2025-08-27T11:39:21","guid":{"rendered":"https:\/\/roveyayinevi.com.tr\/index.php\/urun\/donumdaki-para\/"},"modified":"2026-04-16T02:06:56","modified_gmt":"2026-04-15T23:06:56","slug":"donumdaki-para","status":"publish","type":"product","link":"https:\/\/roveyayinevi.com.tr\/index.php\/urun\/donumdaki-para\/","title":{"rendered":"Donumdaki Para"},"content":{"rendered":"<p>&#8216;Donumdaki Para&#8217;, Muzaffer \u0130zg\u00fc&#8217;n\u00fcn en sevilen yap\u0131tlar\u0131ndan biridir. \u0130zg\u00fc bu kitapla 1978 T\u00fcrk Dil Kurumu \u00d6yk\u00fc \u00d6d\u00fcl\u00fc&#8217;n\u00fc de alm\u0131\u015ft\u0131r. Gelgelelim, &#8216;Donumdaki Para&#8217;, 1980&#8217;den sonra zorunlu dinlenceye \u00e7ekilmi\u015ftir. \u00c7o\u011funlukla yazarlar\u0131n dinlenmek zorunda b\u0131rak\u0131ld\u0131klar\u0131n\u0131 bilen okurlar\u0131m\u0131z s\u0131k s\u0131k soruyorlard\u0131 bize: &#8216;Donumdaki Para&#8217; niye ortal\u0131kta yok, ne zaman d\u00f6necek diye&#8230; Kitab\u0131n sahibi g\u00fclmece ustas\u0131 Muzaffer \u0130zg\u00fc olursa, elbette kimi olup bitenler de onun yazd\u0131klar\u0131na ko\u015fut olacak, bir &#8216;Kom\u00fcnist Leylek&#8217; ba\u015f\u0131na ne i\u015fler a\u00e7acakt\u0131r! &#8216;Donumdaki Para&#8217; 10 y\u0131l dinlenirken, \u0130zg\u00fc bir an bile bo\u015f durmad\u0131. \u00c7ocuklar i\u00e7in olanlar d\u0131\u015f\u0131nda 24 kitab\u0131 daha yay\u0131mland\u0131. 1995 ba\u015f\u0131nda ise kitap say\u0131s\u0131 30&#8217;a ula\u015ft\u0131. Donumdaki Para&#8217;y\u0131 bekleyenlerle bulu\u015ftural\u0131m istedik. Kitaptaki \u00f6yk\u00fcler de do\u011frusu dinlendik\u00e7e g\u00fczelle\u015fip tam k\u0131vam\u0131n\u0131 bulmu\u015f. &#8216;Kom\u00fcnist Leylek&#8217;in kulaklar\u0131n\u0131 \u00e7\u0131nlat\u0131rken on y\u0131l aradan sonra &#8216;Foto Torpil&#8217;in, \u00f6teki \u00f6yk\u00fclerin g\u00fcncelli\u011fine \u015fa\u015f\u0131p kalacak, g\u00fcle g\u00fcle okuyacaks\u0131n\u0131z. <\/p>\n","protected":false},"excerpt":{"rendered":"<p>&#8216;Donumdaki Para&#8217;, Muzaffer \u0130zg\u00fc&#8217;n\u00fcn en sevilen yap\u0131tlar\u0131ndan biridir. \u0130zg\u00fc bu kitapla 1978 T\u00fcrk Dil Kurumu \u00d6yk\u00fc \u00d6d\u00fcl\u00fc&#8217;n\u00fc de alm\u0131\u015ft\u0131r. Gelgelelim, &#8216;Donumdaki Para&#8217;, 1980&#8217;den sonra zorunlu dinlenceye<span class=\"excerpt-hellip\"> [\u2026]<\/span><\/p>\n","protected":false},"featured_media":0,"template":"","meta":{"_monsterinsights_skip_tracking":false,"_monsterinsights_sitenote_active":false,"_monsterinsights_sitenote_note":"","_monsterinsights_sitenote_category":0},"product_brand":[],"product_cat":[12477,12364],"product_tag":[],"class_list":{"0":"post-697306","1":"product","2":"type-product","3":"status-publish","5":"product_cat-eglence-mizah","6":"product_cat-genel-konular","7":"pa_cilt-ciltsiz","8":"pa_tur-kitap","9":"pa_yayinevi-bilgi-yayinevi","10":"pa_yazar-muzaffer-izgu","12":"first","13":"instock","14":"sale","15":"shipping-taxable","16":"purchasable","17":"product-type-simple"},"_links":{"self":[{"href":"https:\/\/roveyayinevi.com.tr\/index.php\/wp-json\/wp\/v2\/product\/697306","targetHints":{"allow":["GET"]}}],"collection":[{"href":"https:\/\/roveyayinevi.com.tr\/index.php\/wp-json\/wp\/v2\/product"}],"about":[{"href":"https:\/\/roveyayinevi.com.tr\/index.php\/wp-json\/wp\/v2\/types\/product"}],"wp:attachment":[{"href":"https:\/\/roveyayinevi.com.tr\/index.php\/wp-json\/wp\/v2\/media?parent=697306"}],"wp:term":[{"taxonomy":"product_brand","embeddable":true,"href":"https:\/\/roveyayinevi.com.tr\/index.php\/wp-json\/wp\/v2\/product_brand?post=697306"},{"taxonomy":"product_cat","embeddable":true,"href":"https:\/\/roveyayinevi.com.tr\/index.php\/wp-json\/wp\/v2\/product_cat?post=697306"},{"taxonomy":"product_tag","embeddable":true,"href":"https:\/\/roveyayinevi.com.tr\/index.php\/wp-json\/wp\/v2\/product_tag?post=697306"}],"curies":[{"name":"wp","href":"https:\/\/api.w.org\/{rel}","templated":true}]}}