{"id":697301,"date":"2025-08-27T14:39:20","date_gmt":"2025-08-27T11:39:20","guid":{"rendered":"https:\/\/roveyayinevi.com.tr\/index.php\/urun\/ekmek-parasi\/"},"modified":"2026-04-03T02:10:31","modified_gmt":"2026-04-02T23:10:31","slug":"ekmek-parasi","status":"publish","type":"product","link":"https:\/\/roveyayinevi.com.tr\/index.php\/urun\/ekmek-parasi\/","title":{"rendered":"Ekmek Paras\u0131"},"content":{"rendered":"<p>Bir ekmek paras\u0131 kazanabilmek i\u00e7in \u00e7ekilen s\u0131k\u0131nt\u0131lar, katlan\u0131lan zorluklar, a\u00e7 yat\u0131lan geceler, \u00e7\u0131plak ge\u00e7irilen k\u0131\u015f g\u00fcnleri;ama ille de ya\u015fama ve insanlara duyulan sevgi&#8230;10 milyonu bulan okuruyla, t\u00fckenmek bilmeyen enerjisiyle, g\u00fclmecenin sivri kalemi, \u00e7ocuklar\u0131n \u201cyazar dedesi\u201d Muzaffer \u0130zg\u00fc, kendi \u00e7ocuklu\u011funun \u00f6yk\u00fcs\u00fcn\u00fc \u00e7ok sevdi\u011fi \u00e7ocuklara arma\u011fan ediyor. \ufffc<\/p>\n","protected":false},"excerpt":{"rendered":"<p>Bir ekmek paras\u0131 kazanabilmek i\u00e7in \u00e7ekilen s\u0131k\u0131nt\u0131lar, katlan\u0131lan zorluklar, a\u00e7 yat\u0131lan geceler, \u00e7\u0131plak ge\u00e7irilen k\u0131\u015f g\u00fcnleri;ama ille de ya\u015fama ve insanlara duyulan sevgi&#8230;10 milyonu bulan okuruyla,<span class=\"excerpt-hellip\"> [\u2026]<\/span><\/p>\n","protected":false},"featured_media":0,"template":"","meta":{"_monsterinsights_skip_tracking":false,"_monsterinsights_sitenote_active":false,"_monsterinsights_sitenote_note":"","_monsterinsights_sitenote_category":0},"product_brand":[],"product_cat":[12274,12284],"product_tag":[],"class_list":{"0":"post-697301","1":"product","2":"type-product","3":"status-publish","5":"product_cat-cocuk-ve-genclik-kitaplari","6":"product_cat-hikayeler","7":"pa_cilt-ciltsiz","8":"pa_tur-kitap","9":"pa_yayinevi-bilgi-yayinevi-cocuk","10":"pa_yazar-muzaffer-izgu","12":"first","13":"instock","14":"sale","15":"shipping-taxable","16":"purchasable","17":"product-type-simple"},"_links":{"self":[{"href":"https:\/\/roveyayinevi.com.tr\/index.php\/wp-json\/wp\/v2\/product\/697301","targetHints":{"allow":["GET"]}}],"collection":[{"href":"https:\/\/roveyayinevi.com.tr\/index.php\/wp-json\/wp\/v2\/product"}],"about":[{"href":"https:\/\/roveyayinevi.com.tr\/index.php\/wp-json\/wp\/v2\/types\/product"}],"wp:attachment":[{"href":"https:\/\/roveyayinevi.com.tr\/index.php\/wp-json\/wp\/v2\/media?parent=697301"}],"wp:term":[{"taxonomy":"product_brand","embeddable":true,"href":"https:\/\/roveyayinevi.com.tr\/index.php\/wp-json\/wp\/v2\/product_brand?post=697301"},{"taxonomy":"product_cat","embeddable":true,"href":"https:\/\/roveyayinevi.com.tr\/index.php\/wp-json\/wp\/v2\/product_cat?post=697301"},{"taxonomy":"product_tag","embeddable":true,"href":"https:\/\/roveyayinevi.com.tr\/index.php\/wp-json\/wp\/v2\/product_tag?post=697301"}],"curies":[{"name":"wp","href":"https:\/\/api.w.org\/{rel}","templated":true}]}}