{"id":697298,"date":"2025-08-27T14:39:19","date_gmt":"2025-08-27T11:39:19","guid":{"rendered":"https:\/\/roveyayinevi.com.tr\/index.php\/urun\/dr-riza-nur-dosyasi\/"},"modified":"2026-04-16T02:06:56","modified_gmt":"2026-04-15T23:06:56","slug":"dr-riza-nur-dosyasi","status":"publish","type":"product","link":"https:\/\/roveyayinevi.com.tr\/index.php\/urun\/dr-riza-nur-dosyasi\/","title":{"rendered":"Dr. R\u0131za Nur Dosyas\u0131"},"content":{"rendered":"<p>&#8230; Baz\u0131 \u00e7evrelere g\u00f6re Dr. R\u0131za Nur\u2019un Hat\u0131ralar\u0131,  hezeyan ; baz\u0131 \u00e7evrelere g\u00f6re de,  yak\u0131n tarihimizin bakir ger\u00e7ekleri \u00fczerine \u0131\u015f\u0131k tutan m\u00fcthi\u015f if\u015faat ,  T\u00fcrk tarihine k\u0131ymetli bir vesika ,  Cumhuriyet d\u00f6nemine ili\u015fkin sivil belge ,  \u00e7ok k\u0131ymetli, zengin ve ibret dolu tarihi vesikalar y\u0131\u011f\u0131n\u0131 ,  alternatif tarih i\u00e7in \u00e7ok \u00f6nemli bir kaynak t\u0131r. Kim hakl\u0131?  Turgut \u00d6zakman ,  Dr. R\u0131za Nur dosyas\u0131  adl\u0131 incelemesinde bu sorular\u0131, yine Dr. R\u0131za nur\u2019un yard\u0131m\u0131yla yan\u0131tl\u0131yor. <\/p>\n","protected":false},"excerpt":{"rendered":"<p>&#8230; Baz\u0131 \u00e7evrelere g\u00f6re Dr. R\u0131za Nur\u2019un Hat\u0131ralar\u0131, hezeyan ; baz\u0131 \u00e7evrelere g\u00f6re de, yak\u0131n tarihimizin bakir ger\u00e7ekleri \u00fczerine \u0131\u015f\u0131k tutan m\u00fcthi\u015f if\u015faat , T\u00fcrk tarihine<span class=\"excerpt-hellip\"> [\u2026]<\/span><\/p>\n","protected":false},"featured_media":0,"template":"","meta":{"_monsterinsights_skip_tracking":false,"_monsterinsights_sitenote_active":false,"_monsterinsights_sitenote_note":"","_monsterinsights_sitenote_category":0},"product_brand":[],"product_cat":[12365,12364],"product_tag":[],"class_list":{"0":"post-697298","1":"product","2":"type-product","3":"status-publish","5":"product_cat-diger-genel-konular","6":"product_cat-genel-konular","7":"pa_tur-kitap","8":"pa_yayinevi-bilgi-yayinevi","9":"pa_yazar-turgut-ozakman","11":"first","12":"instock","13":"sale","14":"shipping-taxable","15":"purchasable","16":"product-type-simple"},"_links":{"self":[{"href":"https:\/\/roveyayinevi.com.tr\/index.php\/wp-json\/wp\/v2\/product\/697298","targetHints":{"allow":["GET"]}}],"collection":[{"href":"https:\/\/roveyayinevi.com.tr\/index.php\/wp-json\/wp\/v2\/product"}],"about":[{"href":"https:\/\/roveyayinevi.com.tr\/index.php\/wp-json\/wp\/v2\/types\/product"}],"wp:attachment":[{"href":"https:\/\/roveyayinevi.com.tr\/index.php\/wp-json\/wp\/v2\/media?parent=697298"}],"wp:term":[{"taxonomy":"product_brand","embeddable":true,"href":"https:\/\/roveyayinevi.com.tr\/index.php\/wp-json\/wp\/v2\/product_brand?post=697298"},{"taxonomy":"product_cat","embeddable":true,"href":"https:\/\/roveyayinevi.com.tr\/index.php\/wp-json\/wp\/v2\/product_cat?post=697298"},{"taxonomy":"product_tag","embeddable":true,"href":"https:\/\/roveyayinevi.com.tr\/index.php\/wp-json\/wp\/v2\/product_tag?post=697298"}],"curies":[{"name":"wp","href":"https:\/\/api.w.org\/{rel}","templated":true}]}}