{"id":697294,"date":"2025-08-27T14:39:18","date_gmt":"2025-08-27T11:39:18","guid":{"rendered":"https:\/\/roveyayinevi.com.tr\/index.php\/urun\/turkcenin-bagimsizlik-savasimi\/"},"modified":"2026-04-16T02:06:56","modified_gmt":"2026-04-15T23:06:56","slug":"turkcenin-bagimsizlik-savasimi","status":"publish","type":"product","link":"https:\/\/roveyayinevi.com.tr\/index.php\/urun\/turkcenin-bagimsizlik-savasimi\/","title":{"rendered":"T\u00fcrk\u00e7enin Ba\u011f\u0131ms\u0131zl\u0131k Sava\u015f\u0131m\u0131"},"content":{"rendered":"<p>T\u00fcrk\u00e7ele\u015ftirme, acaba yaz\u0131n dilimizde ne \u00f6l\u00e7\u00fcde geli\u015fme sa\u011flam\u0131\u015ft\u0131r? T\u00fcrkiye T\u00fcrk\u00e7esinin, Dil Devrimi\u2019in ba\u015flang\u0131c\u0131ndan 75 y\u0131l sonra, bug\u00fcnk\u00fc g\u00f6r\u00fcn\u00fcm\u00fc nas\u0131l belirlenebilir? Dil Devrimi ve s\u00f6zvarl\u0131\u011f\u0131m\u0131z nereden nereye gelmi\u015ftir? Devrim s\u00fcresince t\u00fcretilen \u00f6\u011feler dilde ne \u00f6l\u00e7\u00fcde tutunup benimsenmi\u015ftir? Sorular\u0131n\u0131n yan\u0131t\u0131 bu ara\u015ft\u0131rmada. <\/p>\n","protected":false},"excerpt":{"rendered":"<p>T\u00fcrk\u00e7ele\u015ftirme, acaba yaz\u0131n dilimizde ne \u00f6l\u00e7\u00fcde geli\u015fme sa\u011flam\u0131\u015ft\u0131r? T\u00fcrkiye T\u00fcrk\u00e7esinin, Dil Devrimi\u2019in ba\u015flang\u0131c\u0131ndan 75 y\u0131l sonra, bug\u00fcnk\u00fc g\u00f6r\u00fcn\u00fcm\u00fc nas\u0131l belirlenebilir? Dil Devrimi ve s\u00f6zvarl\u0131\u011f\u0131m\u0131z nereden nereye<span class=\"excerpt-hellip\"> [\u2026]<\/span><\/p>\n","protected":false},"featured_media":0,"template":"","meta":{"_monsterinsights_skip_tracking":false,"_monsterinsights_sitenote_active":false,"_monsterinsights_sitenote_note":"","_monsterinsights_sitenote_category":0},"product_brand":[],"product_cat":[12365,12364],"product_tag":[],"class_list":{"0":"post-697294","1":"product","2":"type-product","3":"status-publish","5":"product_cat-diger-genel-konular","6":"product_cat-genel-konular","7":"pa_cilt-ciltsiz","8":"pa_tur-kitap","9":"pa_yayinevi-bilgi-yayinevi","10":"pa_yazar-dogan-aksan","12":"first","13":"instock","14":"sale","15":"shipping-taxable","16":"purchasable","17":"product-type-simple"},"_links":{"self":[{"href":"https:\/\/roveyayinevi.com.tr\/index.php\/wp-json\/wp\/v2\/product\/697294","targetHints":{"allow":["GET"]}}],"collection":[{"href":"https:\/\/roveyayinevi.com.tr\/index.php\/wp-json\/wp\/v2\/product"}],"about":[{"href":"https:\/\/roveyayinevi.com.tr\/index.php\/wp-json\/wp\/v2\/types\/product"}],"wp:attachment":[{"href":"https:\/\/roveyayinevi.com.tr\/index.php\/wp-json\/wp\/v2\/media?parent=697294"}],"wp:term":[{"taxonomy":"product_brand","embeddable":true,"href":"https:\/\/roveyayinevi.com.tr\/index.php\/wp-json\/wp\/v2\/product_brand?post=697294"},{"taxonomy":"product_cat","embeddable":true,"href":"https:\/\/roveyayinevi.com.tr\/index.php\/wp-json\/wp\/v2\/product_cat?post=697294"},{"taxonomy":"product_tag","embeddable":true,"href":"https:\/\/roveyayinevi.com.tr\/index.php\/wp-json\/wp\/v2\/product_tag?post=697294"}],"curies":[{"name":"wp","href":"https:\/\/api.w.org\/{rel}","templated":true}]}}