{"id":697293,"date":"2025-08-27T14:39:18","date_gmt":"2025-08-27T11:39:18","guid":{"rendered":"https:\/\/roveyayinevi.com.tr\/index.php\/urun\/turk-kultur-tarihi\/"},"modified":"2026-04-16T02:06:56","modified_gmt":"2026-04-15T23:06:56","slug":"turk-kultur-tarihi","status":"publish","type":"product","link":"https:\/\/roveyayinevi.com.tr\/index.php\/urun\/turk-kultur-tarihi\/","title":{"rendered":"T\u00fcrk K\u00fclt\u00fcr Tarihi"},"content":{"rendered":"<p>&#8220;Tarih, zaman boyutu i\u00e7inde toplumsal ya\u015fam\u0131n her y\u00f6ndeki geli\u015fme ve de\u011fi\u015fmelerini sergileyen bir alan oldu\u011fu i\u00e7in biz de T\u00fcrk k\u00fclt\u00fcr\u00fcn\u00fc bu a\u00e7\u0131dan ele alm\u0131\u015f bulunuyoruz&#8230; 1976&#8217;dan bu yana DTCF&#8217;de verdi\u011fimiz derslerde irdeledi\u011fimiz konular\u0131, yer ve zaman belirten belgelere, kaynaklara dayand\u0131rarak sunuyoruz. B\u00f6ylece aileme, beni yeti\u015ftirenlere ve d\u00fc\u015f\u00fcncede, davran\u0131\u015fta ve vicdanda \u00f6zg\u00fcr ki\u015filer olarak yeti\u015fmelerinde sorumluluk y\u00fcklendi\u011fim \u00f6\u011frencilerime kar\u015f\u0131 olan g\u00f6revlerimin bir b\u00f6l\u00fcm\u00fcn\u00fc yerine getirmeye \u00e7al\u0131\u015ft\u0131\u011f\u0131m\u0131 san\u0131yorum,&#8221; diyen \u015eerafettin Turan&#8217;\u0131n T\u00fcrk K\u00fclt\u00fcr Tarihi adl\u0131 yap\u0131t\u0131, &#8220;k\u00fclt\u00fcr nedir, T\u00fcrk k\u00fclt\u00fcr\u00fcn\u00fcn tarihsel de\u011fi\u015fim ve geli\u015fimi, dil, yaz\u0131, din, bilim, giyim ku\u015fam, sanat, \u015fehir hayat\u0131n\u0131 etkileyen ba\u015fl\u0131ca toplumsal kurumlar&#8221; ana ba\u015fl\u0131klar\u0131yla k\u00fclt\u00fcr tarihimizi b\u00fct\u00fcn\u00fcyle ele alan ilk yap\u0131tlardan biridir.T\u00fcrk K\u00fclt\u00fcr Tarihi&#8217;nin &#8220;T\u00fcrk K\u00fclt\u00fcr\u00fcnden T\u00fcrkiye K\u00fclt\u00fcr\u00fcne ve Evrenselli\u011fe&#8221; uzanan geli\u015fimini saptayan bu kapsaml\u0131 yap\u0131t\u0131, ba\u015fta \u00f6\u011frenciler ve \u00f6\u011fretmenler olmak \u00fczere, t\u00fcm okurlar i\u00e7in \u00f6nemli bir kaynak kitap.\ufffc<\/p>\n","protected":false},"excerpt":{"rendered":"<p>&#8220;Tarih, zaman boyutu i\u00e7inde toplumsal ya\u015fam\u0131n her y\u00f6ndeki geli\u015fme ve de\u011fi\u015fmelerini sergileyen bir alan oldu\u011fu i\u00e7in biz de T\u00fcrk k\u00fclt\u00fcr\u00fcn\u00fc bu a\u00e7\u0131dan ele alm\u0131\u015f bulunuyoruz&#8230; 1976&#8217;dan<span class=\"excerpt-hellip\"> [\u2026]<\/span><\/p>\n","protected":false},"featured_media":0,"template":"","meta":{"_monsterinsights_skip_tracking":false,"_monsterinsights_sitenote_active":false,"_monsterinsights_sitenote_note":"","_monsterinsights_sitenote_category":0},"product_brand":[],"product_cat":[13517,12304],"product_tag":[],"class_list":{"0":"post-697293","1":"product","2":"type-product","3":"status-publish","5":"product_cat-osmanli-tarihi","6":"product_cat-tarih","7":"pa_cilt-ciltsiz","8":"pa_tur-kitap","9":"pa_yayinevi-bilgi-yayinevi","10":"pa_yazar-serafettin-turan","12":"first","13":"instock","14":"sale","15":"shipping-taxable","16":"purchasable","17":"product-type-simple"},"_links":{"self":[{"href":"https:\/\/roveyayinevi.com.tr\/index.php\/wp-json\/wp\/v2\/product\/697293","targetHints":{"allow":["GET"]}}],"collection":[{"href":"https:\/\/roveyayinevi.com.tr\/index.php\/wp-json\/wp\/v2\/product"}],"about":[{"href":"https:\/\/roveyayinevi.com.tr\/index.php\/wp-json\/wp\/v2\/types\/product"}],"wp:attachment":[{"href":"https:\/\/roveyayinevi.com.tr\/index.php\/wp-json\/wp\/v2\/media?parent=697293"}],"wp:term":[{"taxonomy":"product_brand","embeddable":true,"href":"https:\/\/roveyayinevi.com.tr\/index.php\/wp-json\/wp\/v2\/product_brand?post=697293"},{"taxonomy":"product_cat","embeddable":true,"href":"https:\/\/roveyayinevi.com.tr\/index.php\/wp-json\/wp\/v2\/product_cat?post=697293"},{"taxonomy":"product_tag","embeddable":true,"href":"https:\/\/roveyayinevi.com.tr\/index.php\/wp-json\/wp\/v2\/product_tag?post=697293"}],"curies":[{"name":"wp","href":"https:\/\/api.w.org\/{rel}","templated":true}]}}