{"id":697291,"date":"2025-08-27T14:39:17","date_gmt":"2025-08-27T11:39:17","guid":{"rendered":"https:\/\/roveyayinevi.com.tr\/index.php\/urun\/turgut-ozakman-butun-oyunlari-5\/"},"modified":"2026-04-16T02:06:56","modified_gmt":"2026-04-15T23:06:56","slug":"turgut-ozakman-butun-oyunlari-5","status":"publish","type":"product","link":"https:\/\/roveyayinevi.com.tr\/index.php\/urun\/turgut-ozakman-butun-oyunlari-5\/","title":{"rendered":"Turgut \u00d6zakman B\u00fct\u00fcn Oyunlar\u0131 5"},"content":{"rendered":"<p>Turgut \u00d6zakman, &#8220;B\u00fct\u00fcn Oyunlar\u0131&#8221; dizisinin be\u015finci kitab\u0131nda daha \u00f6nce defalarca sahnelenmi\u015f Sar\u0131p\u0131nar 1914, Fehim Pa\u015fa Kona\u011f\u0131, Resimli Osmanl\u0131 Tarihi ve Bir \u015eehnaz Oyun isimli d\u00f6rt oyun bulacaks\u0131n\u0131z.  Kitapta yer alan oyunlardan biri olan Fehim Pa\u015fa Kona\u011f\u0131, \u00d6zakman&#8217;\u0131n 1967&#8217;de Sar\u0131p\u0131nar 1914&#8217;le ba\u015flatt\u0131\u011f\u0131, tarihsel bak\u0131\u015f a\u00e7\u0131s\u0131ndan, &#8220;g\u00f6stermeci&#8221; anlat\u0131mla yaz\u0131lm\u0131\u015f, bu kez i\u00e7eri\u011fi de b\u00fct\u00fcn\u00fcyle \u00d6zakman&#8217;\u0131n olan ikinci d\u00f6nem oyunlar\u0131n\u0131n en kusursuzlar\u0131ndan biridir.\ufffc<\/p>\n","protected":false},"excerpt":{"rendered":"<p>Turgut \u00d6zakman, &#8220;B\u00fct\u00fcn Oyunlar\u0131&#8221; dizisinin be\u015finci kitab\u0131nda daha \u00f6nce defalarca sahnelenmi\u015f Sar\u0131p\u0131nar 1914, Fehim Pa\u015fa Kona\u011f\u0131, Resimli Osmanl\u0131 Tarihi ve Bir \u015eehnaz Oyun isimli d\u00f6rt oyun<span class=\"excerpt-hellip\"> [\u2026]<\/span><\/p>\n","protected":false},"featured_media":0,"template":"","meta":{"_monsterinsights_skip_tracking":false,"_monsterinsights_sitenote_active":false,"_monsterinsights_sitenote_note":"","_monsterinsights_sitenote_category":0},"product_brand":[],"product_cat":[12291,12332],"product_tag":[],"class_list":{"0":"post-697291","1":"product","2":"type-product","3":"status-publish","5":"product_cat-edebiyat","6":"product_cat-senaryo","7":"pa_cilt-ciltsiz","8":"pa_tur-kitap","9":"pa_yayinevi-bilgi-yayinevi","10":"pa_yazar-turgut-ozakman","12":"first","13":"instock","14":"sale","15":"shipping-taxable","16":"purchasable","17":"product-type-simple"},"_links":{"self":[{"href":"https:\/\/roveyayinevi.com.tr\/index.php\/wp-json\/wp\/v2\/product\/697291","targetHints":{"allow":["GET"]}}],"collection":[{"href":"https:\/\/roveyayinevi.com.tr\/index.php\/wp-json\/wp\/v2\/product"}],"about":[{"href":"https:\/\/roveyayinevi.com.tr\/index.php\/wp-json\/wp\/v2\/types\/product"}],"wp:attachment":[{"href":"https:\/\/roveyayinevi.com.tr\/index.php\/wp-json\/wp\/v2\/media?parent=697291"}],"wp:term":[{"taxonomy":"product_brand","embeddable":true,"href":"https:\/\/roveyayinevi.com.tr\/index.php\/wp-json\/wp\/v2\/product_brand?post=697291"},{"taxonomy":"product_cat","embeddable":true,"href":"https:\/\/roveyayinevi.com.tr\/index.php\/wp-json\/wp\/v2\/product_cat?post=697291"},{"taxonomy":"product_tag","embeddable":true,"href":"https:\/\/roveyayinevi.com.tr\/index.php\/wp-json\/wp\/v2\/product_tag?post=697291"}],"curies":[{"name":"wp","href":"https:\/\/api.w.org\/{rel}","templated":true}]}}