{"id":697290,"date":"2025-08-27T14:39:17","date_gmt":"2025-08-27T11:39:17","guid":{"rendered":"https:\/\/roveyayinevi.com.tr\/index.php\/urun\/kocyigit-koroglu\/"},"modified":"2026-04-16T02:06:56","modified_gmt":"2026-04-15T23:06:56","slug":"kocyigit-koroglu","status":"publish","type":"product","link":"https:\/\/roveyayinevi.com.tr\/index.php\/urun\/kocyigit-koroglu\/","title":{"rendered":"Ko\u00e7yi\u011fit K\u00f6ro\u011flu"},"content":{"rendered":"<p>Cumhuriyet d\u00f6nemi tiyatrosunda halk edebiyat\u0131ndan esinlenen ama \u00e7a\u011fda\u015f kal\u0131plara uygun yaz\u0131lm\u0131\u015f oyunlar\u0131n ilk \u00f6rneklerini veren Ahmet Kutsi TECER, &#8220;Ko\u00e7yi\u011fit K\u00f6ro\u011flu&#8221;nun konusunu K\u00f6ro\u011flu hik\u00e2yelerinden se\u00e7er. K\u00f6ro\u011flu bir O\u011fuz destan\u0131 kahraman\u0131d\u0131r. Olaylar Anadolu\u2019da, \u0130slamiyet \u00f6ncesinde ge\u00e7er. T\u00fcrk efsanelerinde G\u00f6k ile Yer, tanr\u0131sal kudretlerdir. \u0130nsano\u011flu, bu ikisi aras\u0131ndaki varl\u0131kt\u0131r. Eserin yap\u0131s\u0131 bu ikileme dayan\u0131r. K\u00f6ro\u011flu- Bolubeyi \u00e7at\u0131\u015fmas\u0131, ezilen halk\u0131n bir derebeyine, yani feodal d\u00fczene kar\u015f\u0131 koyu\u015fudur. Oyunda halk dilinden se\u00e7ilmi\u015f pek \u00e7ok s\u00f6zc\u00fck, pek \u00e7ok deyim vard\u0131r. Anlat\u0131m dili, Dede Korkut hik\u00e2yelerini \u00e7a\u011fr\u0131\u015ft\u0131r\u0131r. Buna uygun olarak, yazar\u0131n \u015fair olu\u015fu, oyunu yer yer \u015fiirli ya da nesir-\u015fiirli b\u00f6l\u00fcmlerle s\u00fcslemesini sa\u011flam\u0131\u015ft\u0131r. \u0130lk kez, Ankara Devlet Tiyatrosu taraf\u0131ndan 1949\u2019da B\u00fcy\u00fck Tiyatro\u2019nun a\u00e7\u0131l\u0131\u015f oyunu olarak temsil edilmi\u015ftir. &#8220;Ahmet Kutsi Tecer, \u00e7ok y\u00f6nl\u00fc bir sanat\u00e7\u0131 olup \u015fairli\u011fi, oyun yazarl\u0131\u011f\u0131 ve \u00f6zellikle de sanat\u0131n\u0131 da hay\u0131rl\u0131 y\u00f6nde \u00e7ok etkilemi\u015f olan folklor ara\u015ft\u0131rmac\u0131l\u0131\u011f\u0131 ile edebiyat\u0131m\u0131zda \u00f6nemli bir yer almaktad\u0131r&#8230; &#8220;Tanp\u0131nar\u2019\u0131n anlat\u0131m\u0131yla, S\u0131vas\u2019ta g\u00f6revde bulundu\u011fu y\u0131llarda, Tecer &#8220;folkloru yeni bir iklim gibi ke\u015ffetmi\u015f&#8221;; T\u00fcrk halk m\u00fczi\u011fi ve folklorunun \u00f6nemli simalar\u0131ndan Muzaffer Sar\u0131s\u00f6zen, Halil Bedii Y\u00f6netken ve \u00c2\u015f\u0131k Veysel gibi isimlerin ortaya \u00e7\u0131k\u0131p tan\u0131nmas\u0131nda rol oynam\u0131\u015ft\u0131r.&#8221; &#8230; Tecer, oyunlar\u0131nda da zengin folklorumuzdan, geleneksel T\u00fcrk tiyatrosundan yararlan\u0131p, halk\u0131n kulland\u0131\u011f\u0131 canl\u0131 dili, \u015fiir y\u00fckl\u00fc T\u00fcrk\u00e7esiyle kayna\u015ft\u0131rarak &#8220;K\u00f6\u015feba\u015f\u0131&#8221;; halk motiflerinden esinlenerek de destan-piyes olarak &#8220;Ko\u00e7yi\u011fit K\u00f6ro\u011flu&#8221; gibi tiyatromuza \u00f6l\u00fcms\u00fcz eserler kazand\u0131rm\u0131\u015ft\u0131r.&#8221; &#8211; Sermet Sami Uysal<\/p>\n","protected":false},"excerpt":{"rendered":"<p>Cumhuriyet d\u00f6nemi tiyatrosunda halk edebiyat\u0131ndan esinlenen ama \u00e7a\u011fda\u015f kal\u0131plara uygun yaz\u0131lm\u0131\u015f oyunlar\u0131n ilk \u00f6rneklerini veren Ahmet Kutsi TECER, &#8220;Ko\u00e7yi\u011fit K\u00f6ro\u011flu&#8221;nun konusunu K\u00f6ro\u011flu hik\u00e2yelerinden se\u00e7er. K\u00f6ro\u011flu bir<span class=\"excerpt-hellip\"> [\u2026]<\/span><\/p>\n","protected":false},"featured_media":0,"template":"","meta":{"_monsterinsights_skip_tracking":false,"_monsterinsights_sitenote_active":false,"_monsterinsights_sitenote_note":"","_monsterinsights_sitenote_category":0},"product_brand":[],"product_cat":[12291,12332],"product_tag":[],"class_list":{"0":"post-697290","1":"product","2":"type-product","3":"status-publish","5":"product_cat-edebiyat","6":"product_cat-senaryo","7":"pa_cilt-ciltsiz","8":"pa_tur-kitap","9":"pa_yayinevi-bilge-kultur-sanat","10":"pa_yazar-ahmet-kutsi-tecer","12":"first","13":"instock","14":"sale","15":"shipping-taxable","16":"purchasable","17":"product-type-simple"},"_links":{"self":[{"href":"https:\/\/roveyayinevi.com.tr\/index.php\/wp-json\/wp\/v2\/product\/697290","targetHints":{"allow":["GET"]}}],"collection":[{"href":"https:\/\/roveyayinevi.com.tr\/index.php\/wp-json\/wp\/v2\/product"}],"about":[{"href":"https:\/\/roveyayinevi.com.tr\/index.php\/wp-json\/wp\/v2\/types\/product"}],"wp:attachment":[{"href":"https:\/\/roveyayinevi.com.tr\/index.php\/wp-json\/wp\/v2\/media?parent=697290"}],"wp:term":[{"taxonomy":"product_brand","embeddable":true,"href":"https:\/\/roveyayinevi.com.tr\/index.php\/wp-json\/wp\/v2\/product_brand?post=697290"},{"taxonomy":"product_cat","embeddable":true,"href":"https:\/\/roveyayinevi.com.tr\/index.php\/wp-json\/wp\/v2\/product_cat?post=697290"},{"taxonomy":"product_tag","embeddable":true,"href":"https:\/\/roveyayinevi.com.tr\/index.php\/wp-json\/wp\/v2\/product_tag?post=697290"}],"curies":[{"name":"wp","href":"https:\/\/api.w.org\/{rel}","templated":true}]}}