{"id":697289,"date":"2025-08-27T14:39:16","date_gmt":"2025-08-27T11:39:16","guid":{"rendered":"https:\/\/roveyayinevi.com.tr\/index.php\/urun\/kehribar-odasi\/"},"modified":"2026-04-13T02:08:32","modified_gmt":"2026-04-12T23:08:32","slug":"kehribar-odasi","status":"publish","type":"product","link":"https:\/\/roveyayinevi.com.tr\/index.php\/urun\/kehribar-odasi\/","title":{"rendered":"Kehribar Odas\u0131"},"content":{"rendered":"<p>Mahkeme salonlar\u0131n\u0131n Buzdan Krali\u00e7esi, Atlantal\u0131 yarg\u0131\u00e7 Rachel Cutler\u2019\u0131n tekd\u00fcze ya\u015fant\u0131s\u0131 \u00f6len babas\u0131n\u0131n vasiyetnamesine ili\u015ftirmi\u015f oldu\u011fu birka\u00e7 mektupla bir anda tepetaklak olur. Mektuplar d\u00fcnyaca \u00fcnl\u00fc bir sanat eseriyle, \u2018Kehribar Odas\u0131\u2019yla ilgilidir ve babas\u0131 onu bu u\u011fursuz mirastan uzak durmas\u0131 i\u00e7in uyarmaktad\u0131r. Ama bu u\u011furda hayat\u0131n\u0131 kaybeden onlarcas\u0131 gibi Rachel\u2019\u0131n da Kehribar\u2019\u0131n b\u00fcy\u00fcs\u00fcne kap\u0131l\u0131p pe\u015fine d\u00fc\u015fmesi uzun s\u00fcrmeyecek, t\u0131pk\u0131 g\u00fcne\u015f arabas\u0131na atlayan Phaeton gibi o da hayat\u0131n\u0131n en tehlikeli yolculu\u011funa \u00e7\u0131kacakt\u0131r. Amerika\u2019dan Almanya\u2019ya oradan da \u00c7ek Cumhuriyeti\u2019ne uzanan bu yolculu\u011fun sonunda acaba o, Zeus\u2019un oklar\u0131na hedef olmaktan kurtulabilecek midir? <\/p>\n","protected":false},"excerpt":{"rendered":"<p>Mahkeme salonlar\u0131n\u0131n Buzdan Krali\u00e7esi, Atlantal\u0131 yarg\u0131\u00e7 Rachel Cutler\u2019\u0131n tekd\u00fcze ya\u015fant\u0131s\u0131 \u00f6len babas\u0131n\u0131n vasiyetnamesine ili\u015ftirmi\u015f oldu\u011fu birka\u00e7 mektupla bir anda tepetaklak olur. Mektuplar d\u00fcnyaca \u00fcnl\u00fc bir sanat<span class=\"excerpt-hellip\"> [\u2026]<\/span><\/p>\n","protected":false},"featured_media":0,"template":"","meta":{"_monsterinsights_skip_tracking":false,"_monsterinsights_sitenote_active":false,"_monsterinsights_sitenote_note":"","_monsterinsights_sitenote_category":0},"product_brand":[],"product_cat":[12891,12291],"product_tag":[],"class_list":{"0":"post-697289","1":"product","2":"type-product","3":"status-publish","5":"product_cat-amerikan-edebiyati","6":"product_cat-edebiyat","7":"pa_tur-kitap","8":"pa_yayinevi-bilge-kultur-sanat","9":"pa_yazar-steve-berry","11":"first","12":"instock","13":"sale","14":"shipping-taxable","15":"purchasable","16":"product-type-simple"},"_links":{"self":[{"href":"https:\/\/roveyayinevi.com.tr\/index.php\/wp-json\/wp\/v2\/product\/697289","targetHints":{"allow":["GET"]}}],"collection":[{"href":"https:\/\/roveyayinevi.com.tr\/index.php\/wp-json\/wp\/v2\/product"}],"about":[{"href":"https:\/\/roveyayinevi.com.tr\/index.php\/wp-json\/wp\/v2\/types\/product"}],"wp:attachment":[{"href":"https:\/\/roveyayinevi.com.tr\/index.php\/wp-json\/wp\/v2\/media?parent=697289"}],"wp:term":[{"taxonomy":"product_brand","embeddable":true,"href":"https:\/\/roveyayinevi.com.tr\/index.php\/wp-json\/wp\/v2\/product_brand?post=697289"},{"taxonomy":"product_cat","embeddable":true,"href":"https:\/\/roveyayinevi.com.tr\/index.php\/wp-json\/wp\/v2\/product_cat?post=697289"},{"taxonomy":"product_tag","embeddable":true,"href":"https:\/\/roveyayinevi.com.tr\/index.php\/wp-json\/wp\/v2\/product_tag?post=697289"}],"curies":[{"name":"wp","href":"https:\/\/api.w.org\/{rel}","templated":true}]}}