{"id":697280,"date":"2025-08-27T14:39:14","date_gmt":"2025-08-27T11:39:14","guid":{"rendered":"https:\/\/roveyayinevi.com.tr\/index.php\/urun\/iranin-son-iki-yuzyillik-tarihi\/"},"modified":"2026-04-16T02:06:56","modified_gmt":"2026-04-15T23:06:56","slug":"iranin-son-iki-yuzyillik-tarihi","status":"publish","type":"product","link":"https:\/\/roveyayinevi.com.tr\/index.php\/urun\/iranin-son-iki-yuzyillik-tarihi\/","title":{"rendered":"\u0130ran\u2019\u0131n Son \u0130ki Y\u00fczy\u0131ll\u0131k Tarihi"},"content":{"rendered":"<p>Cenevre Uluslararas\u0131 Y\u00fcksek Et\u00fctler Enstit\u00fcs\u00fc\u2019nde g\u00f6rev yapan bu eserin yazarlar\u0131 Mohammad Reza Djalili ve Thierry Kellner, \u0130ran, Orta Asya, Hazar, vb. b\u00f6lgelerin uluslararas\u0131 stratejik \u00e7al\u0131\u015fmalar\u0131 ile tan\u0131nm\u0131\u015f sayg\u0131n bilim adamlar\u0131d\u0131r. Djalili ve Kellner yay\u0131nevimizde 2009\u2019da yay\u0131nlanan Yeni Orta Asya Jeopoliti\u011fi adl\u0131 dev eserle T\u00fcrk kamuoyu taraf\u0131ndan yak\u0131ndan bilinmektedir.T\u00fcrklerin Orta Do\u011fu\u2019ya gelmesinden beri \u00e7ok s\u0131k\u0131 k\u00fclt\u00fcrel ve siyas\u00ee ili\u015fkiler i\u00e7inde bulundu\u011fu \u0130ran son iki as\u0131rd\u0131r b\u00fcy\u00fck \u00e7alkant\u0131lar ge\u00e7irmi\u015f bir \u00fclkedir. T\u00fcrkiye\u2019de \u00f6zellikle gen\u00e7 ku\u015faklar, g\u00fcn\u00fcm\u00fczde d\u00fcnya kamuoyunu yak\u0131ndan ilgilendiren \u0130ran\u2019da olup bitenleri hep yabanc\u0131 haber ajanslar\u0131n\u0131n g\u00f6z\u00fcnden takip etmi\u015f bu b\u00fcy\u00fck ve kad\u00eem \u00fclkenin yak\u0131n tarihi ancak birka\u00e7 merakl\u0131 veya uzman taraf\u0131ndan incelenmi\u015ftir. Oysa \u0130ran\u2019\u0131n yak\u0131n tarihinde T\u00fcrkiye i\u00e7in \u00f6\u011frenilecek, ders al\u0131nacak pek \u00e7ok olay vard\u0131r. \u0130\u015fte elinizdeki bu eser, bilim adamlar\u0131n\u0131n tarafs\u0131z g\u00f6zlemi alt\u0131nda, \u0130ran\u2019\u0131n \u00e7a\u011fda\u015f olarak nitelenebilecek tarih\u00ee d\u00f6nemini geni\u015f halk kesimlerinin rahat\u00e7a anlayabilece\u011fi bir dille bize aktarmaktad\u0131r. <\/p>\n","protected":false},"excerpt":{"rendered":"<p>Cenevre Uluslararas\u0131 Y\u00fcksek Et\u00fctler Enstit\u00fcs\u00fc\u2019nde g\u00f6rev yapan bu eserin yazarlar\u0131 Mohammad Reza Djalili ve Thierry Kellner, \u0130ran, Orta Asya, Hazar, vb. b\u00f6lgelerin uluslararas\u0131 stratejik \u00e7al\u0131\u015fmalar\u0131 ile<span class=\"excerpt-hellip\"> [\u2026]<\/span><\/p>\n","protected":false},"featured_media":0,"template":"","meta":{"_monsterinsights_skip_tracking":false,"_monsterinsights_sitenote_active":false,"_monsterinsights_sitenote_note":"","_monsterinsights_sitenote_category":0},"product_brand":[],"product_cat":[12370,12304],"product_tag":[],"class_list":{"0":"post-697280","1":"product","2":"type-product","3":"status-publish","5":"product_cat-arastirma-inceleme","6":"product_cat-tarih","7":"pa_tur-kitap","8":"pa_yayinevi-bilge-kultur-sanat","9":"pa_yazar-thierry-kellner","11":"first","12":"instock","13":"sale","14":"shipping-taxable","15":"purchasable","16":"product-type-simple"},"_links":{"self":[{"href":"https:\/\/roveyayinevi.com.tr\/index.php\/wp-json\/wp\/v2\/product\/697280","targetHints":{"allow":["GET"]}}],"collection":[{"href":"https:\/\/roveyayinevi.com.tr\/index.php\/wp-json\/wp\/v2\/product"}],"about":[{"href":"https:\/\/roveyayinevi.com.tr\/index.php\/wp-json\/wp\/v2\/types\/product"}],"wp:attachment":[{"href":"https:\/\/roveyayinevi.com.tr\/index.php\/wp-json\/wp\/v2\/media?parent=697280"}],"wp:term":[{"taxonomy":"product_brand","embeddable":true,"href":"https:\/\/roveyayinevi.com.tr\/index.php\/wp-json\/wp\/v2\/product_brand?post=697280"},{"taxonomy":"product_cat","embeddable":true,"href":"https:\/\/roveyayinevi.com.tr\/index.php\/wp-json\/wp\/v2\/product_cat?post=697280"},{"taxonomy":"product_tag","embeddable":true,"href":"https:\/\/roveyayinevi.com.tr\/index.php\/wp-json\/wp\/v2\/product_tag?post=697280"}],"curies":[{"name":"wp","href":"https:\/\/api.w.org\/{rel}","templated":true}]}}