{"id":697278,"date":"2025-08-27T14:39:13","date_gmt":"2025-08-27T11:39:13","guid":{"rendered":"https:\/\/roveyayinevi.com.tr\/index.php\/urun\/beyin-ekran\/"},"modified":"2026-02-03T02:10:52","modified_gmt":"2026-02-02T23:10:52","slug":"beyin-ekran","status":"publish","type":"product","link":"https:\/\/roveyayinevi.com.tr\/index.php\/urun\/beyin-ekran\/","title":{"rendered":"Beyin Ekran"},"content":{"rendered":"<p>Ulus Baker, sineman\u0131n \u00f6yk\u00fc ve enformasyon sunma y\u00f6n\u00fcn\u00fc de\u011fil d\u00fc\u015f\u00fcnme ve tahayy\u00fcl etme yetisinin yani d\u00fc\u015f\u00fcnceimaj\u0131n\u0131n, montaj-d\u00fc\u015f\u00fcncenin yarat\u0131m olanaklar\u0131n\u0131 ara\u015ft\u0131rd\u0131. Beyin Ekran \u00fc\u00e7 b\u00f6l\u00fcmden olu\u015fuyor: Min\u00f6r-d\u00fc\u015f\u00fcnce: Zaman-imaj ya da Video-imaj: Godard, Bresson, Tarkovski; Montaj-d\u00fc\u015f\u00fcnce: \u015eokimaj: Eisenstein, G\u00fcney, Lanzman; Aral\u0131k-d\u00fc\u015f\u00fcnce: Rizom-\u0130maj: Vertov. Beyin Ekran, Baker\u2019in sinema yaz\u0131lar\u0131n\u0131n bir montaj\u0131d\u0131r, onun deyi\u015fiyle \u201cd\u00fc\u015f\u00fcnen\u201d bir kitapt\u0131r.<\/p>\n","protected":false},"excerpt":{"rendered":"<p>Ulus Baker, sineman\u0131n \u00f6yk\u00fc ve enformasyon sunma y\u00f6n\u00fcn\u00fc de\u011fil d\u00fc\u015f\u00fcnme ve tahayy\u00fcl etme yetisinin yani d\u00fc\u015f\u00fcnceimaj\u0131n\u0131n, montaj-d\u00fc\u015f\u00fcncenin yarat\u0131m olanaklar\u0131n\u0131 ara\u015ft\u0131rd\u0131. Beyin Ekran \u00fc\u00e7 b\u00f6l\u00fcmden olu\u015fuyor: Min\u00f6r-d\u00fc\u015f\u00fcnce:<span class=\"excerpt-hellip\"> [\u2026]<\/span><\/p>\n","protected":false},"featured_media":0,"template":"","meta":{"_monsterinsights_skip_tracking":false,"_monsterinsights_sitenote_active":false,"_monsterinsights_sitenote_note":"","_monsterinsights_sitenote_category":0},"product_brand":[],"product_cat":[12409,12408],"product_tag":[],"class_list":{"0":"post-697278","1":"product","2":"type-product","3":"status-publish","5":"product_cat-fotograf-sinema-tiyatro","6":"product_cat-sanat","7":"pa_cilt-ciltsiz","8":"pa_tur-kitap","9":"pa_yayinevi-iletisim-yayinlari","10":"pa_yazar-ulus-baker","12":"first","13":"instock","14":"sale","15":"shipping-taxable","16":"purchasable","17":"product-type-simple"},"_links":{"self":[{"href":"https:\/\/roveyayinevi.com.tr\/index.php\/wp-json\/wp\/v2\/product\/697278","targetHints":{"allow":["GET"]}}],"collection":[{"href":"https:\/\/roveyayinevi.com.tr\/index.php\/wp-json\/wp\/v2\/product"}],"about":[{"href":"https:\/\/roveyayinevi.com.tr\/index.php\/wp-json\/wp\/v2\/types\/product"}],"wp:attachment":[{"href":"https:\/\/roveyayinevi.com.tr\/index.php\/wp-json\/wp\/v2\/media?parent=697278"}],"wp:term":[{"taxonomy":"product_brand","embeddable":true,"href":"https:\/\/roveyayinevi.com.tr\/index.php\/wp-json\/wp\/v2\/product_brand?post=697278"},{"taxonomy":"product_cat","embeddable":true,"href":"https:\/\/roveyayinevi.com.tr\/index.php\/wp-json\/wp\/v2\/product_cat?post=697278"},{"taxonomy":"product_tag","embeddable":true,"href":"https:\/\/roveyayinevi.com.tr\/index.php\/wp-json\/wp\/v2\/product_tag?post=697278"}],"curies":[{"name":"wp","href":"https:\/\/api.w.org\/{rel}","templated":true}]}}