{"id":697271,"date":"2025-08-27T14:39:11","date_gmt":"2025-08-27T11:39:11","guid":{"rendered":"https:\/\/roveyayinevi.com.tr\/index.php\/urun\/merriam-websters-pocket-dictionary-english-turkish-cep-sozlugu\/"},"modified":"2026-04-16T02:06:55","modified_gmt":"2026-04-15T23:06:55","slug":"merriam-websters-pocket-dictionary-english-turkish-cep-sozlugu","status":"publish","type":"product","link":"https:\/\/roveyayinevi.com.tr\/index.php\/urun\/merriam-websters-pocket-dictionary-english-turkish-cep-sozlugu\/","title":{"rendered":"Merriam Webster\u2019s Pocket Dictionary English &#8211; Turkish  \/ Cep S\u00f6zl\u00fc\u011f\u00fc"},"content":{"rendered":"<p>Sadece Webster ismi m\u00fckemmelik garantisi de\u011fildir. Pek \u00e7ok yay\u0131nc\u0131 bunu kullanm\u0131\u015f olup fark\u0131nda olmayan, okuyucuyu yan\u0131ltabilir. \ufffcTan\u0131t\u0131m Metni<\/p>\n","protected":false},"excerpt":{"rendered":"<p>Sadece Webster ismi m\u00fckemmelik garantisi de\u011fildir. Pek \u00e7ok yay\u0131nc\u0131 bunu kullanm\u0131\u015f olup fark\u0131nda olmayan, okuyucuyu yan\u0131ltabilir. \ufffcTan\u0131t\u0131m Metni<\/p>\n","protected":false},"featured_media":0,"template":"","meta":{"_monsterinsights_skip_tracking":false,"_monsterinsights_sitenote_active":false,"_monsterinsights_sitenote_note":"","_monsterinsights_sitenote_category":0},"product_brand":[],"product_cat":[12364,16266],"product_tag":[],"class_list":{"0":"post-697271","1":"product","2":"type-product","3":"status-publish","5":"product_cat-genel-konular","6":"product_cat-referans-kaynak-kitap","7":"pa_tur-kitap","8":"pa_yayinevi-bilge-kultur-sanat","9":"pa_yazar-kolektif","11":"first","12":"instock","13":"sale","14":"shipping-taxable","15":"purchasable","16":"product-type-simple"},"_links":{"self":[{"href":"https:\/\/roveyayinevi.com.tr\/index.php\/wp-json\/wp\/v2\/product\/697271","targetHints":{"allow":["GET"]}}],"collection":[{"href":"https:\/\/roveyayinevi.com.tr\/index.php\/wp-json\/wp\/v2\/product"}],"about":[{"href":"https:\/\/roveyayinevi.com.tr\/index.php\/wp-json\/wp\/v2\/types\/product"}],"wp:attachment":[{"href":"https:\/\/roveyayinevi.com.tr\/index.php\/wp-json\/wp\/v2\/media?parent=697271"}],"wp:term":[{"taxonomy":"product_brand","embeddable":true,"href":"https:\/\/roveyayinevi.com.tr\/index.php\/wp-json\/wp\/v2\/product_brand?post=697271"},{"taxonomy":"product_cat","embeddable":true,"href":"https:\/\/roveyayinevi.com.tr\/index.php\/wp-json\/wp\/v2\/product_cat?post=697271"},{"taxonomy":"product_tag","embeddable":true,"href":"https:\/\/roveyayinevi.com.tr\/index.php\/wp-json\/wp\/v2\/product_tag?post=697271"}],"curies":[{"name":"wp","href":"https:\/\/api.w.org\/{rel}","templated":true}]}}