{"id":697252,"date":"2025-08-27T14:39:06","date_gmt":"2025-08-27T11:39:06","guid":{"rendered":"https:\/\/roveyayinevi.com.tr\/index.php\/urun\/dolunay-dedektifleri-yarasa-yarislari\/"},"modified":"2026-04-16T02:06:55","modified_gmt":"2026-04-15T23:06:55","slug":"dolunay-dedektifleri-yarasa-yarislari","status":"publish","type":"product","link":"https:\/\/roveyayinevi.com.tr\/index.php\/urun\/dolunay-dedektifleri-yarasa-yarislari\/","title":{"rendered":"Dolunay Dedektifleri &#8211; Yarasa Yar\u0131\u015flar\u0131"},"content":{"rendered":"<p>Onlar, be\u015f kafadar arkada\u015f. Heyecanl\u0131, enerjik, ak\u0131ll\u0131 ve merakl\u0131. Dolunay onlar\u0131n ya\u015fam\u0131na, ola\u011fan\u00fcst\u00fc bir ser\u00fcvenle girdi. Birbiri pe\u015fis\u0131ra \u00f6yle gizemli olaylar\u0131 \u00e7\u00f6zd\u00fcler ki \u015fimdi d\u00fcnyan\u0131n \u00fcnl\u00fc dedektifleri \u015fa\u015fk\u0131nl\u0131k i\u00e7inde onlar\u0131 izliyor.Herkes bilir ki hi\u00e7bir s\u0131r gizli kalmaz! Ama bu kez Dolunay Dedektifleri&#8217;nin i\u015fi \u00e7ok zor. &#8220;Nerik&#8217;in ikizi&#8221;nde, &#8220;yarasa sava\u015f\u00e7\u0131lar&#8221;\u0131n izinde, sonraki ku\u015faklara aktar\u0131lmas\u0131 gereken t\u0131ls\u0131m\u0131n gizini \u00e7\u00f6zebilecekler mi?\u0130lk be\u015f kitab\u0131 ile \u00e7ocuklar\u0131 birbirinden inan\u0131lmaz ser\u00fcvenlere s\u00fcr\u00fckleyen dedektiflik dizisinin alt\u0131nc\u0131 kitab\u0131.Be\u015f kafadar\u0131n hayal g\u00fc\u00e7leriyle g\u00f6zlem g\u00fc\u00e7leri birle\u015fince \u00e7o\u011fumuza &#8220;yok can\u0131m&#8221; dedirtecek ipu\u00e7lar\u0131ndan yola \u00e7\u0131k\u0131p \u00f6yle k\u00f6rd\u00fc\u011f\u00fcmler \u00e7\u00f6z\u00fcyorlar ki bu grubun i\u00e7inde olup o ser\u00fcvenleri ya\u015famad\u0131\u011f\u0131n\u0131za pi\u015fman oluyorsunuz.Mavisel Yener, \u00e7ocuk yaz\u0131n\u0131n\u0131n her alan\u0131nda \u00f6nemli \u00f6d\u00fcller alm\u0131\u015f bir yazar.<\/p>\n","protected":false},"excerpt":{"rendered":"<p>Onlar, be\u015f kafadar arkada\u015f. Heyecanl\u0131, enerjik, ak\u0131ll\u0131 ve merakl\u0131. Dolunay onlar\u0131n ya\u015fam\u0131na, ola\u011fan\u00fcst\u00fc bir ser\u00fcvenle girdi. Birbiri pe\u015fis\u0131ra \u00f6yle gizemli olaylar\u0131 \u00e7\u00f6zd\u00fcler ki \u015fimdi d\u00fcnyan\u0131n \u00fcnl\u00fc<span class=\"excerpt-hellip\"> [\u2026]<\/span><\/p>\n","protected":false},"featured_media":0,"template":"","meta":{"_monsterinsights_skip_tracking":false,"_monsterinsights_sitenote_active":false,"_monsterinsights_sitenote_note":"","_monsterinsights_sitenote_category":0},"product_brand":[],"product_cat":[12274,12284],"product_tag":[],"class_list":{"0":"post-697252","1":"product","2":"type-product","3":"status-publish","5":"product_cat-cocuk-ve-genclik-kitaplari","6":"product_cat-hikayeler","7":"pa_cilt-ciltsiz","8":"pa_tur-kitap","9":"pa_yayinevi-bilgi-yayinevi-cocuk","10":"pa_yazar-mavisel-yener","12":"first","13":"instock","14":"sale","15":"shipping-taxable","16":"purchasable","17":"product-type-simple"},"_links":{"self":[{"href":"https:\/\/roveyayinevi.com.tr\/index.php\/wp-json\/wp\/v2\/product\/697252","targetHints":{"allow":["GET"]}}],"collection":[{"href":"https:\/\/roveyayinevi.com.tr\/index.php\/wp-json\/wp\/v2\/product"}],"about":[{"href":"https:\/\/roveyayinevi.com.tr\/index.php\/wp-json\/wp\/v2\/types\/product"}],"wp:attachment":[{"href":"https:\/\/roveyayinevi.com.tr\/index.php\/wp-json\/wp\/v2\/media?parent=697252"}],"wp:term":[{"taxonomy":"product_brand","embeddable":true,"href":"https:\/\/roveyayinevi.com.tr\/index.php\/wp-json\/wp\/v2\/product_brand?post=697252"},{"taxonomy":"product_cat","embeddable":true,"href":"https:\/\/roveyayinevi.com.tr\/index.php\/wp-json\/wp\/v2\/product_cat?post=697252"},{"taxonomy":"product_tag","embeddable":true,"href":"https:\/\/roveyayinevi.com.tr\/index.php\/wp-json\/wp\/v2\/product_tag?post=697252"}],"curies":[{"name":"wp","href":"https:\/\/api.w.org\/{rel}","templated":true}]}}