{"id":697250,"date":"2025-08-27T14:39:06","date_gmt":"2025-08-27T11:39:06","guid":{"rendered":"https:\/\/roveyayinevi.com.tr\/index.php\/urun\/kulturumuzun-temel-kaynaklarindan-gecen-en-veciz-sozler-en-guzel-kissalar\/"},"modified":"2026-04-16T02:06:55","modified_gmt":"2026-04-15T23:06:55","slug":"kulturumuzun-temel-kaynaklarindan-gecen-en-veciz-sozler-en-guzel-kissalar","status":"publish","type":"product","link":"https:\/\/roveyayinevi.com.tr\/index.php\/urun\/kulturumuzun-temel-kaynaklarindan-gecen-en-veciz-sozler-en-guzel-kissalar\/","title":{"rendered":"K\u00fclt\u00fcr\u00fcm\u00fcz\u00fcn Temel Kaynaklar\u0131ndan Ge\u00e7en En Veciz S\u00f6zler En G\u00fczel K\u0131ssalar"},"content":{"rendered":"<p>\u0130nsanl\u0131k tarihindeki b\u00fcy\u00fck \u015fahsiyetlerin ortaya koydu\u011fu abide eserler; tarih\u00ee d\u00f6neme\u00e7lerin k\u00f6\u015fe ta\u015flar\u0131n\u0131 meydana getirirler. Bu eserler do\u011fru d\u00fc\u015f\u00fcnen akl\u0131n temsilcisi; ayn\u0131 zamanda insanl\u0131\u011f\u0131n ortak dilidir. Bu kitap, k\u00fclt\u00fcr\u00fcm\u00fcz\u00fcn temellerini olu\u015fturan b\u00fcy\u00fck \u015fahsiyetlerin abide eserlerindeki ince bir zevkin, latif bir s\u00f6yleyi\u015fin \u00fcr\u00fcnleri olan inci tanesi s\u00f6zler ve geni\u015f mana okyanusuna sahip k\u0131ssalar titizlikle ve sab\u0131rla se\u00e7ilerek haz\u0131rlanm\u0131\u015ft\u0131r. <\/p>\n","protected":false},"excerpt":{"rendered":"<p>\u0130nsanl\u0131k tarihindeki b\u00fcy\u00fck \u015fahsiyetlerin ortaya koydu\u011fu abide eserler; tarih\u00ee d\u00f6neme\u00e7lerin k\u00f6\u015fe ta\u015flar\u0131n\u0131 meydana getirirler. Bu eserler do\u011fru d\u00fc\u015f\u00fcnen akl\u0131n temsilcisi; ayn\u0131 zamanda insanl\u0131\u011f\u0131n ortak dilidir. Bu<span class=\"excerpt-hellip\"> [\u2026]<\/span><\/p>\n","protected":false},"featured_media":0,"template":"","meta":{"_monsterinsights_skip_tracking":false,"_monsterinsights_sitenote_active":false,"_monsterinsights_sitenote_note":"","_monsterinsights_sitenote_category":0},"product_brand":[],"product_cat":[16789,12718,12719],"product_tag":[],"class_list":{"0":"post-697250","1":"product","2":"type-product","3":"status-publish","5":"product_cat-diger-islam","6":"product_cat-din","7":"product_cat-islam","8":"pa_tur-kitap","9":"pa_yayinevi-bilge-kultur-sanat","10":"pa_yazar-derleme","12":"first","13":"instock","14":"sale","15":"shipping-taxable","16":"purchasable","17":"product-type-simple"},"_links":{"self":[{"href":"https:\/\/roveyayinevi.com.tr\/index.php\/wp-json\/wp\/v2\/product\/697250","targetHints":{"allow":["GET"]}}],"collection":[{"href":"https:\/\/roveyayinevi.com.tr\/index.php\/wp-json\/wp\/v2\/product"}],"about":[{"href":"https:\/\/roveyayinevi.com.tr\/index.php\/wp-json\/wp\/v2\/types\/product"}],"wp:attachment":[{"href":"https:\/\/roveyayinevi.com.tr\/index.php\/wp-json\/wp\/v2\/media?parent=697250"}],"wp:term":[{"taxonomy":"product_brand","embeddable":true,"href":"https:\/\/roveyayinevi.com.tr\/index.php\/wp-json\/wp\/v2\/product_brand?post=697250"},{"taxonomy":"product_cat","embeddable":true,"href":"https:\/\/roveyayinevi.com.tr\/index.php\/wp-json\/wp\/v2\/product_cat?post=697250"},{"taxonomy":"product_tag","embeddable":true,"href":"https:\/\/roveyayinevi.com.tr\/index.php\/wp-json\/wp\/v2\/product_tag?post=697250"}],"curies":[{"name":"wp","href":"https:\/\/api.w.org\/{rel}","templated":true}]}}