{"id":697245,"date":"2025-08-27T14:39:05","date_gmt":"2025-08-27T11:39:05","guid":{"rendered":"https:\/\/roveyayinevi.com.tr\/index.php\/urun\/tibbi-bitkiler-atlasi\/"},"modified":"2026-04-16T02:06:55","modified_gmt":"2026-04-15T23:06:55","slug":"tibbi-bitkiler-atlasi","status":"publish","type":"product","link":"https:\/\/roveyayinevi.com.tr\/index.php\/urun\/tibbi-bitkiler-atlasi\/","title":{"rendered":"T\u0131bbi Bitkiler Atlas\u0131"},"content":{"rendered":"<p>Uzman eczac\u0131 Anooshirvan Miandji bitkilerle tedavi konusunda yapt\u0131\u011f\u0131 bilimsel ara\u015ft\u0131rmalar\u0131n sonu\u00e7lar\u0131n\u0131 bu kitapta toplad\u0131. Bitkilerin kullan\u0131m alanlar\u0131n\u0131, yan etkilerini, di\u011fer bitkilerle etkile\u015fimini ve bilimsel kullan\u0131m miktarlar\u0131n\u0131 7\u2019den 70\u2019e, ilkokul mezunundan akademisyene, herkesin anlayabilece\u011fi bir dilde ve g\u00f6rsel bir tasar\u0131mla sunan kitap, alan\u0131ndaki ilk bilimsel \u00e7al\u0131\u015fma \u00f6zelli\u011fini ta\u015f\u0131yor. Bitkisel tedavi konusunda ilk bilimsel kitap 170 hastal\u0131\u011f\u0131n tedavisi Bilimsel olarak incelenip yarar\u0131 kan\u0131tlanm\u0131\u015f 100 bitki T\u00fcm bitkilerin kullan\u0131m alanlar\u0131, yan etkileri ve bilimsel kullan\u0131m miktarlar\u0131 7\u2019den 70\u2019e herkesin anlayabilece\u011fi bir dilde\u2026 <\/p>\n","protected":false},"excerpt":{"rendered":"<p>Uzman eczac\u0131 Anooshirvan Miandji bitkilerle tedavi konusunda yapt\u0131\u011f\u0131 bilimsel ara\u015ft\u0131rmalar\u0131n sonu\u00e7lar\u0131n\u0131 bu kitapta toplad\u0131. Bitkilerin kullan\u0131m alanlar\u0131n\u0131, yan etkilerini, di\u011fer bitkilerle etkile\u015fimini ve bilimsel kullan\u0131m miktarlar\u0131n\u0131<span class=\"excerpt-hellip\"> [\u2026]<\/span><\/p>\n","protected":false},"featured_media":0,"template":"","meta":{"_monsterinsights_skip_tracking":false,"_monsterinsights_sitenote_active":false,"_monsterinsights_sitenote_note":"","_monsterinsights_sitenote_category":0},"product_brand":[],"product_cat":[13397,13365],"product_tag":[],"class_list":{"0":"post-697245","1":"product","2":"type-product","3":"status-publish","5":"product_cat-alternatif-tip-sifali-bitkiler","6":"product_cat-saglik","7":"pa_cilt-ciltsiz","8":"pa_tur-kitap","9":"pa_yayinevi-bilgi-yayinevi","10":"pa_yazar-anooshirvan-m-miandji","12":"first","13":"instock","14":"sale","15":"shipping-taxable","16":"purchasable","17":"product-type-simple"},"_links":{"self":[{"href":"https:\/\/roveyayinevi.com.tr\/index.php\/wp-json\/wp\/v2\/product\/697245","targetHints":{"allow":["GET"]}}],"collection":[{"href":"https:\/\/roveyayinevi.com.tr\/index.php\/wp-json\/wp\/v2\/product"}],"about":[{"href":"https:\/\/roveyayinevi.com.tr\/index.php\/wp-json\/wp\/v2\/types\/product"}],"wp:attachment":[{"href":"https:\/\/roveyayinevi.com.tr\/index.php\/wp-json\/wp\/v2\/media?parent=697245"}],"wp:term":[{"taxonomy":"product_brand","embeddable":true,"href":"https:\/\/roveyayinevi.com.tr\/index.php\/wp-json\/wp\/v2\/product_brand?post=697245"},{"taxonomy":"product_cat","embeddable":true,"href":"https:\/\/roveyayinevi.com.tr\/index.php\/wp-json\/wp\/v2\/product_cat?post=697245"},{"taxonomy":"product_tag","embeddable":true,"href":"https:\/\/roveyayinevi.com.tr\/index.php\/wp-json\/wp\/v2\/product_tag?post=697245"}],"curies":[{"name":"wp","href":"https:\/\/api.w.org\/{rel}","templated":true}]}}