{"id":697239,"date":"2025-08-27T14:39:03","date_gmt":"2025-08-27T11:39:03","guid":{"rendered":"https:\/\/roveyayinevi.com.tr\/index.php\/urun\/sanat-ve-propaganda\/"},"modified":"2026-04-16T02:06:55","modified_gmt":"2026-04-15T23:06:55","slug":"sanat-ve-propaganda","status":"publish","type":"product","link":"https:\/\/roveyayinevi.com.tr\/index.php\/urun\/sanat-ve-propaganda\/","title":{"rendered":"Sanat ve Propaganda"},"content":{"rendered":"<p>&#8220;Sanat&#8221; ve &#8220;propaganda&#8221; s\u00f6zc\u00fcklerinin yan yana gelmesi ilk bak\u0131\u015fta \u00e7eli\u015fkili bir etki yarat\u0131yor: &#8220;Sanat&#8221;, \u00f6zg\u00fcrl\u00fc\u011f\u00fc, estetik kayg\u0131y\u0131 \u00e7a\u011fr\u0131\u015ft\u0131r\u0131rken, &#8220;propaganda&#8221;, sindirme ve yan\u0131ltma y\u00f6ntemlerini akla getiriyor. Y\u00fczy\u0131l\u0131n ba\u015f\u0131nda, &#8220;sanat ve sanat\u00e7\u0131n\u0131n toplumsal ve politik sorunlarla ili\u015fkisi&#8221;ne dair yap\u0131lan tart\u0131\u015fmalar g\u00fcn\u00fcm\u00fczde yerini ba\u015fka sorulara b\u0131rakt\u0131: Sanat ve propagandan\u0131n i\u015fbirli\u011fi, mesaj\u0131n estetik kayg\u0131y\u0131 geri plana itmesine mi neden olur? Esteti\u011fi de\u011ferlendirirken ba\u015fvurulan \u00f6l\u00e7\u00fctler ideolojik de\u011ferlerden ne kadar ayr\u0131labilir? Sanat ne zaman propagandaya d\u00f6n\u00fc\u015f\u00fcr? Politik i\u00e7erik, sanat\u0131 lekeler mi, s\u00f6n\u00fckle\u015ftirir mi, yoksa y\u00fcceltir mi?  Toby Clark, sanatsal \u00e7al\u0131\u015fmalar\u0131n da politik bir amac\u0131n\u0131n olabilece\u011finin alt\u0131n\u0131 \u00e7izerken, politik ama\u00e7lar\u0131n sanat ak\u0131mlar\u0131n\u0131 nas\u0131l kendi d\u00fc\u015f\u00fcnce sistemlerini yayma arac\u0131na d\u00f6n\u00fc\u015ft\u00fcrd\u00fcklerini g\u00f6steriyor. Modern propaganda tarihi ile kitle k\u00fclt\u00fcr\u00fc aras\u0131ndaki ba\u011flant\u0131y\u0131 mercek alt\u0131na al\u0131rken, kitle k\u00fclt\u00fcr\u00fcn\u00fc sadece otoritenin kontrol etmedi\u011fini, bu k\u00fclt\u00fcr\u00fcn ayn\u0131 zamanda radikal alt k\u00fclt\u00fcrleri de ifade edebildi\u011fini belirtiyor. Kitap i\u015fe, y\u00fczy\u0131l\u0131n ba\u015f\u0131nda ortaya \u00e7\u0131kan sanat ak\u0131mlar\u0131ndan ba\u015fl\u0131yor. Sanat ve toplumsal de\u011fi\u015fim temas\u0131n\u0131 temel alan Marksist d\u00fc\u015f\u00fcnceden yola \u00e7\u0131karak, kad\u0131nlar\u0131n politik haklar i\u00e7in verdi\u011fi m\u00fccadeleyi aktar\u0131yor. Feminist sanat\u0131n ilk \u00f6rneklerini ve avangard hareketlerle ba\u011flar\u0131n\u0131 g\u00f6zden ge\u00e7iriyor. Ard\u0131ndan Nazi Almanyas\u0131, Fa\u015fist \u0130talya ve Stalin d\u00f6nemi Sovyetler Birli\u011fi&#8217;nde devlet propagandas\u0131n\u0131n kitlelere ula\u015fmak i\u00e7in sanata ve sanat\u00e7\u0131ya nas\u0131l bakt\u0131\u011f\u0131n\u0131, sanat \u00fcr\u00fcnleriyle \u00f6rnekliyor. Yazar, asker toplamak i\u00e7in kullan\u0131lan afi\u015flerdeki g\u00f6rsel teknikleri yorumlayarak Bat\u0131 demokrasilerinde sava\u015f propagandalar\u0131n\u0131n militarist karakterine ve d\u00fc\u015fmanlar\u0131n temsil edili\u015findeki \u0131rk\u00e7\u0131l\u0131\u011fa dikkat \u00e7ekiyor. Vietnem Sava\u015f\u0131 ve AIDS ba\u011flam\u0131nda ba\u015fkald\u0131r\u0131 sanat\u0131 meselelerine de e\u011filiyor. Clark Delacroix, Goya, Kollwitz, Brecht, Picasso, Godard gibi bir\u00e7ok \u00f6nemli sanat\u00e7\u0131n\u0131n resim, afi\u015f, foto\u011fraf, film, heykel ve\/veya enstelasyonlar\u0131n\u0131n da yer ald\u0131\u011f\u0131 geni\u015f bir \u00f6rnekleme sunuyor. <\/p>\n","protected":false},"excerpt":{"rendered":"<p>&#8220;Sanat&#8221; ve &#8220;propaganda&#8221; s\u00f6zc\u00fcklerinin yan yana gelmesi ilk bak\u0131\u015fta \u00e7eli\u015fkili bir etki yarat\u0131yor: &#8220;Sanat&#8221;, \u00f6zg\u00fcrl\u00fc\u011f\u00fc, estetik kayg\u0131y\u0131 \u00e7a\u011fr\u0131\u015ft\u0131r\u0131rken, &#8220;propaganda&#8221;, sindirme ve yan\u0131ltma y\u00f6ntemlerini akla getiriyor. Y\u00fczy\u0131l\u0131n<span class=\"excerpt-hellip\"> [\u2026]<\/span><\/p>\n","protected":false},"featured_media":0,"template":"","meta":{"_monsterinsights_skip_tracking":false,"_monsterinsights_sitenote_active":false,"_monsterinsights_sitenote_note":"","_monsterinsights_sitenote_category":0},"product_brand":[],"product_cat":[12312,12304],"product_tag":[],"class_list":{"0":"post-697239","1":"product","2":"type-product","3":"status-publish","5":"product_cat-diger","6":"product_cat-tarih","7":"pa_cilt-ciltsiz","8":"pa_tur-kitap","9":"pa_yayinevi-ayrinti-yayinlari","10":"pa_yazar-toby-clark","12":"first","13":"instock","14":"sale","15":"shipping-taxable","16":"purchasable","17":"product-type-simple"},"_links":{"self":[{"href":"https:\/\/roveyayinevi.com.tr\/index.php\/wp-json\/wp\/v2\/product\/697239","targetHints":{"allow":["GET"]}}],"collection":[{"href":"https:\/\/roveyayinevi.com.tr\/index.php\/wp-json\/wp\/v2\/product"}],"about":[{"href":"https:\/\/roveyayinevi.com.tr\/index.php\/wp-json\/wp\/v2\/types\/product"}],"wp:attachment":[{"href":"https:\/\/roveyayinevi.com.tr\/index.php\/wp-json\/wp\/v2\/media?parent=697239"}],"wp:term":[{"taxonomy":"product_brand","embeddable":true,"href":"https:\/\/roveyayinevi.com.tr\/index.php\/wp-json\/wp\/v2\/product_brand?post=697239"},{"taxonomy":"product_cat","embeddable":true,"href":"https:\/\/roveyayinevi.com.tr\/index.php\/wp-json\/wp\/v2\/product_cat?post=697239"},{"taxonomy":"product_tag","embeddable":true,"href":"https:\/\/roveyayinevi.com.tr\/index.php\/wp-json\/wp\/v2\/product_tag?post=697239"}],"curies":[{"name":"wp","href":"https:\/\/api.w.org\/{rel}","templated":true}]}}