{"id":697237,"date":"2025-08-27T14:39:02","date_gmt":"2025-08-27T11:39:02","guid":{"rendered":"https:\/\/roveyayinevi.com.tr\/index.php\/urun\/denizler-altinda-20-bin-fersah-2\/"},"modified":"2026-04-16T02:06:55","modified_gmt":"2026-04-15T23:06:55","slug":"denizler-altinda-20-bin-fersah-2","status":"publish","type":"product","link":"https:\/\/roveyayinevi.com.tr\/index.php\/urun\/denizler-altinda-20-bin-fersah-2\/","title":{"rendered":"Denizler Alt\u0131nda 20 Bin Fersah"},"content":{"rendered":"<p>1866 y\u0131l\u0131nda, d\u00fcnyada s\u0131k\u00e7a deniz kazalar\u0131 ya\u015fanmaktad\u0131r. Bu kazalar\u0131n nedeninin dev bir canavar oldu\u011fundan \u015f\u00fcphelenilerek bir ara\u015ft\u0131rma gemisi haz\u0131rlan\u0131r. Gemide do\u011fabilimleri profes\u00f6r\u00fc Aronnax da vard\u0131r. Gemi dev canavarla \u00e7at\u0131\u015f\u0131r ve Aranox kendini canavar\u0131n i\u00e7inde bulur. O canavar asl\u0131nda son derece geli\u015fmi\u015f bir denizalt\u0131d\u0131r. Jules Verne\u2019in inan\u0131lmaz d\u00fc\u015f g\u00fcc\u00fcyle d\u00fcnya edebiyat\u0131na ve bilim tarihine kazand\u0131rd\u0131\u011f\u0131 denizalt\u0131 Nautilus ve Kaptan Nemo, sualt\u0131n\u0131n esrarengiz hazinelerini ve ola\u011fan\u00fcst\u00fc g\u00fczelli\u011fini ke\u015ffeden bir yolculuk yap\u0131yor. \ufffc<\/p>\n","protected":false},"excerpt":{"rendered":"<p>1866 y\u0131l\u0131nda, d\u00fcnyada s\u0131k\u00e7a deniz kazalar\u0131 ya\u015fanmaktad\u0131r. Bu kazalar\u0131n nedeninin dev bir canavar oldu\u011fundan \u015f\u00fcphelenilerek bir ara\u015ft\u0131rma gemisi haz\u0131rlan\u0131r. Gemide do\u011fabilimleri profes\u00f6r\u00fc Aronnax da vard\u0131r. Gemi<span class=\"excerpt-hellip\"> [\u2026]<\/span><\/p>\n","protected":false},"featured_media":0,"template":"","meta":{"_monsterinsights_skip_tracking":false,"_monsterinsights_sitenote_active":false,"_monsterinsights_sitenote_note":"","_monsterinsights_sitenote_category":0},"product_brand":[],"product_cat":[12274,12284],"product_tag":[],"class_list":{"0":"post-697237","1":"product","2":"type-product","3":"status-publish","5":"product_cat-cocuk-ve-genclik-kitaplari","6":"product_cat-hikayeler","7":"pa_cilt-ciltsiz","8":"pa_tur-kitap","9":"pa_yayinevi-bilgi-yayinevi-cocuk","10":"pa_yazar-jules-verne","12":"first","13":"instock","14":"sale","15":"shipping-taxable","16":"purchasable","17":"product-type-simple"},"_links":{"self":[{"href":"https:\/\/roveyayinevi.com.tr\/index.php\/wp-json\/wp\/v2\/product\/697237","targetHints":{"allow":["GET"]}}],"collection":[{"href":"https:\/\/roveyayinevi.com.tr\/index.php\/wp-json\/wp\/v2\/product"}],"about":[{"href":"https:\/\/roveyayinevi.com.tr\/index.php\/wp-json\/wp\/v2\/types\/product"}],"wp:attachment":[{"href":"https:\/\/roveyayinevi.com.tr\/index.php\/wp-json\/wp\/v2\/media?parent=697237"}],"wp:term":[{"taxonomy":"product_brand","embeddable":true,"href":"https:\/\/roveyayinevi.com.tr\/index.php\/wp-json\/wp\/v2\/product_brand?post=697237"},{"taxonomy":"product_cat","embeddable":true,"href":"https:\/\/roveyayinevi.com.tr\/index.php\/wp-json\/wp\/v2\/product_cat?post=697237"},{"taxonomy":"product_tag","embeddable":true,"href":"https:\/\/roveyayinevi.com.tr\/index.php\/wp-json\/wp\/v2\/product_tag?post=697237"}],"curies":[{"name":"wp","href":"https:\/\/api.w.org\/{rel}","templated":true}]}}